{"id":1766,"date":"2010-07-14T00:00:00","date_gmt":"2010-07-14T03:00:00","guid":{"rendered":"http:\/\/ajupe.com.uy\/web\/?post_type=product&#038;p=1766"},"modified":"2010-07-14T00:00:00","modified_gmt":"2010-07-14T03:00:00","slug":"la-promesa-de-un-sueno","status":"publish","type":"product","link":"https:\/\/ajupe.com.uy\/web\/biblioteca\/la-promesa-de-un-sueno\/","title":{"rendered":"La promesa de un sue\u00f1o"},"content":{"rendered":"<p>Para Casey, esa hermosa casa es una herencia tan inesperada como conmovedora. El gesto tard\u00edo con el cual su padre, un famoso psic\u00f3logo, quiso reconocerla finalmente como hija suya. Aunque en su primer momento Casey decide desprenderse de ella, cambia de opini\u00f3n al entrar en el hogar del hombre al que siempre admir\u00f3 en la distancia, pero al que nunca pudo conocer. Al encanto de la casa pronto se suma el hallazgo, entre los papeles de su padre, de las primeras p\u00e1ginas de un intrigante manuscrito. \u00bfSe trata de una novela? \u00bfEs el diario de una de sus pacientes? Casey est\u00e1 convencida de que describe un caso tr\u00e1gico, real y que por alg\u00fan motivo su padre quiso que cayera en sus manos.<\/p>\n","protected":false},"excerpt":{"rendered":"<p>Para Casey, esa hermosa casa es una herencia tan inesperada como conmovedora. El gesto tard\u00edo con el cual su padre, un famoso psic\u00f3logo, quiso reconocerla finalmente como hija suya. Aunque en su primer momento Casey decide desprenderse de ella, cambia de <\/p>\n","protected":false},"featured_media":1767,"template":"","meta":[],"product_brand":[277],"product_cat":[29],"product_tag":[],"class_list":{"0":"post-1766","1":"product","2":"type-product","3":"status-publish","4":"has-post-thumbnail","6":"product_brand-barbara-delinsky","7":"product_cat-novela","9":"first","10":"instock","11":"purchasable","12":"product-type-simple"},"featured_image_urls_v2":{"full":["https:\/\/ajupe.com.uy\/web\/wp-content\/uploads\/2016\/04\/p-1766-6993.jpg",360,542,false],"thumbnail":["https:\/\/ajupe.com.uy\/web\/wp-content\/uploads\/2016\/04\/p-1766-6993.jpg",150,150,true],"medium":["https:\/\/ajupe.com.uy\/web\/wp-content\/uploads\/2016\/04\/p-1766-6993.jpg",300,214,true],"medium_large":["https:\/\/ajupe.com.uy\/web\/wp-content\/uploads\/2016\/04\/p-1766-6993.jpg",360,542,false],"large":["https:\/\/ajupe.com.uy\/web\/wp-content\/uploads\/2016\/04\/p-1766-6993.jpg",360,542,false],"1536x1536":["https:\/\/ajupe.com.uy\/web\/wp-content\/uploads\/2016\/04\/p-1766-6993.jpg",360,542,false],"2048x2048":["https:\/\/ajupe.com.uy\/web\/wp-content\/uploads\/2016\/04\/p-1766-6993.jpg",360,542,false],"woocommerce_archive_thumbnail":["https:\/\/ajupe.com.uy\/web\/wp-content\/uploads\/2016\/04\/p-1766-6993-300x450.jpg",300,450,true],"woocommerce_thumbnail":["https:\/\/ajupe.com.uy\/web\/wp-content\/uploads\/2016\/04\/p-1766-6993-300x300.jpg",300,300,true],"woocommerce_single":["https:\/\/ajupe.com.uy\/web\/wp-content\/uploads\/2016\/04\/p-1766-6993-300x452.jpg",300,452,true],"woocommerce_gallery_thumbnail":["https:\/\/ajupe.com.uy\/web\/wp-content\/uploads\/2016\/04\/p-1766-6993-100x100.jpg",100,100,true]},"post_excerpt_stackable_v2":"<p>Para Casey, esa hermosa casa es una herencia tan inesperada como conmovedora. El gesto tard\u00edo con el cual su padre, un famoso psic\u00f3logo, quiso reconocerla finalmente como hija suya. Aunque en su primer momento Casey decide desprenderse de ella, cambia de <\/p>\n","category_list_v2":"","author_info_v2":{"name":"","url":""},"comments_num_v2":"0 comentarios","_links":{"self":[{"href":"https:\/\/ajupe.com.uy\/web\/wp-json\/wp\/v2\/product\/1766","targetHints":{"allow":["GET"]}}],"collection":[{"href":"https:\/\/ajupe.com.uy\/web\/wp-json\/wp\/v2\/product"}],"about":[{"href":"https:\/\/ajupe.com.uy\/web\/wp-json\/wp\/v2\/types\/product"}],"wp:featuredmedia":[{"embeddable":true,"href":"https:\/\/ajupe.com.uy\/web\/wp-json\/wp\/v2\/media\/1767"}],"wp:attachment":[{"href":"https:\/\/ajupe.com.uy\/web\/wp-json\/wp\/v2\/media?parent=1766"}],"wp:term":[{"taxonomy":"product_brand","embeddable":true,"href":"https:\/\/ajupe.com.uy\/web\/wp-json\/wp\/v2\/product_brand?post=1766"},{"taxonomy":"product_cat","embeddable":true,"href":"https:\/\/ajupe.com.uy\/web\/wp-json\/wp\/v2\/product_cat?post=1766"},{"taxonomy":"product_tag","embeddable":true,"href":"https:\/\/ajupe.com.uy\/web\/wp-json\/wp\/v2\/product_tag?post=1766"}],"curies":[{"name":"wp","href":"https:\/\/api.w.org\/{rel}","templated":true}]}}