{"id":1772,"date":"2010-07-14T00:00:00","date_gmt":"2010-07-14T03:00:00","guid":{"rendered":"http:\/\/ajupe.com.uy\/web\/?post_type=product&#038;p=1772"},"modified":"2010-07-14T00:00:00","modified_gmt":"2010-07-14T03:00:00","slug":"camara-de-gas","status":"publish","type":"product","link":"https:\/\/ajupe.com.uy\/web\/biblioteca\/camara-de-gas\/","title":{"rendered":"C\u00e1mara de gas"},"content":{"rendered":"<p>Marvin Kramer, abogado de origen jud\u00edo que dedic\u00f3 por entero sus fuerzas y sus conocimientos jur\u00eddicos a la defensa de los derechos humanos, sufri\u00f3 en 1967 un brutal atentado en su despacho. El resultado: la bomba seg\u00f3 la vida de sus dos hijos. La polic\u00eda detuvo a Sam Cayhall, conocido miembro del Ku Klux Klan, como acusado de provocar la explosi\u00f3n. Tras pasar veintid\u00f3s a\u00f1os entre rejas. Sam ha agotado todos los recursos existentes para conmutar la pena de muerte. Un joven letrado, Adam Hall, perteneciente a una importante firma, solicita trabajar en el caso para intentar librarle de la c\u00e1mara de gas. Pero \u00bfpor qu\u00e9?, \u00bfqu\u00e9 es lo que le une al reo?<\/p>\n","protected":false},"excerpt":{"rendered":"<p>Marvin Kramer, abogado de origen jud\u00edo que dedic\u00f3 por entero sus fuerzas y sus conocimientos jur\u00eddicos a la defensa de los derechos humanos, sufri\u00f3 en 1967 un brutal atentado en su despacho. El resultado: la bomba seg\u00f3 la vida de sus dos hijos. La polic\u00eda<\/p>\n","protected":false},"featured_media":1773,"template":"","meta":[],"product_brand":[77],"product_cat":[30],"product_tag":[],"class_list":{"0":"post-1772","1":"product","2":"type-product","3":"status-publish","4":"has-post-thumbnail","6":"product_brand-john-grisham","7":"product_cat-suspenso","9":"first","10":"instock","11":"purchasable","12":"product-type-simple"},"featured_image_urls_v2":{"full":["https:\/\/ajupe.com.uy\/web\/wp-content\/uploads\/2016\/04\/p-1772-6997.jpg",360,562,false],"thumbnail":["https:\/\/ajupe.com.uy\/web\/wp-content\/uploads\/2016\/04\/p-1772-6997.jpg",150,150,true],"medium":["https:\/\/ajupe.com.uy\/web\/wp-content\/uploads\/2016\/04\/p-1772-6997.jpg",300,214,true],"medium_large":["https:\/\/ajupe.com.uy\/web\/wp-content\/uploads\/2016\/04\/p-1772-6997.jpg",360,562,false],"large":["https:\/\/ajupe.com.uy\/web\/wp-content\/uploads\/2016\/04\/p-1772-6997.jpg",360,562,false],"1536x1536":["https:\/\/ajupe.com.uy\/web\/wp-content\/uploads\/2016\/04\/p-1772-6997.jpg",360,562,false],"2048x2048":["https:\/\/ajupe.com.uy\/web\/wp-content\/uploads\/2016\/04\/p-1772-6997.jpg",360,562,false],"woocommerce_archive_thumbnail":["https:\/\/ajupe.com.uy\/web\/wp-content\/uploads\/2016\/04\/p-1772-6997-300x450.jpg",300,450,true],"woocommerce_thumbnail":["https:\/\/ajupe.com.uy\/web\/wp-content\/uploads\/2016\/04\/p-1772-6997-300x300.jpg",300,300,true],"woocommerce_single":["https:\/\/ajupe.com.uy\/web\/wp-content\/uploads\/2016\/04\/p-1772-6997-300x468.jpg",300,468,true],"woocommerce_gallery_thumbnail":["https:\/\/ajupe.com.uy\/web\/wp-content\/uploads\/2016\/04\/p-1772-6997-100x100.jpg",100,100,true]},"post_excerpt_stackable_v2":"<p>Marvin Kramer, abogado de origen jud\u00edo que dedic\u00f3 por entero sus fuerzas y sus conocimientos jur\u00eddicos a la defensa de los derechos humanos, sufri\u00f3 en 1967 un brutal atentado en su despacho. El resultado: la bomba seg\u00f3 la vida de sus dos hijos. La polic\u00eda<\/p>\n","category_list_v2":"","author_info_v2":{"name":"","url":""},"comments_num_v2":"0 comentarios","_links":{"self":[{"href":"https:\/\/ajupe.com.uy\/web\/wp-json\/wp\/v2\/product\/1772","targetHints":{"allow":["GET"]}}],"collection":[{"href":"https:\/\/ajupe.com.uy\/web\/wp-json\/wp\/v2\/product"}],"about":[{"href":"https:\/\/ajupe.com.uy\/web\/wp-json\/wp\/v2\/types\/product"}],"wp:featuredmedia":[{"embeddable":true,"href":"https:\/\/ajupe.com.uy\/web\/wp-json\/wp\/v2\/media\/1773"}],"wp:attachment":[{"href":"https:\/\/ajupe.com.uy\/web\/wp-json\/wp\/v2\/media?parent=1772"}],"wp:term":[{"taxonomy":"product_brand","embeddable":true,"href":"https:\/\/ajupe.com.uy\/web\/wp-json\/wp\/v2\/product_brand?post=1772"},{"taxonomy":"product_cat","embeddable":true,"href":"https:\/\/ajupe.com.uy\/web\/wp-json\/wp\/v2\/product_cat?post=1772"},{"taxonomy":"product_tag","embeddable":true,"href":"https:\/\/ajupe.com.uy\/web\/wp-json\/wp\/v2\/product_tag?post=1772"}],"curies":[{"name":"wp","href":"https:\/\/api.w.org\/{rel}","templated":true}]}}