{"id":1774,"date":"2010-07-14T00:00:00","date_gmt":"2010-07-14T03:00:00","guid":{"rendered":"http:\/\/ajupe.com.uy\/web\/?post_type=product&#038;p=1774"},"modified":"2011-10-05T23:22:09","modified_gmt":"2011-10-06T02:22:09","slug":"decameron","status":"publish","type":"product","link":"https:\/\/ajupe.com.uy\/web\/biblioteca\/decameron\/","title":{"rendered":"Decameron"},"content":{"rendered":"<p>Narra cien cuentos a trav\u00e9s de siete j\u00f3venes mujeres de familia acomodada y tres j\u00f3venes de igual condici\u00f3n que, para huir de la peste que azot\u00f3 Florencia y Europa en 1348, se refugiaron en una villa de las afueras de la ciudad donde, durante 10 a\u00f1os (de ah\u00ed el titulo griego de la obra), excepto el viernes y el s\u00e1bado, dedicados a la oraci\u00f3n, fueron contando un cuento por persona, de un tema propuesto por uno de ellos y elegido seg\u00fan el turno que reg\u00eda durante la jornada.<\/p>\n","protected":false},"excerpt":{"rendered":"<p>En esta obra se observa una evoluci\u00f3n original por paredes autor que representa la compleja realidad del mundo, sin superestructuras y modelos expresivos tradicionales \u2013como la representaci\u00f3n aleg\u00f3rica, la transposici\u00f3n caballeresca o mitol\u00f3gica- que, seg<\/p>\n","protected":false},"featured_media":1775,"template":"","meta":[],"product_brand":[502],"product_cat":[33,31],"product_tag":[],"class_list":{"0":"post-1774","1":"product","2":"type-product","3":"status-publish","4":"has-post-thumbnail","6":"product_brand-boccacio","7":"product_cat-cuentos","8":"product_cat-historico","10":"first","11":"instock","12":"purchasable","13":"product-type-simple"},"featured_image_urls_v2":{"full":["https:\/\/ajupe.com.uy\/web\/wp-content\/uploads\/2016\/04\/p-1774-6999.jpg",358,528,false],"thumbnail":["https:\/\/ajupe.com.uy\/web\/wp-content\/uploads\/2016\/04\/p-1774-6999.jpg",150,150,true],"medium":["https:\/\/ajupe.com.uy\/web\/wp-content\/uploads\/2016\/04\/p-1774-6999.jpg",300,214,true],"medium_large":["https:\/\/ajupe.com.uy\/web\/wp-content\/uploads\/2016\/04\/p-1774-6999.jpg",358,528,false],"large":["https:\/\/ajupe.com.uy\/web\/wp-content\/uploads\/2016\/04\/p-1774-6999.jpg",358,528,false],"1536x1536":["https:\/\/ajupe.com.uy\/web\/wp-content\/uploads\/2016\/04\/p-1774-6999.jpg",358,528,false],"2048x2048":["https:\/\/ajupe.com.uy\/web\/wp-content\/uploads\/2016\/04\/p-1774-6999.jpg",358,528,false],"woocommerce_archive_thumbnail":["https:\/\/ajupe.com.uy\/web\/wp-content\/uploads\/2016\/04\/p-1774-6999-300x450.jpg",300,450,true],"woocommerce_thumbnail":["https:\/\/ajupe.com.uy\/web\/wp-content\/uploads\/2016\/04\/p-1774-6999-300x300.jpg",300,300,true],"woocommerce_single":["https:\/\/ajupe.com.uy\/web\/wp-content\/uploads\/2016\/04\/p-1774-6999-300x442.jpg",300,442,true],"woocommerce_gallery_thumbnail":["https:\/\/ajupe.com.uy\/web\/wp-content\/uploads\/2016\/04\/p-1774-6999-100x100.jpg",100,100,true]},"post_excerpt_stackable_v2":"<p>En esta obra se observa una evoluci\u00f3n original por paredes autor que representa la compleja realidad del mundo, sin superestructuras y modelos expresivos tradicionales \u2013como la representaci\u00f3n aleg\u00f3rica, la transposici\u00f3n caballeresca o mitol\u00f3gica- que, seg<\/p>\n","category_list_v2":"","author_info_v2":{"name":"","url":""},"comments_num_v2":"0 comentarios","_links":{"self":[{"href":"https:\/\/ajupe.com.uy\/web\/wp-json\/wp\/v2\/product\/1774","targetHints":{"allow":["GET"]}}],"collection":[{"href":"https:\/\/ajupe.com.uy\/web\/wp-json\/wp\/v2\/product"}],"about":[{"href":"https:\/\/ajupe.com.uy\/web\/wp-json\/wp\/v2\/types\/product"}],"wp:featuredmedia":[{"embeddable":true,"href":"https:\/\/ajupe.com.uy\/web\/wp-json\/wp\/v2\/media\/1775"}],"wp:attachment":[{"href":"https:\/\/ajupe.com.uy\/web\/wp-json\/wp\/v2\/media?parent=1774"}],"wp:term":[{"taxonomy":"product_brand","embeddable":true,"href":"https:\/\/ajupe.com.uy\/web\/wp-json\/wp\/v2\/product_brand?post=1774"},{"taxonomy":"product_cat","embeddable":true,"href":"https:\/\/ajupe.com.uy\/web\/wp-json\/wp\/v2\/product_cat?post=1774"},{"taxonomy":"product_tag","embeddable":true,"href":"https:\/\/ajupe.com.uy\/web\/wp-json\/wp\/v2\/product_tag?post=1774"}],"curies":[{"name":"wp","href":"https:\/\/api.w.org\/{rel}","templated":true}]}}