{"id":1784,"date":"2010-07-14T00:00:00","date_gmt":"2010-07-14T03:00:00","guid":{"rendered":"http:\/\/ajupe.com.uy\/web\/?post_type=product&#038;p=1784"},"modified":"2010-07-14T00:00:00","modified_gmt":"2010-07-14T03:00:00","slug":"el-espia-del-mossad","status":"publish","type":"product","link":"https:\/\/ajupe.com.uy\/web\/biblioteca\/el-espia-del-mossad\/","title":{"rendered":"El esp\u00eda del Mossad"},"content":{"rendered":"<p>El esp\u00eda del Mossad relata la apasionante vida del magnate y esp\u00eda de Israel Robert Maxwell en un esfuerzo por esclarecer las extra\u00f1as circunstancias que rodearon su muerte en aguas espa\u00f1olas en noviembre de 1991. Incluye documentos, fotos y entrevistas in\u00e9ditas con oficiales de inteligencia as\u00ed como conversaciones con familiares de Robert Maxwell que dan como resultado una profunda investigaci\u00f3n de las pistas y las contradicciones que rodearon su muerte, sin menoscabo del mantenimiento del ritmo, la agilidad y el suspenso propios de una novela de espionaje.<\/p>\n","protected":false},"excerpt":{"rendered":"<p>El esp\u00eda del Mossad relata la apasionante vida del magnate y esp\u00eda de Israel Robert Maxwell en un esfuerzo por esclarecer las extra\u00f1as circunstancias que rodearon su muerte en aguas espa\u00f1olas en noviembre de 1991. Incluye documentos, fotos y entrevistas i<\/p>\n","protected":false},"featured_media":1785,"template":"","meta":[],"product_brand":[505],"product_cat":[39],"product_tag":[],"class_list":{"0":"post-1784","1":"product","2":"type-product","3":"status-publish","4":"has-post-thumbnail","6":"product_brand-gordon-thomas-y-martin-dillon","7":"product_cat-veridico","9":"first","10":"instock","11":"purchasable","12":"product-type-simple"},"featured_image_urls_v2":{"full":["https:\/\/ajupe.com.uy\/web\/wp-content\/uploads\/2016\/04\/p-1784-7034.jpg",358,530,false],"thumbnail":["https:\/\/ajupe.com.uy\/web\/wp-content\/uploads\/2016\/04\/p-1784-7034.jpg",150,150,true],"medium":["https:\/\/ajupe.com.uy\/web\/wp-content\/uploads\/2016\/04\/p-1784-7034.jpg",300,214,true],"medium_large":["https:\/\/ajupe.com.uy\/web\/wp-content\/uploads\/2016\/04\/p-1784-7034.jpg",358,530,false],"large":["https:\/\/ajupe.com.uy\/web\/wp-content\/uploads\/2016\/04\/p-1784-7034.jpg",358,530,false],"1536x1536":["https:\/\/ajupe.com.uy\/web\/wp-content\/uploads\/2016\/04\/p-1784-7034.jpg",358,530,false],"2048x2048":["https:\/\/ajupe.com.uy\/web\/wp-content\/uploads\/2016\/04\/p-1784-7034.jpg",358,530,false],"woocommerce_archive_thumbnail":["https:\/\/ajupe.com.uy\/web\/wp-content\/uploads\/2016\/04\/p-1784-7034-300x450.jpg",300,450,true],"woocommerce_thumbnail":["https:\/\/ajupe.com.uy\/web\/wp-content\/uploads\/2016\/04\/p-1784-7034-300x300.jpg",300,300,true],"woocommerce_single":["https:\/\/ajupe.com.uy\/web\/wp-content\/uploads\/2016\/04\/p-1784-7034-300x444.jpg",300,444,true],"woocommerce_gallery_thumbnail":["https:\/\/ajupe.com.uy\/web\/wp-content\/uploads\/2016\/04\/p-1784-7034-100x100.jpg",100,100,true]},"post_excerpt_stackable_v2":"<p>El esp\u00eda del Mossad relata la apasionante vida del magnate y esp\u00eda de Israel Robert Maxwell en un esfuerzo por esclarecer las extra\u00f1as circunstancias que rodearon su muerte en aguas espa\u00f1olas en noviembre de 1991. Incluye documentos, fotos y entrevistas i<\/p>\n","category_list_v2":"","author_info_v2":{"name":"","url":""},"comments_num_v2":"0 comentarios","_links":{"self":[{"href":"https:\/\/ajupe.com.uy\/web\/wp-json\/wp\/v2\/product\/1784","targetHints":{"allow":["GET"]}}],"collection":[{"href":"https:\/\/ajupe.com.uy\/web\/wp-json\/wp\/v2\/product"}],"about":[{"href":"https:\/\/ajupe.com.uy\/web\/wp-json\/wp\/v2\/types\/product"}],"wp:featuredmedia":[{"embeddable":true,"href":"https:\/\/ajupe.com.uy\/web\/wp-json\/wp\/v2\/media\/1785"}],"wp:attachment":[{"href":"https:\/\/ajupe.com.uy\/web\/wp-json\/wp\/v2\/media?parent=1784"}],"wp:term":[{"taxonomy":"product_brand","embeddable":true,"href":"https:\/\/ajupe.com.uy\/web\/wp-json\/wp\/v2\/product_brand?post=1784"},{"taxonomy":"product_cat","embeddable":true,"href":"https:\/\/ajupe.com.uy\/web\/wp-json\/wp\/v2\/product_cat?post=1784"},{"taxonomy":"product_tag","embeddable":true,"href":"https:\/\/ajupe.com.uy\/web\/wp-json\/wp\/v2\/product_tag?post=1784"}],"curies":[{"name":"wp","href":"https:\/\/api.w.org\/{rel}","templated":true}]}}