{"id":1786,"date":"2010-07-14T00:00:00","date_gmt":"2010-07-14T03:00:00","guid":{"rendered":"http:\/\/ajupe.com.uy\/web\/?post_type=product&#038;p=1786"},"modified":"2010-07-14T00:00:00","modified_gmt":"2010-07-14T03:00:00","slug":"tiempos-de-tolerancia-tiempos-de-ira","status":"publish","type":"product","link":"https:\/\/ajupe.com.uy\/web\/biblioteca\/tiempos-de-tolerancia-tiempos-de-ira\/","title":{"rendered":"Tiempos de tolerancia, tiempos de ira"},"content":{"rendered":"<p>Maggi y Williman, acicateados por di Candia, desgranan el conocimiento de primera mano de 50 a\u00f1os de historia &#8211; mucho en un pa\u00eds joven como Uruguay &#8211; con la riqueza de las an\u00e9cdotas, pero sobre todo con una enorme coincidencia filos\u00f3fica y vital: la tolerancia. Esa que se fue disolviendo en las mismas d\u00e9cadas dram\u00e1ticas. Hasta que llegaron los a\u00f1os de la ira. Estas tres figuras de nuestro pa\u00eds hacen una triada rara, y por escasa, valiosa. Y la mirada que despliegan es imprescindible para entendernos como pa\u00eds y como actores en ese cambio de la tolerancia a la ira.<\/p>\n","protected":false},"excerpt":{"rendered":"<p>Maggi y Williman, acicateados por di Candia, desgranan el conocimiento de primera mano de 50 a\u00f1os de historia &#8211; mucho en un pa\u00eds joven como Uruguay &#8211; con la riqueza de las an\u00e9cdotas, pero sobre todo con una enorme coincidencia filos\u00f3fica y vital: la toler<\/p>\n","protected":false},"featured_media":1787,"template":"","meta":[],"product_brand":[72],"product_cat":[31],"product_tag":[],"class_list":{"0":"post-1786","1":"product","2":"type-product","3":"status-publish","4":"has-post-thumbnail","6":"product_brand-cesar-di-candia","7":"product_cat-historico","9":"first","10":"instock","11":"purchasable","12":"product-type-simple"},"featured_image_urls_v2":{"full":["https:\/\/ajupe.com.uy\/web\/wp-content\/uploads\/2016\/04\/p-1786-7035.jpg",358,484,false],"thumbnail":["https:\/\/ajupe.com.uy\/web\/wp-content\/uploads\/2016\/04\/p-1786-7035.jpg",150,150,true],"medium":["https:\/\/ajupe.com.uy\/web\/wp-content\/uploads\/2016\/04\/p-1786-7035.jpg",300,214,true],"medium_large":["https:\/\/ajupe.com.uy\/web\/wp-content\/uploads\/2016\/04\/p-1786-7035.jpg",358,484,false],"large":["https:\/\/ajupe.com.uy\/web\/wp-content\/uploads\/2016\/04\/p-1786-7035.jpg",358,484,false],"1536x1536":["https:\/\/ajupe.com.uy\/web\/wp-content\/uploads\/2016\/04\/p-1786-7035.jpg",358,484,false],"2048x2048":["https:\/\/ajupe.com.uy\/web\/wp-content\/uploads\/2016\/04\/p-1786-7035.jpg",358,484,false],"woocommerce_archive_thumbnail":["https:\/\/ajupe.com.uy\/web\/wp-content\/uploads\/2016\/04\/p-1786-7035-300x450.jpg",300,450,true],"woocommerce_thumbnail":["https:\/\/ajupe.com.uy\/web\/wp-content\/uploads\/2016\/04\/p-1786-7035-300x300.jpg",300,300,true],"woocommerce_single":["https:\/\/ajupe.com.uy\/web\/wp-content\/uploads\/2016\/04\/p-1786-7035-300x406.jpg",300,406,true],"woocommerce_gallery_thumbnail":["https:\/\/ajupe.com.uy\/web\/wp-content\/uploads\/2016\/04\/p-1786-7035-100x100.jpg",100,100,true]},"post_excerpt_stackable_v2":"<p>Maggi y Williman, acicateados por di Candia, desgranan el conocimiento de primera mano de 50 a\u00f1os de historia &#8211; mucho en un pa\u00eds joven como Uruguay &#8211; con la riqueza de las an\u00e9cdotas, pero sobre todo con una enorme coincidencia filos\u00f3fica y vital: la toler<\/p>\n","category_list_v2":"","author_info_v2":{"name":"","url":""},"comments_num_v2":"0 comentarios","_links":{"self":[{"href":"https:\/\/ajupe.com.uy\/web\/wp-json\/wp\/v2\/product\/1786","targetHints":{"allow":["GET"]}}],"collection":[{"href":"https:\/\/ajupe.com.uy\/web\/wp-json\/wp\/v2\/product"}],"about":[{"href":"https:\/\/ajupe.com.uy\/web\/wp-json\/wp\/v2\/types\/product"}],"wp:featuredmedia":[{"embeddable":true,"href":"https:\/\/ajupe.com.uy\/web\/wp-json\/wp\/v2\/media\/1787"}],"wp:attachment":[{"href":"https:\/\/ajupe.com.uy\/web\/wp-json\/wp\/v2\/media?parent=1786"}],"wp:term":[{"taxonomy":"product_brand","embeddable":true,"href":"https:\/\/ajupe.com.uy\/web\/wp-json\/wp\/v2\/product_brand?post=1786"},{"taxonomy":"product_cat","embeddable":true,"href":"https:\/\/ajupe.com.uy\/web\/wp-json\/wp\/v2\/product_cat?post=1786"},{"taxonomy":"product_tag","embeddable":true,"href":"https:\/\/ajupe.com.uy\/web\/wp-json\/wp\/v2\/product_tag?post=1786"}],"curies":[{"name":"wp","href":"https:\/\/api.w.org\/{rel}","templated":true}]}}