{"id":1834,"date":"2010-07-14T00:00:00","date_gmt":"2010-07-14T03:00:00","guid":{"rendered":"http:\/\/ajupe.com.uy\/web\/?post_type=product&#038;p=1834"},"modified":"2010-07-14T00:00:00","modified_gmt":"2010-07-14T03:00:00","slug":"las-locas-aventuras-de-yesuruguay","status":"publish","type":"product","link":"https:\/\/ajupe.com.uy\/web\/biblioteca\/las-locas-aventuras-de-yesuruguay\/","title":{"rendered":"Las locas aventuras de Yesuruguay"},"content":{"rendered":"<p>Una narraci\u00f3n de autoayuda y humor sarc\u00e1stico basada en las sorprendentes vivencias, peripecias y ense\u00f1anzas de un m\u00edtico coterr\u00e1neo, s\u00faper antih\u00e9roe que, tal vez. Todos llevemos en alg\u00fan rinconcito de nuestro coraz\u00f3n. Yesuruguay es generoso y envidioso, trabajador compulsivo pero un tanto harag\u00e1n, autoritario y a veces sumiso, quiere ser honesto pero cae frecuentemente en tentaciones, es prisionero de su imagen, adicto al sexo, formal en la vida diaria y violento en el f\u00fatbol, condena la infidelidad y ejercita el donjuanismo&#8230;.. \u00bfle parece incre\u00edble? Pues ara\u00f1e un poquito en nuestra superficie esmaltada y descubra la verdad&#8230;&#8230;..<\/p>\n","protected":false},"excerpt":{"rendered":"<p>Una narraci\u00f3n de autoayuda y humor sarc\u00e1stico basada en las sorprendentes vivencias, peripecias y ense\u00f1anzas de un m\u00edtico coterr\u00e1neo, s\u00faper antih\u00e9roe que, tal vez. Todos llevemos en alg\u00fan rinconcito de nuestro coraz\u00f3n. Yesuruguay es generoso y envidioso, <\/p>\n","protected":false},"featured_media":1835,"template":"","meta":[],"product_brand":[175],"product_cat":[32],"product_tag":[],"class_list":{"0":"post-1834","1":"product","2":"type-product","3":"status-publish","4":"has-post-thumbnail","6":"product_brand-gustavo-ekroth","7":"product_cat-autoayuda","9":"first","10":"instock","11":"purchasable","12":"product-type-simple"},"featured_image_urls_v2":{"full":["https:\/\/ajupe.com.uy\/web\/wp-content\/uploads\/2016\/04\/p-1834-7060.jpg",344,477,false],"thumbnail":["https:\/\/ajupe.com.uy\/web\/wp-content\/uploads\/2016\/04\/p-1834-7060.jpg",150,150,true],"medium":["https:\/\/ajupe.com.uy\/web\/wp-content\/uploads\/2016\/04\/p-1834-7060.jpg",300,214,true],"medium_large":["https:\/\/ajupe.com.uy\/web\/wp-content\/uploads\/2016\/04\/p-1834-7060.jpg",344,477,false],"large":["https:\/\/ajupe.com.uy\/web\/wp-content\/uploads\/2016\/04\/p-1834-7060.jpg",344,477,false],"1536x1536":["https:\/\/ajupe.com.uy\/web\/wp-content\/uploads\/2016\/04\/p-1834-7060.jpg",344,477,false],"2048x2048":["https:\/\/ajupe.com.uy\/web\/wp-content\/uploads\/2016\/04\/p-1834-7060.jpg",344,477,false],"woocommerce_archive_thumbnail":["https:\/\/ajupe.com.uy\/web\/wp-content\/uploads\/2016\/04\/p-1834-7060-300x450.jpg",300,450,true],"woocommerce_thumbnail":["https:\/\/ajupe.com.uy\/web\/wp-content\/uploads\/2016\/04\/p-1834-7060-300x300.jpg",300,300,true],"woocommerce_single":["https:\/\/ajupe.com.uy\/web\/wp-content\/uploads\/2016\/04\/p-1834-7060-300x416.jpg",300,416,true],"woocommerce_gallery_thumbnail":["https:\/\/ajupe.com.uy\/web\/wp-content\/uploads\/2016\/04\/p-1834-7060-100x100.jpg",100,100,true]},"post_excerpt_stackable_v2":"<p>Una narraci\u00f3n de autoayuda y humor sarc\u00e1stico basada en las sorprendentes vivencias, peripecias y ense\u00f1anzas de un m\u00edtico coterr\u00e1neo, s\u00faper antih\u00e9roe que, tal vez. Todos llevemos en alg\u00fan rinconcito de nuestro coraz\u00f3n. Yesuruguay es generoso y envidioso, <\/p>\n","category_list_v2":"","author_info_v2":{"name":"","url":""},"comments_num_v2":"0 comentarios","_links":{"self":[{"href":"https:\/\/ajupe.com.uy\/web\/wp-json\/wp\/v2\/product\/1834","targetHints":{"allow":["GET"]}}],"collection":[{"href":"https:\/\/ajupe.com.uy\/web\/wp-json\/wp\/v2\/product"}],"about":[{"href":"https:\/\/ajupe.com.uy\/web\/wp-json\/wp\/v2\/types\/product"}],"wp:featuredmedia":[{"embeddable":true,"href":"https:\/\/ajupe.com.uy\/web\/wp-json\/wp\/v2\/media\/1835"}],"wp:attachment":[{"href":"https:\/\/ajupe.com.uy\/web\/wp-json\/wp\/v2\/media?parent=1834"}],"wp:term":[{"taxonomy":"product_brand","embeddable":true,"href":"https:\/\/ajupe.com.uy\/web\/wp-json\/wp\/v2\/product_brand?post=1834"},{"taxonomy":"product_cat","embeddable":true,"href":"https:\/\/ajupe.com.uy\/web\/wp-json\/wp\/v2\/product_cat?post=1834"},{"taxonomy":"product_tag","embeddable":true,"href":"https:\/\/ajupe.com.uy\/web\/wp-json\/wp\/v2\/product_tag?post=1834"}],"curies":[{"name":"wp","href":"https:\/\/api.w.org\/{rel}","templated":true}]}}