{"id":1836,"date":"2010-07-14T00:00:00","date_gmt":"2010-07-14T03:00:00","guid":{"rendered":"http:\/\/ajupe.com.uy\/web\/?post_type=product&#038;p=1836"},"modified":"2010-07-14T00:00:00","modified_gmt":"2010-07-14T03:00:00","slug":"el-corredor-nocturno","status":"publish","type":"product","link":"https:\/\/ajupe.com.uy\/web\/biblioteca\/el-corredor-nocturno\/","title":{"rendered":"El Corredor Nocturno"},"content":{"rendered":"<p>El corredor nocturno es la historia de una obsesi\u00f3n: la de correr sin tregua para llegar a ninguna parte. Su protagonista, gerente de una compa\u00f1\u00eda de seguros en Montevideo, lo hace para liberarse de las tensiones de su trabajo. En la sala de espera de un aeropuerto conoce a un hombre misterioso y perturbador que se presenta como un benefactor. A partir de entonces, su vida empezar\u00e1 a deslizarse hacia un ambiguo territorio donde las certezas de lo cotidiano se desvanece y correr es in\u00fatil. Esta novela intensa, misteriosa, recrea el mito f\u00e1ustico por medio de una trama jalonada de hechos que son, al mismo tiempo, triviales y siniestros: todo depende del cristal con el que se mire, de la conciencia desde la que se los juzgue.<\/p>\n","protected":false},"excerpt":{"rendered":"<p>El corredor nocturno es la historia de una obsesi\u00f3n: la de correr sin tregua para llegar a ninguna parte. Su protagonista, gerente de una compa\u00f1\u00eda de seguros en Montevideo, lo hace para liberarse de las tensiones de su trabajo. En la sala de espera de un <\/p>\n","protected":false},"featured_media":1837,"template":"","meta":[],"product_brand":[54],"product_cat":[30],"product_tag":[],"class_list":{"0":"post-1836","1":"product","2":"type-product","3":"status-publish","4":"has-post-thumbnail","6":"product_brand-hugo-burel","7":"product_cat-suspenso","9":"first","10":"instock","11":"purchasable","12":"product-type-simple"},"featured_image_urls_v2":{"full":["https:\/\/ajupe.com.uy\/web\/wp-content\/uploads\/2016\/04\/p-1836-7063.jpg",360,608,false],"thumbnail":["https:\/\/ajupe.com.uy\/web\/wp-content\/uploads\/2016\/04\/p-1836-7063.jpg",150,150,true],"medium":["https:\/\/ajupe.com.uy\/web\/wp-content\/uploads\/2016\/04\/p-1836-7063.jpg",300,214,true],"medium_large":["https:\/\/ajupe.com.uy\/web\/wp-content\/uploads\/2016\/04\/p-1836-7063.jpg",360,608,false],"large":["https:\/\/ajupe.com.uy\/web\/wp-content\/uploads\/2016\/04\/p-1836-7063.jpg",360,608,false],"1536x1536":["https:\/\/ajupe.com.uy\/web\/wp-content\/uploads\/2016\/04\/p-1836-7063.jpg",360,608,false],"2048x2048":["https:\/\/ajupe.com.uy\/web\/wp-content\/uploads\/2016\/04\/p-1836-7063.jpg",360,608,false],"woocommerce_archive_thumbnail":["https:\/\/ajupe.com.uy\/web\/wp-content\/uploads\/2016\/04\/p-1836-7063-300x450.jpg",300,450,true],"woocommerce_thumbnail":["https:\/\/ajupe.com.uy\/web\/wp-content\/uploads\/2016\/04\/p-1836-7063-300x300.jpg",300,300,true],"woocommerce_single":["https:\/\/ajupe.com.uy\/web\/wp-content\/uploads\/2016\/04\/p-1836-7063-300x507.jpg",300,507,true],"woocommerce_gallery_thumbnail":["https:\/\/ajupe.com.uy\/web\/wp-content\/uploads\/2016\/04\/p-1836-7063-100x100.jpg",100,100,true]},"post_excerpt_stackable_v2":"<p>El corredor nocturno es la historia de una obsesi\u00f3n: la de correr sin tregua para llegar a ninguna parte. Su protagonista, gerente de una compa\u00f1\u00eda de seguros en Montevideo, lo hace para liberarse de las tensiones de su trabajo. En la sala de espera de un <\/p>\n","category_list_v2":"","author_info_v2":{"name":"","url":""},"comments_num_v2":"0 comentarios","_links":{"self":[{"href":"https:\/\/ajupe.com.uy\/web\/wp-json\/wp\/v2\/product\/1836","targetHints":{"allow":["GET"]}}],"collection":[{"href":"https:\/\/ajupe.com.uy\/web\/wp-json\/wp\/v2\/product"}],"about":[{"href":"https:\/\/ajupe.com.uy\/web\/wp-json\/wp\/v2\/types\/product"}],"wp:featuredmedia":[{"embeddable":true,"href":"https:\/\/ajupe.com.uy\/web\/wp-json\/wp\/v2\/media\/1837"}],"wp:attachment":[{"href":"https:\/\/ajupe.com.uy\/web\/wp-json\/wp\/v2\/media?parent=1836"}],"wp:term":[{"taxonomy":"product_brand","embeddable":true,"href":"https:\/\/ajupe.com.uy\/web\/wp-json\/wp\/v2\/product_brand?post=1836"},{"taxonomy":"product_cat","embeddable":true,"href":"https:\/\/ajupe.com.uy\/web\/wp-json\/wp\/v2\/product_cat?post=1836"},{"taxonomy":"product_tag","embeddable":true,"href":"https:\/\/ajupe.com.uy\/web\/wp-json\/wp\/v2\/product_tag?post=1836"}],"curies":[{"name":"wp","href":"https:\/\/api.w.org\/{rel}","templated":true}]}}