{"id":1842,"date":"2010-07-14T00:00:00","date_gmt":"2010-07-14T03:00:00","guid":{"rendered":"http:\/\/ajupe.com.uy\/web\/?post_type=product&#038;p=1842"},"modified":"2010-07-14T00:00:00","modified_gmt":"2010-07-14T03:00:00","slug":"pertenecer","status":"publish","type":"product","link":"https:\/\/ajupe.com.uy\/web\/biblioteca\/pertenecer\/","title":{"rendered":"Pertenecer"},"content":{"rendered":"<p>Un encuentro inesperado obliga a Rebecca a abandonar su exitosa vida en Edimburgo para buscar refugio en Ardlonach, la vieja y entra\u00f1able mansi\u00f3n familiar situada en la costa oeste de Escocia. Ahora convertida en hotel, la casa est\u00e1 alborotada y llena de gente, personas cuyos problemas parecen bastante m\u00e1s inmediatos que los de Rebecca. Incapaz de resistirse a un reto, \u00e9ste asume con entusiasmo ciertas tareas: animar a una amiga cuyo marido acaba de abandonarla, poner orden en un negocio algo ca\u00f3tico y, en general, responsabilizarse de que las cosas marchen bien. S\u00f3lo que en medio de tan fren\u00e9tica actividad aparece un hombre que Rebecca no acierta a clasificar, un hombre cuya fuerza tranquila no s\u00f3lo apacigua la desmedida energ\u00eda de Rebecca sino que logra convencerla de que a veces es muy agradable dejarse llevar.<\/p>\n","protected":false},"excerpt":{"rendered":"<p>Un encuentro inesperado obliga a Rebecca a abandonar su exitosa vida en Edimburgo para buscar refugio en Ardlonach, la vieja y entra\u00f1able mansi\u00f3n familiar situada en la costa oeste de Escocia. Ahora convertida en hotel, la casa est\u00e1 alborotada y llena de <\/p>\n","protected":false},"featured_media":1843,"template":"","meta":[],"product_brand":[522],"product_cat":[29],"product_tag":[],"class_list":{"0":"post-1842","1":"product","2":"type-product","3":"status-publish","4":"has-post-thumbnail","6":"product_brand-alexandra-raife","7":"product_cat-novela","9":"first","10":"instock","11":"purchasable","12":"product-type-simple"},"featured_image_urls_v2":{"full":["https:\/\/ajupe.com.uy\/web\/wp-content\/uploads\/2016\/04\/p-1842-7066.jpg",360,526,false],"thumbnail":["https:\/\/ajupe.com.uy\/web\/wp-content\/uploads\/2016\/04\/p-1842-7066.jpg",150,150,true],"medium":["https:\/\/ajupe.com.uy\/web\/wp-content\/uploads\/2016\/04\/p-1842-7066.jpg",300,214,true],"medium_large":["https:\/\/ajupe.com.uy\/web\/wp-content\/uploads\/2016\/04\/p-1842-7066.jpg",360,526,false],"large":["https:\/\/ajupe.com.uy\/web\/wp-content\/uploads\/2016\/04\/p-1842-7066.jpg",360,526,false],"1536x1536":["https:\/\/ajupe.com.uy\/web\/wp-content\/uploads\/2016\/04\/p-1842-7066.jpg",360,526,false],"2048x2048":["https:\/\/ajupe.com.uy\/web\/wp-content\/uploads\/2016\/04\/p-1842-7066.jpg",360,526,false],"woocommerce_archive_thumbnail":["https:\/\/ajupe.com.uy\/web\/wp-content\/uploads\/2016\/04\/p-1842-7066-300x450.jpg",300,450,true],"woocommerce_thumbnail":["https:\/\/ajupe.com.uy\/web\/wp-content\/uploads\/2016\/04\/p-1842-7066-300x300.jpg",300,300,true],"woocommerce_single":["https:\/\/ajupe.com.uy\/web\/wp-content\/uploads\/2016\/04\/p-1842-7066-300x438.jpg",300,438,true],"woocommerce_gallery_thumbnail":["https:\/\/ajupe.com.uy\/web\/wp-content\/uploads\/2016\/04\/p-1842-7066-100x100.jpg",100,100,true]},"post_excerpt_stackable_v2":"<p>Un encuentro inesperado obliga a Rebecca a abandonar su exitosa vida en Edimburgo para buscar refugio en Ardlonach, la vieja y entra\u00f1able mansi\u00f3n familiar situada en la costa oeste de Escocia. Ahora convertida en hotel, la casa est\u00e1 alborotada y llena de <\/p>\n","category_list_v2":"","author_info_v2":{"name":"","url":""},"comments_num_v2":"0 comentarios","_links":{"self":[{"href":"https:\/\/ajupe.com.uy\/web\/wp-json\/wp\/v2\/product\/1842","targetHints":{"allow":["GET"]}}],"collection":[{"href":"https:\/\/ajupe.com.uy\/web\/wp-json\/wp\/v2\/product"}],"about":[{"href":"https:\/\/ajupe.com.uy\/web\/wp-json\/wp\/v2\/types\/product"}],"wp:featuredmedia":[{"embeddable":true,"href":"https:\/\/ajupe.com.uy\/web\/wp-json\/wp\/v2\/media\/1843"}],"wp:attachment":[{"href":"https:\/\/ajupe.com.uy\/web\/wp-json\/wp\/v2\/media?parent=1842"}],"wp:term":[{"taxonomy":"product_brand","embeddable":true,"href":"https:\/\/ajupe.com.uy\/web\/wp-json\/wp\/v2\/product_brand?post=1842"},{"taxonomy":"product_cat","embeddable":true,"href":"https:\/\/ajupe.com.uy\/web\/wp-json\/wp\/v2\/product_cat?post=1842"},{"taxonomy":"product_tag","embeddable":true,"href":"https:\/\/ajupe.com.uy\/web\/wp-json\/wp\/v2\/product_tag?post=1842"}],"curies":[{"name":"wp","href":"https:\/\/api.w.org\/{rel}","templated":true}]}}