{"id":1846,"date":"2010-07-14T00:00:00","date_gmt":"2010-07-14T03:00:00","guid":{"rendered":"http:\/\/ajupe.com.uy\/web\/?post_type=product&#038;p=1846"},"modified":"2010-07-14T00:00:00","modified_gmt":"2010-07-14T03:00:00","slug":"alma-de-pajaro","status":"publish","type":"product","link":"https:\/\/ajupe.com.uy\/web\/biblioteca\/alma-de-pajaro\/","title":{"rendered":"Alma de P\u00e1jaro"},"content":{"rendered":"<p>In\u00e9s es una mujer de treinta y cinco a\u00f1os, separada y con una hija peque\u00f1a. Ha perdido a su madre y ha fundado una peque\u00f1a editorial junto a otros socios. A pesar de los problemas y los sufrimientos pasados, es capaz de mirar al futuro con optimismo desde que ha encontrado a Miguel, un arquitecto diez a\u00f1os menor que ella que le ha hecho descubrir el verdadero amor. Sus amigas &#8211; entre las que se encuentra Teresa, casada con un toxic\u00f3mano, o Ana que no puede tener hijos y sufre por ello &#8211; no ven con buenos ojos esa relaci\u00f3n, y la ponen sobre aviso de los riesgo que corre. In\u00e9s descubrir\u00e1 pronto que su amado Miguel no puede darle lo que ella busca, pues tiene alma de p\u00e1jaro y coraz\u00f3n aventurero. Aprender\u00e1 a lidiar, otra vez, con la perdida y la ausencia de qui\u00e9n m\u00e1s ama. Una novela sobre el amor y el desamor, las confidencias entre amigas y las diferentes actitudes frente a las relaciones.<\/p>\n","protected":false},"excerpt":{"rendered":"<p>In\u00e9s es una mujer de treinta y cinco a\u00f1os, separada y con una hija peque\u00f1a. Ha perdido a su madre y ha fundado una peque\u00f1a editorial junto a otros socios. A pesar de los problemas y los sufrimientos pasados, es capaz de mirar al futuro con optimismo desde<\/p>\n","protected":false},"featured_media":1847,"template":"","meta":[],"product_brand":[394],"product_cat":[29],"product_tag":[],"class_list":{"0":"post-1846","1":"product","2":"type-product","3":"status-publish","4":"has-post-thumbnail","6":"product_brand-margarida-rebelo-pinto","7":"product_cat-novela","9":"first","10":"instock","11":"purchasable","12":"product-type-simple"},"featured_image_urls_v2":{"full":["https:\/\/ajupe.com.uy\/web\/wp-content\/uploads\/2016\/04\/p-1846-7068.jpg",358,542,false],"thumbnail":["https:\/\/ajupe.com.uy\/web\/wp-content\/uploads\/2016\/04\/p-1846-7068.jpg",150,150,true],"medium":["https:\/\/ajupe.com.uy\/web\/wp-content\/uploads\/2016\/04\/p-1846-7068.jpg",300,214,true],"medium_large":["https:\/\/ajupe.com.uy\/web\/wp-content\/uploads\/2016\/04\/p-1846-7068.jpg",358,542,false],"large":["https:\/\/ajupe.com.uy\/web\/wp-content\/uploads\/2016\/04\/p-1846-7068.jpg",358,542,false],"1536x1536":["https:\/\/ajupe.com.uy\/web\/wp-content\/uploads\/2016\/04\/p-1846-7068.jpg",358,542,false],"2048x2048":["https:\/\/ajupe.com.uy\/web\/wp-content\/uploads\/2016\/04\/p-1846-7068.jpg",358,542,false],"woocommerce_archive_thumbnail":["https:\/\/ajupe.com.uy\/web\/wp-content\/uploads\/2016\/04\/p-1846-7068-300x450.jpg",300,450,true],"woocommerce_thumbnail":["https:\/\/ajupe.com.uy\/web\/wp-content\/uploads\/2016\/04\/p-1846-7068-300x300.jpg",300,300,true],"woocommerce_single":["https:\/\/ajupe.com.uy\/web\/wp-content\/uploads\/2016\/04\/p-1846-7068-300x454.jpg",300,454,true],"woocommerce_gallery_thumbnail":["https:\/\/ajupe.com.uy\/web\/wp-content\/uploads\/2016\/04\/p-1846-7068-100x100.jpg",100,100,true]},"post_excerpt_stackable_v2":"<p>In\u00e9s es una mujer de treinta y cinco a\u00f1os, separada y con una hija peque\u00f1a. Ha perdido a su madre y ha fundado una peque\u00f1a editorial junto a otros socios. A pesar de los problemas y los sufrimientos pasados, es capaz de mirar al futuro con optimismo desde<\/p>\n","category_list_v2":"","author_info_v2":{"name":"","url":""},"comments_num_v2":"0 comentarios","_links":{"self":[{"href":"https:\/\/ajupe.com.uy\/web\/wp-json\/wp\/v2\/product\/1846","targetHints":{"allow":["GET"]}}],"collection":[{"href":"https:\/\/ajupe.com.uy\/web\/wp-json\/wp\/v2\/product"}],"about":[{"href":"https:\/\/ajupe.com.uy\/web\/wp-json\/wp\/v2\/types\/product"}],"wp:featuredmedia":[{"embeddable":true,"href":"https:\/\/ajupe.com.uy\/web\/wp-json\/wp\/v2\/media\/1847"}],"wp:attachment":[{"href":"https:\/\/ajupe.com.uy\/web\/wp-json\/wp\/v2\/media?parent=1846"}],"wp:term":[{"taxonomy":"product_brand","embeddable":true,"href":"https:\/\/ajupe.com.uy\/web\/wp-json\/wp\/v2\/product_brand?post=1846"},{"taxonomy":"product_cat","embeddable":true,"href":"https:\/\/ajupe.com.uy\/web\/wp-json\/wp\/v2\/product_cat?post=1846"},{"taxonomy":"product_tag","embeddable":true,"href":"https:\/\/ajupe.com.uy\/web\/wp-json\/wp\/v2\/product_tag?post=1846"}],"curies":[{"name":"wp","href":"https:\/\/api.w.org\/{rel}","templated":true}]}}