{"id":1856,"date":"2010-07-14T00:00:00","date_gmt":"2010-07-14T03:00:00","guid":{"rendered":"http:\/\/ajupe.com.uy\/web\/?post_type=product&#038;p=1856"},"modified":"2010-07-14T00:00:00","modified_gmt":"2010-07-14T03:00:00","slug":"el-ultimo-coyote","status":"publish","type":"product","link":"https:\/\/ajupe.com.uy\/web\/biblioteca\/el-ultimo-coyote\/","title":{"rendered":"El \u00faltimo Coyote"},"content":{"rendered":"<p>La vida de Harry Bosh es un desastre. Su novia le ha abandonado, su casa se halla en un estado ruinoso tras haber sufrido los defectos de un terremoto, y \u00e9l est\u00e1 bebiendo demasiado. Incluso ha tenido que devolver su placa de polic\u00eda despu\u00e9s de golpear a un superior y haber sido suspendido indefinidamente de su cargo, a la espera de una valoraci\u00f3n psiqui\u00e1trica. Al principio, Bosch se resiste al m\u00e9dico asignado por la polic\u00eda de Los Angeles, pero finalmente acaba reconocido que un hecho tr\u00e1gico del pasado contin\u00faa interfiriendo en su presente. En 1961, cuando ten\u00eda once a\u00f1os, su madre, una prostituta, fue brutalmente asesinada. El caso fue repentinamente cerrado y nadie fue inculpado del crimen. Bosch decide reabrirlo buscando, si no justicia, al menos respuestas que apacig\u00fcen la inquietud que le ha embargado durante a\u00f1os.<\/p>\n","protected":false},"excerpt":{"rendered":"<p>La vida de Harry Bosh es un desastre. Su novia le ha abandonado, su casa se halla en un estado ruinoso tras haber sufrido los defectos de un terremoto, y \u00e9l est\u00e1 bebiendo demasiado. Incluso ha tenido que devolver su placa de polic\u00eda despu\u00e9s de golpear a u<\/p>\n","protected":false},"featured_media":1857,"template":"","meta":[],"product_brand":[384],"product_cat":[30],"product_tag":[],"class_list":{"0":"post-1856","1":"product","2":"type-product","3":"status-publish","4":"has-post-thumbnail","6":"product_brand-michael-connelly","7":"product_cat-suspenso","9":"first","10":"instock","11":"purchasable","12":"product-type-simple"},"featured_image_urls_v2":{"full":["https:\/\/ajupe.com.uy\/web\/wp-content\/uploads\/2016\/04\/p-1856-7073.jpg",360,550,false],"thumbnail":["https:\/\/ajupe.com.uy\/web\/wp-content\/uploads\/2016\/04\/p-1856-7073.jpg",150,150,true],"medium":["https:\/\/ajupe.com.uy\/web\/wp-content\/uploads\/2016\/04\/p-1856-7073.jpg",300,214,true],"medium_large":["https:\/\/ajupe.com.uy\/web\/wp-content\/uploads\/2016\/04\/p-1856-7073.jpg",360,550,false],"large":["https:\/\/ajupe.com.uy\/web\/wp-content\/uploads\/2016\/04\/p-1856-7073.jpg",360,550,false],"1536x1536":["https:\/\/ajupe.com.uy\/web\/wp-content\/uploads\/2016\/04\/p-1856-7073.jpg",360,550,false],"2048x2048":["https:\/\/ajupe.com.uy\/web\/wp-content\/uploads\/2016\/04\/p-1856-7073.jpg",360,550,false],"woocommerce_archive_thumbnail":["https:\/\/ajupe.com.uy\/web\/wp-content\/uploads\/2016\/04\/p-1856-7073-300x450.jpg",300,450,true],"woocommerce_thumbnail":["https:\/\/ajupe.com.uy\/web\/wp-content\/uploads\/2016\/04\/p-1856-7073-300x300.jpg",300,300,true],"woocommerce_single":["https:\/\/ajupe.com.uy\/web\/wp-content\/uploads\/2016\/04\/p-1856-7073-300x458.jpg",300,458,true],"woocommerce_gallery_thumbnail":["https:\/\/ajupe.com.uy\/web\/wp-content\/uploads\/2016\/04\/p-1856-7073-100x100.jpg",100,100,true]},"post_excerpt_stackable_v2":"<p>La vida de Harry Bosh es un desastre. Su novia le ha abandonado, su casa se halla en un estado ruinoso tras haber sufrido los defectos de un terremoto, y \u00e9l est\u00e1 bebiendo demasiado. Incluso ha tenido que devolver su placa de polic\u00eda despu\u00e9s de golpear a u<\/p>\n","category_list_v2":"","author_info_v2":{"name":"","url":""},"comments_num_v2":"0 comentarios","_links":{"self":[{"href":"https:\/\/ajupe.com.uy\/web\/wp-json\/wp\/v2\/product\/1856","targetHints":{"allow":["GET"]}}],"collection":[{"href":"https:\/\/ajupe.com.uy\/web\/wp-json\/wp\/v2\/product"}],"about":[{"href":"https:\/\/ajupe.com.uy\/web\/wp-json\/wp\/v2\/types\/product"}],"wp:featuredmedia":[{"embeddable":true,"href":"https:\/\/ajupe.com.uy\/web\/wp-json\/wp\/v2\/media\/1857"}],"wp:attachment":[{"href":"https:\/\/ajupe.com.uy\/web\/wp-json\/wp\/v2\/media?parent=1856"}],"wp:term":[{"taxonomy":"product_brand","embeddable":true,"href":"https:\/\/ajupe.com.uy\/web\/wp-json\/wp\/v2\/product_brand?post=1856"},{"taxonomy":"product_cat","embeddable":true,"href":"https:\/\/ajupe.com.uy\/web\/wp-json\/wp\/v2\/product_cat?post=1856"},{"taxonomy":"product_tag","embeddable":true,"href":"https:\/\/ajupe.com.uy\/web\/wp-json\/wp\/v2\/product_tag?post=1856"}],"curies":[{"name":"wp","href":"https:\/\/api.w.org\/{rel}","templated":true}]}}