{"id":1858,"date":"2010-07-14T00:00:00","date_gmt":"2010-07-14T03:00:00","guid":{"rendered":"http:\/\/ajupe.com.uy\/web\/?post_type=product&#038;p=1858"},"modified":"2010-07-14T00:00:00","modified_gmt":"2010-07-14T03:00:00","slug":"una-dama-a-sueldo","status":"publish","type":"product","link":"https:\/\/ajupe.com.uy\/web\/biblioteca\/una-dama-a-sueldo\/","title":{"rendered":"Una dama a sueldo"},"content":{"rendered":"<p>Arthur, conde de St. Merryn, necesita una mujer. Encontrar a la candidata perfecta resulta m\u00e1s dif\u00edcil de lo que esperaba, hasta que por fin conoce a Elenor Lodge. La joven habr\u00e1 de simular ser su prometida durante unas semanas en los c\u00edrculos de la alta sociedad, pues \u00e9l tiene asuntos que resolver y su compa\u00f1\u00eda evitar\u00e1 el habitual asedio de las casamenteras. El aspecto anodino de la muchacha no oculta su bella figura y el fuego de sus ojos. Dadas sus circunstancias personales, Elenora acepta la generosa oferta del conde. Sin embargo, algo no funciona en la tenebrosa mansi\u00f3n de Arthur, y Elenora est\u00e1 convencida de que \u00e9ste esconde un secreto&#8230;..<\/p>\n","protected":false},"excerpt":{"rendered":"<p>Arthur, conde de St. Merryn, necesita una mujer. Encontrar a la candidata perfecta resulta m\u00e1s dif\u00edcil de lo que esperaba, hasta que por fin conoce a Elenor Lodge. La joven habr\u00e1 de simular ser su prometida durante unas semanas en los c\u00edrculos de la alta <\/p>\n","protected":false},"featured_media":1859,"template":"","meta":[],"product_brand":[119],"product_cat":[29],"product_tag":[],"class_list":{"0":"post-1858","1":"product","2":"type-product","3":"status-publish","4":"has-post-thumbnail","6":"product_brand-amanda-quick","7":"product_cat-novela","9":"first","10":"instock","11":"purchasable","12":"product-type-simple"},"featured_image_urls_v2":{"full":["https:\/\/ajupe.com.uy\/web\/wp-content\/uploads\/2016\/04\/p-1858-7074.jpg",360,550,false],"thumbnail":["https:\/\/ajupe.com.uy\/web\/wp-content\/uploads\/2016\/04\/p-1858-7074.jpg",150,150,true],"medium":["https:\/\/ajupe.com.uy\/web\/wp-content\/uploads\/2016\/04\/p-1858-7074.jpg",300,214,true],"medium_large":["https:\/\/ajupe.com.uy\/web\/wp-content\/uploads\/2016\/04\/p-1858-7074.jpg",360,550,false],"large":["https:\/\/ajupe.com.uy\/web\/wp-content\/uploads\/2016\/04\/p-1858-7074.jpg",360,550,false],"1536x1536":["https:\/\/ajupe.com.uy\/web\/wp-content\/uploads\/2016\/04\/p-1858-7074.jpg",360,550,false],"2048x2048":["https:\/\/ajupe.com.uy\/web\/wp-content\/uploads\/2016\/04\/p-1858-7074.jpg",360,550,false],"woocommerce_archive_thumbnail":["https:\/\/ajupe.com.uy\/web\/wp-content\/uploads\/2016\/04\/p-1858-7074-300x450.jpg",300,450,true],"woocommerce_thumbnail":["https:\/\/ajupe.com.uy\/web\/wp-content\/uploads\/2016\/04\/p-1858-7074-300x300.jpg",300,300,true],"woocommerce_single":["https:\/\/ajupe.com.uy\/web\/wp-content\/uploads\/2016\/04\/p-1858-7074-300x458.jpg",300,458,true],"woocommerce_gallery_thumbnail":["https:\/\/ajupe.com.uy\/web\/wp-content\/uploads\/2016\/04\/p-1858-7074-100x100.jpg",100,100,true]},"post_excerpt_stackable_v2":"<p>Arthur, conde de St. Merryn, necesita una mujer. Encontrar a la candidata perfecta resulta m\u00e1s dif\u00edcil de lo que esperaba, hasta que por fin conoce a Elenor Lodge. La joven habr\u00e1 de simular ser su prometida durante unas semanas en los c\u00edrculos de la alta <\/p>\n","category_list_v2":"","author_info_v2":{"name":"","url":""},"comments_num_v2":"0 comentarios","_links":{"self":[{"href":"https:\/\/ajupe.com.uy\/web\/wp-json\/wp\/v2\/product\/1858","targetHints":{"allow":["GET"]}}],"collection":[{"href":"https:\/\/ajupe.com.uy\/web\/wp-json\/wp\/v2\/product"}],"about":[{"href":"https:\/\/ajupe.com.uy\/web\/wp-json\/wp\/v2\/types\/product"}],"wp:featuredmedia":[{"embeddable":true,"href":"https:\/\/ajupe.com.uy\/web\/wp-json\/wp\/v2\/media\/1859"}],"wp:attachment":[{"href":"https:\/\/ajupe.com.uy\/web\/wp-json\/wp\/v2\/media?parent=1858"}],"wp:term":[{"taxonomy":"product_brand","embeddable":true,"href":"https:\/\/ajupe.com.uy\/web\/wp-json\/wp\/v2\/product_brand?post=1858"},{"taxonomy":"product_cat","embeddable":true,"href":"https:\/\/ajupe.com.uy\/web\/wp-json\/wp\/v2\/product_cat?post=1858"},{"taxonomy":"product_tag","embeddable":true,"href":"https:\/\/ajupe.com.uy\/web\/wp-json\/wp\/v2\/product_tag?post=1858"}],"curies":[{"name":"wp","href":"https:\/\/api.w.org\/{rel}","templated":true}]}}