{"id":1860,"date":"2010-07-14T00:00:00","date_gmt":"2010-07-14T03:00:00","guid":{"rendered":"http:\/\/ajupe.com.uy\/web\/?post_type=product&#038;p=1860"},"modified":"2010-07-14T00:00:00","modified_gmt":"2010-07-14T03:00:00","slug":"el-resplandor","status":"publish","type":"product","link":"https:\/\/ajupe.com.uy\/web\/biblioteca\/el-resplandor\/","title":{"rendered":"El Resplandor"},"content":{"rendered":"<p>REDRUM.. Esa es la palabra que Danny hab\u00eda visto en el espejo. Y aunque no sabia leer, entendi\u00f3 que era un mensaje de horror. Danny ten\u00eda cinco a\u00f1os. Y a asa edad pocos ni\u00f1os saben que los espejos invierten las imagines y menos a\u00fan saben diferenciar entre realidad y fantas\u00eda. Pero Danny ten\u00eda pruebas de que sus fantas\u00edas relacionadas con el resplandor del espejo acabar\u00eda cumpli\u00e9ndose: REDRUM&#8230;.MURDER, asesinato. Pero su padre necesitaba aquel trabajo en el hotel. Danny sab\u00eda que su madre pensaba en el divorcio y que su padre se obsesionaba con algo muy malo, tan malo como la muerte y el suicidio. Si, su padre necesitaba aceptar la propuesta de cuidar de aquel hotel de lujo de m\u00e1s de cien habitaciones, aislado por la nieve durante seis mese. Hasta el deshielo iban a estar solos. \u00bfsolos?<\/p>\n","protected":false},"excerpt":{"rendered":"<p>REDRUM.. Esa es la palabra que Danny hab\u00eda visto en el espejo. Y aunque no sabia leer, entendi\u00f3 que era un mensaje de horror. Danny ten\u00eda cinco a\u00f1os. Y a asa edad pocos ni\u00f1os saben que los espejos invierten las imagines y menos a\u00fan saben diferenciar entre<\/p>\n","protected":false},"featured_media":1861,"template":"","meta":[],"product_brand":[115],"product_cat":[30],"product_tag":[],"class_list":{"0":"post-1860","1":"product","2":"type-product","3":"status-publish","4":"has-post-thumbnail","6":"product_brand-stephen-king","7":"product_cat-suspenso","9":"first","10":"instock","11":"purchasable","12":"product-type-simple"},"featured_image_urls_v2":{"full":["https:\/\/ajupe.com.uy\/web\/wp-content\/uploads\/2016\/04\/p-1860-7075.jpg",358,540,false],"thumbnail":["https:\/\/ajupe.com.uy\/web\/wp-content\/uploads\/2016\/04\/p-1860-7075.jpg",150,150,true],"medium":["https:\/\/ajupe.com.uy\/web\/wp-content\/uploads\/2016\/04\/p-1860-7075.jpg",300,214,true],"medium_large":["https:\/\/ajupe.com.uy\/web\/wp-content\/uploads\/2016\/04\/p-1860-7075.jpg",358,540,false],"large":["https:\/\/ajupe.com.uy\/web\/wp-content\/uploads\/2016\/04\/p-1860-7075.jpg",358,540,false],"1536x1536":["https:\/\/ajupe.com.uy\/web\/wp-content\/uploads\/2016\/04\/p-1860-7075.jpg",358,540,false],"2048x2048":["https:\/\/ajupe.com.uy\/web\/wp-content\/uploads\/2016\/04\/p-1860-7075.jpg",358,540,false],"woocommerce_archive_thumbnail":["https:\/\/ajupe.com.uy\/web\/wp-content\/uploads\/2016\/04\/p-1860-7075-300x450.jpg",300,450,true],"woocommerce_thumbnail":["https:\/\/ajupe.com.uy\/web\/wp-content\/uploads\/2016\/04\/p-1860-7075-300x300.jpg",300,300,true],"woocommerce_single":["https:\/\/ajupe.com.uy\/web\/wp-content\/uploads\/2016\/04\/p-1860-7075-300x453.jpg",300,453,true],"woocommerce_gallery_thumbnail":["https:\/\/ajupe.com.uy\/web\/wp-content\/uploads\/2016\/04\/p-1860-7075-100x100.jpg",100,100,true]},"post_excerpt_stackable_v2":"<p>REDRUM.. Esa es la palabra que Danny hab\u00eda visto en el espejo. Y aunque no sabia leer, entendi\u00f3 que era un mensaje de horror. Danny ten\u00eda cinco a\u00f1os. Y a asa edad pocos ni\u00f1os saben que los espejos invierten las imagines y menos a\u00fan saben diferenciar entre<\/p>\n","category_list_v2":"","author_info_v2":{"name":"","url":""},"comments_num_v2":"0 comentarios","_links":{"self":[{"href":"https:\/\/ajupe.com.uy\/web\/wp-json\/wp\/v2\/product\/1860","targetHints":{"allow":["GET"]}}],"collection":[{"href":"https:\/\/ajupe.com.uy\/web\/wp-json\/wp\/v2\/product"}],"about":[{"href":"https:\/\/ajupe.com.uy\/web\/wp-json\/wp\/v2\/types\/product"}],"wp:featuredmedia":[{"embeddable":true,"href":"https:\/\/ajupe.com.uy\/web\/wp-json\/wp\/v2\/media\/1861"}],"wp:attachment":[{"href":"https:\/\/ajupe.com.uy\/web\/wp-json\/wp\/v2\/media?parent=1860"}],"wp:term":[{"taxonomy":"product_brand","embeddable":true,"href":"https:\/\/ajupe.com.uy\/web\/wp-json\/wp\/v2\/product_brand?post=1860"},{"taxonomy":"product_cat","embeddable":true,"href":"https:\/\/ajupe.com.uy\/web\/wp-json\/wp\/v2\/product_cat?post=1860"},{"taxonomy":"product_tag","embeddable":true,"href":"https:\/\/ajupe.com.uy\/web\/wp-json\/wp\/v2\/product_tag?post=1860"}],"curies":[{"name":"wp","href":"https:\/\/api.w.org\/{rel}","templated":true}]}}