{"id":1862,"date":"2010-07-14T00:00:00","date_gmt":"2010-07-14T03:00:00","guid":{"rendered":"http:\/\/ajupe.com.uy\/web\/?post_type=product&#038;p=1862"},"modified":"2010-07-14T00:00:00","modified_gmt":"2010-07-14T03:00:00","slug":"el-juego-de-gerard","status":"publish","type":"product","link":"https:\/\/ajupe.com.uy\/web\/biblioteca\/el-juego-de-gerard\/","title":{"rendered":"El Juego de Gerard"},"content":{"rendered":"<p>En una caba\u00f1a aislada, desnuda y esposada a la cabecera de la cama, Jessie asiste inerme al macabro desenlace del juego er\u00f3tico de Gerald, el hombre con qui\u00e9n ha convivido durante veinte a\u00f1os y que est\u00e1 tendido en el suelo junto al lecho. Acuciada por el hambre y la sed, asediada por los fantasmas del pasado, adquiere conciencia de que la realidad es m\u00e1s pavorosa que la peor de sus pesadillas.<\/p>\n","protected":false},"excerpt":{"rendered":"<p>En una caba\u00f1a aislada, desnuda y esposada a la cabecera de la cama, Jessie asiste inerme al macabro desenlace del juego er\u00f3tico de Gerald, el hombre con qui\u00e9n ha convivido durante veinte a\u00f1os y que est\u00e1 tendido en el suelo junto al lecho. Acuciada por el <\/p>\n","protected":false},"featured_media":1863,"template":"","meta":[],"product_brand":[115],"product_cat":[30],"product_tag":[],"class_list":{"0":"post-1862","1":"product","2":"type-product","3":"status-publish","4":"has-post-thumbnail","6":"product_brand-stephen-king","7":"product_cat-suspenso","9":"first","10":"instock","11":"purchasable","12":"product-type-simple"},"featured_image_urls_v2":{"full":["https:\/\/ajupe.com.uy\/web\/wp-content\/uploads\/2016\/04\/p-1862-7076.jpg",358,550,false],"thumbnail":["https:\/\/ajupe.com.uy\/web\/wp-content\/uploads\/2016\/04\/p-1862-7076.jpg",150,150,true],"medium":["https:\/\/ajupe.com.uy\/web\/wp-content\/uploads\/2016\/04\/p-1862-7076.jpg",300,214,true],"medium_large":["https:\/\/ajupe.com.uy\/web\/wp-content\/uploads\/2016\/04\/p-1862-7076.jpg",358,550,false],"large":["https:\/\/ajupe.com.uy\/web\/wp-content\/uploads\/2016\/04\/p-1862-7076.jpg",358,550,false],"1536x1536":["https:\/\/ajupe.com.uy\/web\/wp-content\/uploads\/2016\/04\/p-1862-7076.jpg",358,550,false],"2048x2048":["https:\/\/ajupe.com.uy\/web\/wp-content\/uploads\/2016\/04\/p-1862-7076.jpg",358,550,false],"woocommerce_archive_thumbnail":["https:\/\/ajupe.com.uy\/web\/wp-content\/uploads\/2016\/04\/p-1862-7076-300x450.jpg",300,450,true],"woocommerce_thumbnail":["https:\/\/ajupe.com.uy\/web\/wp-content\/uploads\/2016\/04\/p-1862-7076-300x300.jpg",300,300,true],"woocommerce_single":["https:\/\/ajupe.com.uy\/web\/wp-content\/uploads\/2016\/04\/p-1862-7076-300x461.jpg",300,461,true],"woocommerce_gallery_thumbnail":["https:\/\/ajupe.com.uy\/web\/wp-content\/uploads\/2016\/04\/p-1862-7076-100x100.jpg",100,100,true]},"post_excerpt_stackable_v2":"<p>En una caba\u00f1a aislada, desnuda y esposada a la cabecera de la cama, Jessie asiste inerme al macabro desenlace del juego er\u00f3tico de Gerald, el hombre con qui\u00e9n ha convivido durante veinte a\u00f1os y que est\u00e1 tendido en el suelo junto al lecho. Acuciada por el <\/p>\n","category_list_v2":"","author_info_v2":{"name":"","url":""},"comments_num_v2":"0 comentarios","_links":{"self":[{"href":"https:\/\/ajupe.com.uy\/web\/wp-json\/wp\/v2\/product\/1862","targetHints":{"allow":["GET"]}}],"collection":[{"href":"https:\/\/ajupe.com.uy\/web\/wp-json\/wp\/v2\/product"}],"about":[{"href":"https:\/\/ajupe.com.uy\/web\/wp-json\/wp\/v2\/types\/product"}],"wp:featuredmedia":[{"embeddable":true,"href":"https:\/\/ajupe.com.uy\/web\/wp-json\/wp\/v2\/media\/1863"}],"wp:attachment":[{"href":"https:\/\/ajupe.com.uy\/web\/wp-json\/wp\/v2\/media?parent=1862"}],"wp:term":[{"taxonomy":"product_brand","embeddable":true,"href":"https:\/\/ajupe.com.uy\/web\/wp-json\/wp\/v2\/product_brand?post=1862"},{"taxonomy":"product_cat","embeddable":true,"href":"https:\/\/ajupe.com.uy\/web\/wp-json\/wp\/v2\/product_cat?post=1862"},{"taxonomy":"product_tag","embeddable":true,"href":"https:\/\/ajupe.com.uy\/web\/wp-json\/wp\/v2\/product_tag?post=1862"}],"curies":[{"name":"wp","href":"https:\/\/api.w.org\/{rel}","templated":true}]}}