{"id":1872,"date":"2010-07-14T00:00:00","date_gmt":"2010-07-14T03:00:00","guid":{"rendered":"http:\/\/ajupe.com.uy\/web\/?post_type=product&#038;p=1872"},"modified":"2010-07-14T00:00:00","modified_gmt":"2010-07-14T03:00:00","slug":"suit-francesa","status":"publish","type":"product","link":"https:\/\/ajupe.com.uy\/web\/biblioteca\/suit-francesa\/","title":{"rendered":"Suit Francesa"},"content":{"rendered":"<p>Inbuida de un claro componente autobiogr\u00e1fico, Suit Francesa se inicia en Par\u00eds los d\u00edas previos a la invasi\u00f3n alemana, en un clima de incertidumbre e incredulidad. Enseguida, tras las primeras bombas, miles de familias se lanzan a las carreteras en coche, en bicicleta o a pie. N\u00e9mirovsky dibuja con presi\u00f3n las escenas, unas conmovedoras y otras grotescas, que se suceden en el camino: rico burgueses angustiados, amantes abandonados&#8230;&#8230;&#8230;&#8230;.. A medida que los alemanes van tomando posesi\u00f3n del pa\u00eds, se vislumbra un desmoronamiento del orden social imperante y el nacimiento de una nueva \u00e9poca. La presencia de los invasores despertar\u00e1 odio, pero tambi\u00e9n historias de amor clandestinas y p\u00fablicas muestras de colaboracionismo.<\/p>\n","protected":false},"excerpt":{"rendered":"<p>Inbuida de un claro componente autobiogr\u00e1fico, Suit Francesa se inicia en Par\u00eds los d\u00edas previos a la invasi\u00f3n alemana, en un clima de incertidumbre e incredulidad. Enseguida, tras las primeras bombas, miles de familias se lanzan a las carreteras en coche<\/p>\n","protected":false},"featured_media":1873,"template":"","meta":[],"product_brand":[530],"product_cat":[29],"product_tag":[],"class_list":{"0":"post-1872","1":"product","2":"type-product","3":"status-publish","4":"has-post-thumbnail","6":"product_brand-irene-nemirovsky","7":"product_cat-novela","9":"first","10":"instock","11":"purchasable","12":"product-type-simple"},"featured_image_urls_v2":{"full":["https:\/\/ajupe.com.uy\/web\/wp-content\/uploads\/2016\/04\/p-1872-7081.jpg",360,550,false],"thumbnail":["https:\/\/ajupe.com.uy\/web\/wp-content\/uploads\/2016\/04\/p-1872-7081.jpg",150,150,true],"medium":["https:\/\/ajupe.com.uy\/web\/wp-content\/uploads\/2016\/04\/p-1872-7081.jpg",300,214,true],"medium_large":["https:\/\/ajupe.com.uy\/web\/wp-content\/uploads\/2016\/04\/p-1872-7081.jpg",360,550,false],"large":["https:\/\/ajupe.com.uy\/web\/wp-content\/uploads\/2016\/04\/p-1872-7081.jpg",360,550,false],"1536x1536":["https:\/\/ajupe.com.uy\/web\/wp-content\/uploads\/2016\/04\/p-1872-7081.jpg",360,550,false],"2048x2048":["https:\/\/ajupe.com.uy\/web\/wp-content\/uploads\/2016\/04\/p-1872-7081.jpg",360,550,false],"woocommerce_archive_thumbnail":["https:\/\/ajupe.com.uy\/web\/wp-content\/uploads\/2016\/04\/p-1872-7081-300x450.jpg",300,450,true],"woocommerce_thumbnail":["https:\/\/ajupe.com.uy\/web\/wp-content\/uploads\/2016\/04\/p-1872-7081-300x300.jpg",300,300,true],"woocommerce_single":["https:\/\/ajupe.com.uy\/web\/wp-content\/uploads\/2016\/04\/p-1872-7081-300x458.jpg",300,458,true],"woocommerce_gallery_thumbnail":["https:\/\/ajupe.com.uy\/web\/wp-content\/uploads\/2016\/04\/p-1872-7081-100x100.jpg",100,100,true]},"post_excerpt_stackable_v2":"<p>Inbuida de un claro componente autobiogr\u00e1fico, Suit Francesa se inicia en Par\u00eds los d\u00edas previos a la invasi\u00f3n alemana, en un clima de incertidumbre e incredulidad. Enseguida, tras las primeras bombas, miles de familias se lanzan a las carreteras en coche<\/p>\n","category_list_v2":"","author_info_v2":{"name":"","url":""},"comments_num_v2":"0 comentarios","_links":{"self":[{"href":"https:\/\/ajupe.com.uy\/web\/wp-json\/wp\/v2\/product\/1872","targetHints":{"allow":["GET"]}}],"collection":[{"href":"https:\/\/ajupe.com.uy\/web\/wp-json\/wp\/v2\/product"}],"about":[{"href":"https:\/\/ajupe.com.uy\/web\/wp-json\/wp\/v2\/types\/product"}],"wp:featuredmedia":[{"embeddable":true,"href":"https:\/\/ajupe.com.uy\/web\/wp-json\/wp\/v2\/media\/1873"}],"wp:attachment":[{"href":"https:\/\/ajupe.com.uy\/web\/wp-json\/wp\/v2\/media?parent=1872"}],"wp:term":[{"taxonomy":"product_brand","embeddable":true,"href":"https:\/\/ajupe.com.uy\/web\/wp-json\/wp\/v2\/product_brand?post=1872"},{"taxonomy":"product_cat","embeddable":true,"href":"https:\/\/ajupe.com.uy\/web\/wp-json\/wp\/v2\/product_cat?post=1872"},{"taxonomy":"product_tag","embeddable":true,"href":"https:\/\/ajupe.com.uy\/web\/wp-json\/wp\/v2\/product_tag?post=1872"}],"curies":[{"name":"wp","href":"https:\/\/api.w.org\/{rel}","templated":true}]}}