{"id":1874,"date":"2010-07-14T00:00:00","date_gmt":"2010-07-14T03:00:00","guid":{"rendered":"http:\/\/ajupe.com.uy\/web\/?post_type=product&#038;p=1874"},"modified":"2010-07-14T00:00:00","modified_gmt":"2010-07-14T03:00:00","slug":"donde-termina-el-arco-iris","status":"publish","type":"product","link":"https:\/\/ajupe.com.uy\/web\/biblioteca\/donde-termina-el-arco-iris\/","title":{"rendered":"Donde termina el arco iris"},"content":{"rendered":"<p>Rosie y Alex han forjado una amistad desde que eran unos ni\u00f1os traviesos, una amistad que dura hasta su rebelde adolescencia. Cuando empieza a disfrutar de las alegr\u00edas de las noches en la ciudad, de sentimientos y sensaciones desconocidas hasta el momento, el destino, por primera vez, decide separarlos. La familia de Alex deja Dubl\u00edn para viajar a Boston, y ser\u00e1&#8230;&#8230; para siempre. Rosi se siente terriblemente perdida sin Alex y s\u00f3lo el tiempo le har\u00e1 comprender que sus vidas deben seguir caminos muy diferentes. Cuando a\u00f1os m\u00e1s tarde Rosi decide mudarse a Boston para reencontrarse con Alex, recibe una noticia que cambiar\u00e1 definitivamente su vida.<\/p>\n","protected":false},"excerpt":{"rendered":"<p>Rosie y Alex han forjado una amistad desde que eran unos ni\u00f1os traviesos, una amistad que dura hasta su rebelde adolescencia. Cuando empieza a disfrutar de las alegr\u00edas de las noches en la ciudad, de sentimientos y sensaciones desconocidas hasta el moment<\/p>\n","protected":false},"featured_media":1875,"template":"","meta":[],"product_brand":[531],"product_cat":[29],"product_tag":[],"class_list":{"0":"post-1874","1":"product","2":"type-product","3":"status-publish","4":"has-post-thumbnail","6":"product_brand-cecelia-ahern","7":"product_cat-novela","9":"first","10":"instock","11":"purchasable","12":"product-type-simple"},"featured_image_urls_v2":{"full":["https:\/\/ajupe.com.uy\/web\/wp-content\/uploads\/2016\/04\/p-1874-7082.jpg",359,549,false],"thumbnail":["https:\/\/ajupe.com.uy\/web\/wp-content\/uploads\/2016\/04\/p-1874-7082.jpg",150,150,true],"medium":["https:\/\/ajupe.com.uy\/web\/wp-content\/uploads\/2016\/04\/p-1874-7082.jpg",300,214,true],"medium_large":["https:\/\/ajupe.com.uy\/web\/wp-content\/uploads\/2016\/04\/p-1874-7082.jpg",359,549,false],"large":["https:\/\/ajupe.com.uy\/web\/wp-content\/uploads\/2016\/04\/p-1874-7082.jpg",359,549,false],"1536x1536":["https:\/\/ajupe.com.uy\/web\/wp-content\/uploads\/2016\/04\/p-1874-7082.jpg",359,549,false],"2048x2048":["https:\/\/ajupe.com.uy\/web\/wp-content\/uploads\/2016\/04\/p-1874-7082.jpg",359,549,false],"woocommerce_archive_thumbnail":["https:\/\/ajupe.com.uy\/web\/wp-content\/uploads\/2016\/04\/p-1874-7082-300x450.jpg",300,450,true],"woocommerce_thumbnail":["https:\/\/ajupe.com.uy\/web\/wp-content\/uploads\/2016\/04\/p-1874-7082-300x300.jpg",300,300,true],"woocommerce_single":["https:\/\/ajupe.com.uy\/web\/wp-content\/uploads\/2016\/04\/p-1874-7082-300x459.jpg",300,459,true],"woocommerce_gallery_thumbnail":["https:\/\/ajupe.com.uy\/web\/wp-content\/uploads\/2016\/04\/p-1874-7082-100x100.jpg",100,100,true]},"post_excerpt_stackable_v2":"<p>Rosie y Alex han forjado una amistad desde que eran unos ni\u00f1os traviesos, una amistad que dura hasta su rebelde adolescencia. Cuando empieza a disfrutar de las alegr\u00edas de las noches en la ciudad, de sentimientos y sensaciones desconocidas hasta el moment<\/p>\n","category_list_v2":"","author_info_v2":{"name":"","url":""},"comments_num_v2":"0 comentarios","_links":{"self":[{"href":"https:\/\/ajupe.com.uy\/web\/wp-json\/wp\/v2\/product\/1874","targetHints":{"allow":["GET"]}}],"collection":[{"href":"https:\/\/ajupe.com.uy\/web\/wp-json\/wp\/v2\/product"}],"about":[{"href":"https:\/\/ajupe.com.uy\/web\/wp-json\/wp\/v2\/types\/product"}],"wp:featuredmedia":[{"embeddable":true,"href":"https:\/\/ajupe.com.uy\/web\/wp-json\/wp\/v2\/media\/1875"}],"wp:attachment":[{"href":"https:\/\/ajupe.com.uy\/web\/wp-json\/wp\/v2\/media?parent=1874"}],"wp:term":[{"taxonomy":"product_brand","embeddable":true,"href":"https:\/\/ajupe.com.uy\/web\/wp-json\/wp\/v2\/product_brand?post=1874"},{"taxonomy":"product_cat","embeddable":true,"href":"https:\/\/ajupe.com.uy\/web\/wp-json\/wp\/v2\/product_cat?post=1874"},{"taxonomy":"product_tag","embeddable":true,"href":"https:\/\/ajupe.com.uy\/web\/wp-json\/wp\/v2\/product_tag?post=1874"}],"curies":[{"name":"wp","href":"https:\/\/api.w.org\/{rel}","templated":true}]}}