{"id":1882,"date":"2010-07-14T00:00:00","date_gmt":"2010-07-14T03:00:00","guid":{"rendered":"http:\/\/ajupe.com.uy\/web\/?post_type=product&#038;p=1882"},"modified":"2011-09-22T20:11:09","modified_gmt":"2011-09-22T23:11:09","slug":"divorcio-en-buda","status":"publish","type":"product","link":"https:\/\/ajupe.com.uy\/web\/biblioteca\/divorcio-en-buda\/","title":{"rendered":"Divorcio en Buda"},"content":{"rendered":"<p>El \u00faltimo expediente llegado a la mesa de trabajo de Krist\u00f3fK\u00f6mives, juez en la Budapest de entreguerras, es el divorcio de los Greiner. Un caso m\u00e1s, excepto que el nombre de soltera de la mujer, Anna Fazekas, hace perder al magistrado su inmutable serenidad. El alegre desparpajo de la juventud, un paseo por el lago, una mirada arrebatadora: la evocaci\u00f3n de aquellos instantes fugaces son insuficientes para perturbar, despu\u00e9s de tantos a\u00f1os, el parente sosiego de su intachable vida burguesa.<\/p>\n","protected":false},"excerpt":{"rendered":"<p>El \u00faltimo expediente llegado a la mesa de trabajo de Krist\u00f3fK\u00f6mives, juez en la Budapest de entreguerras, es el divorcio de los Greiner. Un caso m\u00e1s, excepto que el nombre de soltera de la mujer, Anna Fazekas, hace perder al magistrado su inmutable sereni<\/p>\n","protected":false},"featured_media":1883,"template":"","meta":[],"product_brand":[397],"product_cat":[29],"product_tag":[],"class_list":{"0":"post-1882","1":"product","2":"type-product","3":"status-publish","4":"has-post-thumbnail","6":"product_brand-sandor-marai","7":"product_cat-novela","9":"first","10":"instock","11":"purchasable","12":"product-type-simple"},"featured_image_urls_v2":{"full":["https:\/\/ajupe.com.uy\/web\/wp-content\/uploads\/2016\/04\/p-1882-7282.jpg",312,312,false],"thumbnail":["https:\/\/ajupe.com.uy\/web\/wp-content\/uploads\/2016\/04\/p-1882-7282.jpg",150,150,true],"medium":["https:\/\/ajupe.com.uy\/web\/wp-content\/uploads\/2016\/04\/p-1882-7282.jpg",300,214,true],"medium_large":["https:\/\/ajupe.com.uy\/web\/wp-content\/uploads\/2016\/04\/p-1882-7282.jpg",312,312,false],"large":["https:\/\/ajupe.com.uy\/web\/wp-content\/uploads\/2016\/04\/p-1882-7282.jpg",312,312,false],"1536x1536":["https:\/\/ajupe.com.uy\/web\/wp-content\/uploads\/2016\/04\/p-1882-7282.jpg",312,312,false],"2048x2048":["https:\/\/ajupe.com.uy\/web\/wp-content\/uploads\/2016\/04\/p-1882-7282.jpg",312,312,false],"woocommerce_archive_thumbnail":["https:\/\/ajupe.com.uy\/web\/wp-content\/uploads\/2016\/04\/p-1882-7282-300x312.jpg",300,312,true],"woocommerce_thumbnail":["https:\/\/ajupe.com.uy\/web\/wp-content\/uploads\/2016\/04\/p-1882-7282-300x300.jpg",300,300,true],"woocommerce_single":["https:\/\/ajupe.com.uy\/web\/wp-content\/uploads\/2016\/04\/p-1882-7282-300x300.jpg",300,300,true],"woocommerce_gallery_thumbnail":["https:\/\/ajupe.com.uy\/web\/wp-content\/uploads\/2016\/04\/p-1882-7282-100x100.jpg",100,100,true]},"post_excerpt_stackable_v2":"<p>El \u00faltimo expediente llegado a la mesa de trabajo de Krist\u00f3fK\u00f6mives, juez en la Budapest de entreguerras, es el divorcio de los Greiner. Un caso m\u00e1s, excepto que el nombre de soltera de la mujer, Anna Fazekas, hace perder al magistrado su inmutable sereni<\/p>\n","category_list_v2":"","author_info_v2":{"name":"","url":""},"comments_num_v2":"0 comentarios","_links":{"self":[{"href":"https:\/\/ajupe.com.uy\/web\/wp-json\/wp\/v2\/product\/1882","targetHints":{"allow":["GET"]}}],"collection":[{"href":"https:\/\/ajupe.com.uy\/web\/wp-json\/wp\/v2\/product"}],"about":[{"href":"https:\/\/ajupe.com.uy\/web\/wp-json\/wp\/v2\/types\/product"}],"wp:featuredmedia":[{"embeddable":true,"href":"https:\/\/ajupe.com.uy\/web\/wp-json\/wp\/v2\/media\/1883"}],"wp:attachment":[{"href":"https:\/\/ajupe.com.uy\/web\/wp-json\/wp\/v2\/media?parent=1882"}],"wp:term":[{"taxonomy":"product_brand","embeddable":true,"href":"https:\/\/ajupe.com.uy\/web\/wp-json\/wp\/v2\/product_brand?post=1882"},{"taxonomy":"product_cat","embeddable":true,"href":"https:\/\/ajupe.com.uy\/web\/wp-json\/wp\/v2\/product_cat?post=1882"},{"taxonomy":"product_tag","embeddable":true,"href":"https:\/\/ajupe.com.uy\/web\/wp-json\/wp\/v2\/product_tag?post=1882"}],"curies":[{"name":"wp","href":"https:\/\/api.w.org\/{rel}","templated":true}]}}