{"id":1886,"date":"2010-07-14T00:00:00","date_gmt":"2010-07-14T03:00:00","guid":{"rendered":"http:\/\/ajupe.com.uy\/web\/?post_type=product&#038;p=1886"},"modified":"2011-09-22T20:16:02","modified_gmt":"2011-09-22T23:16:02","slug":"la-amante-de-bolzano","status":"publish","type":"product","link":"https:\/\/ajupe.com.uy\/web\/biblioteca\/la-amante-de-bolzano\/","title":{"rendered":"La amante de Bolzano"},"content":{"rendered":"<p>Dos hombres, una mujer y la huella imborrable del tiempo. La tercera obra de M\u00e1rai en abordar estos elementos universales la escribi\u00f3 en 1940, despu\u00e9s de Divorcio en Buda y La herencia de Eszter y antes de la sublime El \u00faltimo encuentro , culmina asimismo con un conmovedor duelo verbal y psicol\u00f3gico, de m\u00faltiples connotaciones, que invita a la reflexi\u00f3n. Y aunque en esta ocasi\u00f3n M\u00e1rai haya escogido un personaje hist\u00f3rico como Giacomo Casanova, el desarrollo de la narraci\u00f3n deja bien claro que, m\u00e1s all\u00e1 de su dimensi\u00f3n real, el famoso gentilhombre veneciano representa el arquetipo del aventurero intr\u00e9pido, amoral y sin escr\u00fapulos, un s\u00edmbolo del hombre que, en su af\u00e1n por encontrar la felicidad, destruye los medios para alcanzarla. Fugitivo de la justicia, Casanova se refugia en Bolzano, ciudad donde reside la \u00fanica mujer que ha amado en toda su vida. Pese a los a\u00f1os transcurridos desde que perdi\u00f3 a Francesca en un duelo con el conde de Parma, el gran seductor nunca ha podido desprenderse del anhelo de poseer a la otrora bell\u00edsima joven. Ahora, el destino pone en sus manos la gran ocasi\u00f3n de saciar su deseo insatisfecho: el conde, viejo, cansado y temeroso de perder a su mujer, que sigue enamorada de Casanova, le ofrece dinero y libertad a cambio de decepcionar a Francesca, para lo cual el c\u00ednico y superficial mujeriego deber\u00e1, en el transcurso de unas horas, realizar la actuaci\u00f3n m\u00e1s dif\u00edcil de su largo historial donjuanesco. Al caer la noche, mientras Casanova se prepara para acudir al baile de m\u00e1scaras, Francesca lo sorprende present\u00e1ndose en su aposento. Antes del alba, con el \u00fanico instrumento de un discurso sincero y apasionado, la amante ingenua despojar\u00e1 al curtido aventurero de todas sus m\u00e1scaras, oblig\u00e1ndolo a enfrentarse con el terror del vac\u00edo, la soledad y el exilio.<\/p>\n","protected":false},"excerpt":{"rendered":"<p>Dos hombres, una mujer y la huella imborrable del tiempo. La tercera obra de M\u00e1rai en abordar estos elementos universales la escribi\u00f3 en 1940, despu\u00e9s de Divorcio en Buda y La herencia de Eszter y antes de la sublime El \u00faltimo encuentro , culmina asimismo<\/p>\n","protected":false},"featured_media":1887,"template":"","meta":[],"product_brand":[397],"product_cat":[29],"product_tag":[],"class_list":{"0":"post-1886","1":"product","2":"type-product","3":"status-publish","4":"has-post-thumbnail","6":"product_brand-sandor-marai","7":"product_cat-novela","9":"first","10":"instock","11":"purchasable","12":"product-type-simple"},"featured_image_urls_v2":{"full":["https:\/\/ajupe.com.uy\/web\/wp-content\/uploads\/2016\/04\/p-1886-7284.jpg",222,357,false],"thumbnail":["https:\/\/ajupe.com.uy\/web\/wp-content\/uploads\/2016\/04\/p-1886-7284.jpg",150,150,true],"medium":["https:\/\/ajupe.com.uy\/web\/wp-content\/uploads\/2016\/04\/p-1886-7284.jpg",300,214,true],"medium_large":["https:\/\/ajupe.com.uy\/web\/wp-content\/uploads\/2016\/04\/p-1886-7284.jpg",222,357,false],"large":["https:\/\/ajupe.com.uy\/web\/wp-content\/uploads\/2016\/04\/p-1886-7284.jpg",222,357,false],"1536x1536":["https:\/\/ajupe.com.uy\/web\/wp-content\/uploads\/2016\/04\/p-1886-7284.jpg",222,357,false],"2048x2048":["https:\/\/ajupe.com.uy\/web\/wp-content\/uploads\/2016\/04\/p-1886-7284.jpg",222,357,false],"woocommerce_archive_thumbnail":["https:\/\/ajupe.com.uy\/web\/wp-content\/uploads\/2016\/04\/p-1886-7284-222x300.jpg",222,300,true],"woocommerce_thumbnail":["https:\/\/ajupe.com.uy\/web\/wp-content\/uploads\/2016\/04\/p-1886-7284-222x300.jpg",222,300,true],"woocommerce_single":["https:\/\/ajupe.com.uy\/web\/wp-content\/uploads\/2016\/04\/p-1886-7284.jpg",222,357,false],"woocommerce_gallery_thumbnail":["https:\/\/ajupe.com.uy\/web\/wp-content\/uploads\/2016\/04\/p-1886-7284-100x100.jpg",100,100,true]},"post_excerpt_stackable_v2":"<p>Dos hombres, una mujer y la huella imborrable del tiempo. La tercera obra de M\u00e1rai en abordar estos elementos universales la escribi\u00f3 en 1940, despu\u00e9s de Divorcio en Buda y La herencia de Eszter y antes de la sublime El \u00faltimo encuentro , culmina asimismo<\/p>\n","category_list_v2":"","author_info_v2":{"name":"","url":""},"comments_num_v2":"0 comentarios","_links":{"self":[{"href":"https:\/\/ajupe.com.uy\/web\/wp-json\/wp\/v2\/product\/1886","targetHints":{"allow":["GET"]}}],"collection":[{"href":"https:\/\/ajupe.com.uy\/web\/wp-json\/wp\/v2\/product"}],"about":[{"href":"https:\/\/ajupe.com.uy\/web\/wp-json\/wp\/v2\/types\/product"}],"wp:featuredmedia":[{"embeddable":true,"href":"https:\/\/ajupe.com.uy\/web\/wp-json\/wp\/v2\/media\/1887"}],"wp:attachment":[{"href":"https:\/\/ajupe.com.uy\/web\/wp-json\/wp\/v2\/media?parent=1886"}],"wp:term":[{"taxonomy":"product_brand","embeddable":true,"href":"https:\/\/ajupe.com.uy\/web\/wp-json\/wp\/v2\/product_brand?post=1886"},{"taxonomy":"product_cat","embeddable":true,"href":"https:\/\/ajupe.com.uy\/web\/wp-json\/wp\/v2\/product_cat?post=1886"},{"taxonomy":"product_tag","embeddable":true,"href":"https:\/\/ajupe.com.uy\/web\/wp-json\/wp\/v2\/product_tag?post=1886"}],"curies":[{"name":"wp","href":"https:\/\/api.w.org\/{rel}","templated":true}]}}