{"id":1888,"date":"2010-07-14T00:00:00","date_gmt":"2010-07-14T03:00:00","guid":{"rendered":"http:\/\/ajupe.com.uy\/web\/?post_type=product&#038;p=1888"},"modified":"2011-09-22T20:17:10","modified_gmt":"2011-09-22T23:17:10","slug":"con-derecho-a-cocina","status":"publish","type":"product","link":"https:\/\/ajupe.com.uy\/web\/biblioteca\/con-derecho-a-cocina\/","title":{"rendered":"Con derecho a cocina"},"content":{"rendered":"<p>Siendo a\u00fan ni\u00f1a, cuando viv\u00eda en el Bronx, Mary Higgins Clark sab\u00eda que su destino era ser escritora. EI don de contar historias le ven\u00eda de su herencia irlandesa, lo que le permiti\u00f3 desarrollar su naturaleza inquisitiva y construir historias a partir de las cosas y la gente que observaba. Tras la muerte de su padre, y en plena depresi\u00f3n econ\u00f3mica, su madre decidi\u00f3 abrir su casa a hu\u00e9spedes, colocando un cartel en la puerta rezaba habitaciones amuebladas, derecho a cocina.<\/p>\n","protected":false},"excerpt":{"rendered":"<p>Siendo a\u00fan ni\u00f1a, cuando viv\u00eda en el Bronx, Mary Higgins Clark sab\u00eda que su destino era ser escritora. EI don de contar historias le ven\u00eda de su herencia irlandesa, lo que le permiti\u00f3 desarrollar su naturaleza inquisitiva y construir historias a partir de<\/p>\n","protected":false},"featured_media":1889,"template":"","meta":[],"product_brand":[52],"product_cat":[44],"product_tag":[],"class_list":{"0":"post-1888","1":"product","2":"type-product","3":"status-publish","4":"has-post-thumbnail","6":"product_brand-mary-higgins-clark","7":"product_cat-biografico","9":"first","10":"instock","11":"purchasable","12":"product-type-simple"},"featured_image_urls_v2":{"full":["https:\/\/ajupe.com.uy\/web\/wp-content\/uploads\/2016\/04\/p-1888-7285.jpg",120,183,false],"thumbnail":["https:\/\/ajupe.com.uy\/web\/wp-content\/uploads\/2016\/04\/p-1888-7285.jpg",150,150,true],"medium":["https:\/\/ajupe.com.uy\/web\/wp-content\/uploads\/2016\/04\/p-1888-7285.jpg",300,214,true],"medium_large":["https:\/\/ajupe.com.uy\/web\/wp-content\/uploads\/2016\/04\/p-1888-7285.jpg",120,183,false],"large":["https:\/\/ajupe.com.uy\/web\/wp-content\/uploads\/2016\/04\/p-1888-7285.jpg",120,183,false],"1536x1536":["https:\/\/ajupe.com.uy\/web\/wp-content\/uploads\/2016\/04\/p-1888-7285.jpg",120,183,false],"2048x2048":["https:\/\/ajupe.com.uy\/web\/wp-content\/uploads\/2016\/04\/p-1888-7285.jpg",120,183,false],"woocommerce_archive_thumbnail":["https:\/\/ajupe.com.uy\/web\/wp-content\/uploads\/2016\/04\/p-1888-7285.jpg",120,183,false],"woocommerce_thumbnail":["https:\/\/ajupe.com.uy\/web\/wp-content\/uploads\/2016\/04\/p-1888-7285.jpg",120,183,false],"woocommerce_single":["https:\/\/ajupe.com.uy\/web\/wp-content\/uploads\/2016\/04\/p-1888-7285.jpg",120,183,false],"woocommerce_gallery_thumbnail":["https:\/\/ajupe.com.uy\/web\/wp-content\/uploads\/2016\/04\/p-1888-7285-100x100.jpg",100,100,true]},"post_excerpt_stackable_v2":"<p>Siendo a\u00fan ni\u00f1a, cuando viv\u00eda en el Bronx, Mary Higgins Clark sab\u00eda que su destino era ser escritora. EI don de contar historias le ven\u00eda de su herencia irlandesa, lo que le permiti\u00f3 desarrollar su naturaleza inquisitiva y construir historias a partir de<\/p>\n","category_list_v2":"","author_info_v2":{"name":"","url":""},"comments_num_v2":"0 comentarios","_links":{"self":[{"href":"https:\/\/ajupe.com.uy\/web\/wp-json\/wp\/v2\/product\/1888","targetHints":{"allow":["GET"]}}],"collection":[{"href":"https:\/\/ajupe.com.uy\/web\/wp-json\/wp\/v2\/product"}],"about":[{"href":"https:\/\/ajupe.com.uy\/web\/wp-json\/wp\/v2\/types\/product"}],"wp:featuredmedia":[{"embeddable":true,"href":"https:\/\/ajupe.com.uy\/web\/wp-json\/wp\/v2\/media\/1889"}],"wp:attachment":[{"href":"https:\/\/ajupe.com.uy\/web\/wp-json\/wp\/v2\/media?parent=1888"}],"wp:term":[{"taxonomy":"product_brand","embeddable":true,"href":"https:\/\/ajupe.com.uy\/web\/wp-json\/wp\/v2\/product_brand?post=1888"},{"taxonomy":"product_cat","embeddable":true,"href":"https:\/\/ajupe.com.uy\/web\/wp-json\/wp\/v2\/product_cat?post=1888"},{"taxonomy":"product_tag","embeddable":true,"href":"https:\/\/ajupe.com.uy\/web\/wp-json\/wp\/v2\/product_tag?post=1888"}],"curies":[{"name":"wp","href":"https:\/\/api.w.org\/{rel}","templated":true}]}}