{"id":1894,"date":"2010-07-14T00:00:00","date_gmt":"2010-07-14T03:00:00","guid":{"rendered":"http:\/\/ajupe.com.uy\/web\/?post_type=product&#038;p=1894"},"modified":"2011-09-22T20:21:19","modified_gmt":"2011-09-22T23:21:19","slug":"la-fiesta-de-la-vida","status":"publish","type":"product","link":"https:\/\/ajupe.com.uy\/web\/biblioteca\/la-fiesta-de-la-vida\/","title":{"rendered":"La fiesta de la vida"},"content":{"rendered":"<p>Escrib\u00ed este libro en la India, tratando de mantener mi coraz\u00f3n abierto a la presencia inspiradora de Babaji y de Yogananda. Con palabras sencillas, y en p\u00e1ginas cortas de ofrezco sugerencias que pueden ayudarte a disfrutar un poco m\u00e1s tu vida. Te lo mereces. Gabriela, con dibujos muy bien logrados, te har\u00e1 m\u00e1s agradable la lectura. Y en la medida en que tengas \u00e9xito es la humanidad que se sentir\u00e1 animada con tu logro. La tierra misma se sofoca si la humanidad est\u00e1 enferma. En cambio ella, con todos los niveles de vida que sostiene maternalmente, sentir\u00e1 un profundo alivio en la medida que logremos alcanzar una vida m\u00e1s equilibrada. Mientras terminas la lectura de este libro, si quieres avanzar un poco m\u00e1s en la direcci\u00f3n propuesta me puedes visitar en la p\u00e1gina web www.fernandomirza.com.<\/p>\n","protected":false},"excerpt":{"rendered":"<p>Escrib\u00ed este libro en la India, tratando de mantener mi coraz\u00f3n abierto a la presencia inspiradora de Babaji y de Yogananda. Con palabras sencillas, y en p\u00e1ginas cortas de ofrezco sugerencias que pueden ayudarte a disfrutar un poco m\u00e1s tu vida. Te lo mere<\/p>\n","protected":false},"featured_media":1895,"template":"","meta":[],"product_brand":[651],"product_cat":[32],"product_tag":[],"class_list":{"0":"post-1894","1":"product","2":"type-product","3":"status-publish","4":"has-post-thumbnail","6":"product_brand-fernando-mirza-gabriela-mirza","7":"product_cat-autoayuda","9":"first","10":"instock","11":"purchasable","12":"product-type-simple"},"featured_image_urls_v2":{"full":["https:\/\/ajupe.com.uy\/web\/wp-content\/uploads\/2016\/04\/p-1894-7288.jpg",200,280,false],"thumbnail":["https:\/\/ajupe.com.uy\/web\/wp-content\/uploads\/2016\/04\/p-1894-7288.jpg",150,150,true],"medium":["https:\/\/ajupe.com.uy\/web\/wp-content\/uploads\/2016\/04\/p-1894-7288.jpg",300,214,true],"medium_large":["https:\/\/ajupe.com.uy\/web\/wp-content\/uploads\/2016\/04\/p-1894-7288.jpg",200,280,false],"large":["https:\/\/ajupe.com.uy\/web\/wp-content\/uploads\/2016\/04\/p-1894-7288.jpg",200,280,false],"1536x1536":["https:\/\/ajupe.com.uy\/web\/wp-content\/uploads\/2016\/04\/p-1894-7288.jpg",200,280,false],"2048x2048":["https:\/\/ajupe.com.uy\/web\/wp-content\/uploads\/2016\/04\/p-1894-7288.jpg",200,280,false],"woocommerce_archive_thumbnail":["https:\/\/ajupe.com.uy\/web\/wp-content\/uploads\/2016\/04\/p-1894-7288.jpg",200,280,false],"woocommerce_thumbnail":["https:\/\/ajupe.com.uy\/web\/wp-content\/uploads\/2016\/04\/p-1894-7288.jpg",200,280,false],"woocommerce_single":["https:\/\/ajupe.com.uy\/web\/wp-content\/uploads\/2016\/04\/p-1894-7288.jpg",200,280,false],"woocommerce_gallery_thumbnail":["https:\/\/ajupe.com.uy\/web\/wp-content\/uploads\/2016\/04\/p-1894-7288-100x100.jpg",100,100,true]},"post_excerpt_stackable_v2":"<p>Escrib\u00ed este libro en la India, tratando de mantener mi coraz\u00f3n abierto a la presencia inspiradora de Babaji y de Yogananda. Con palabras sencillas, y en p\u00e1ginas cortas de ofrezco sugerencias que pueden ayudarte a disfrutar un poco m\u00e1s tu vida. Te lo mere<\/p>\n","category_list_v2":"","author_info_v2":{"name":"","url":""},"comments_num_v2":"0 comentarios","_links":{"self":[{"href":"https:\/\/ajupe.com.uy\/web\/wp-json\/wp\/v2\/product\/1894","targetHints":{"allow":["GET"]}}],"collection":[{"href":"https:\/\/ajupe.com.uy\/web\/wp-json\/wp\/v2\/product"}],"about":[{"href":"https:\/\/ajupe.com.uy\/web\/wp-json\/wp\/v2\/types\/product"}],"wp:featuredmedia":[{"embeddable":true,"href":"https:\/\/ajupe.com.uy\/web\/wp-json\/wp\/v2\/media\/1895"}],"wp:attachment":[{"href":"https:\/\/ajupe.com.uy\/web\/wp-json\/wp\/v2\/media?parent=1894"}],"wp:term":[{"taxonomy":"product_brand","embeddable":true,"href":"https:\/\/ajupe.com.uy\/web\/wp-json\/wp\/v2\/product_brand?post=1894"},{"taxonomy":"product_cat","embeddable":true,"href":"https:\/\/ajupe.com.uy\/web\/wp-json\/wp\/v2\/product_cat?post=1894"},{"taxonomy":"product_tag","embeddable":true,"href":"https:\/\/ajupe.com.uy\/web\/wp-json\/wp\/v2\/product_tag?post=1894"}],"curies":[{"name":"wp","href":"https:\/\/api.w.org\/{rel}","templated":true}]}}