{"id":1896,"date":"2010-07-14T00:00:00","date_gmt":"2010-07-14T03:00:00","guid":{"rendered":"http:\/\/ajupe.com.uy\/web\/?post_type=product&#038;p=1896"},"modified":"2011-09-22T20:24:29","modified_gmt":"2011-09-22T23:24:29","slug":"cuando-sopla-el-hamsin","status":"publish","type":"product","link":"https:\/\/ajupe.com.uy\/web\/biblioteca\/cuando-sopla-el-hamsin\/","title":{"rendered":"Cuando Sopla El Hamsin"},"content":{"rendered":"<p>Isset, una hermosa muchacha descendiente de una reputada familia de m\u00e9dicos, luchar\u00e1 desde muy joven por alcanzar su negado y gran sue\u00f1o: convertirse en sanadora. Se formar\u00e1 como la m\u00e1s prestigiosa profesional de su tiempo y conocer\u00e1 a la faraonaNitocris, a la que ayudar\u00e1 a desvelar -en una atm\u00f3sfera de intriga, celos y asesinatos- qui\u00e9n est\u00e1 detr\u00e1s de las conjuras que acechan cada rinc\u00f3n del Imperio y que tienen como objetivo destronar primero y matar, despu\u00e9s a la faraona.Esta vibrante novela captura el perfume de la maravillosa ciudad de Menfis, del legendario Nilo, del cautivador Egipto y nos permite conocer los c\u00f3digos secretos, la gloriosa \u00e9poca de Pepi II o el herm\u00e9tico sistema de cofrad\u00edas.<\/p>\n","protected":false},"excerpt":{"rendered":"<p>Isset, una hermosa muchacha descendiente de una reputada familia de m\u00e9dicos, luchar\u00e1 desde muy joven por alcanzar su negado y gran sue\u00f1o: convertirse en sanadora. Se formar\u00e1 como la m\u00e1s prestigiosa profesional de su tiempo y conocer\u00e1 a la faraonaNitocris,<\/p>\n","protected":false},"featured_media":1897,"template":"","meta":[],"product_brand":[292],"product_cat":[29],"product_tag":[],"class_list":{"0":"post-1896","1":"product","2":"type-product","3":"status-publish","4":"has-post-thumbnail","6":"product_brand-mercedes-vigil","7":"product_cat-novela","9":"first","10":"instock","11":"purchasable","12":"product-type-simple"},"featured_image_urls_v2":{"full":["https:\/\/ajupe.com.uy\/web\/wp-content\/uploads\/2016\/04\/p-1896-7290.jpg",144,216,false],"thumbnail":["https:\/\/ajupe.com.uy\/web\/wp-content\/uploads\/2016\/04\/p-1896-7290.jpg",150,150,true],"medium":["https:\/\/ajupe.com.uy\/web\/wp-content\/uploads\/2016\/04\/p-1896-7290.jpg",300,214,true],"medium_large":["https:\/\/ajupe.com.uy\/web\/wp-content\/uploads\/2016\/04\/p-1896-7290.jpg",144,216,false],"large":["https:\/\/ajupe.com.uy\/web\/wp-content\/uploads\/2016\/04\/p-1896-7290.jpg",144,216,false],"1536x1536":["https:\/\/ajupe.com.uy\/web\/wp-content\/uploads\/2016\/04\/p-1896-7290.jpg",144,216,false],"2048x2048":["https:\/\/ajupe.com.uy\/web\/wp-content\/uploads\/2016\/04\/p-1896-7290.jpg",144,216,false],"woocommerce_archive_thumbnail":["https:\/\/ajupe.com.uy\/web\/wp-content\/uploads\/2016\/04\/p-1896-7290.jpg",144,216,false],"woocommerce_thumbnail":["https:\/\/ajupe.com.uy\/web\/wp-content\/uploads\/2016\/04\/p-1896-7290.jpg",144,216,false],"woocommerce_single":["https:\/\/ajupe.com.uy\/web\/wp-content\/uploads\/2016\/04\/p-1896-7290.jpg",144,216,false],"woocommerce_gallery_thumbnail":["https:\/\/ajupe.com.uy\/web\/wp-content\/uploads\/2016\/04\/p-1896-7290-100x100.jpg",100,100,true]},"post_excerpt_stackable_v2":"<p>Isset, una hermosa muchacha descendiente de una reputada familia de m\u00e9dicos, luchar\u00e1 desde muy joven por alcanzar su negado y gran sue\u00f1o: convertirse en sanadora. Se formar\u00e1 como la m\u00e1s prestigiosa profesional de su tiempo y conocer\u00e1 a la faraonaNitocris,<\/p>\n","category_list_v2":"","author_info_v2":{"name":"","url":""},"comments_num_v2":"0 comentarios","_links":{"self":[{"href":"https:\/\/ajupe.com.uy\/web\/wp-json\/wp\/v2\/product\/1896","targetHints":{"allow":["GET"]}}],"collection":[{"href":"https:\/\/ajupe.com.uy\/web\/wp-json\/wp\/v2\/product"}],"about":[{"href":"https:\/\/ajupe.com.uy\/web\/wp-json\/wp\/v2\/types\/product"}],"wp:featuredmedia":[{"embeddable":true,"href":"https:\/\/ajupe.com.uy\/web\/wp-json\/wp\/v2\/media\/1897"}],"wp:attachment":[{"href":"https:\/\/ajupe.com.uy\/web\/wp-json\/wp\/v2\/media?parent=1896"}],"wp:term":[{"taxonomy":"product_brand","embeddable":true,"href":"https:\/\/ajupe.com.uy\/web\/wp-json\/wp\/v2\/product_brand?post=1896"},{"taxonomy":"product_cat","embeddable":true,"href":"https:\/\/ajupe.com.uy\/web\/wp-json\/wp\/v2\/product_cat?post=1896"},{"taxonomy":"product_tag","embeddable":true,"href":"https:\/\/ajupe.com.uy\/web\/wp-json\/wp\/v2\/product_tag?post=1896"}],"curies":[{"name":"wp","href":"https:\/\/api.w.org\/{rel}","templated":true}]}}