{"id":1898,"date":"2010-07-14T00:00:00","date_gmt":"2010-07-14T03:00:00","guid":{"rendered":"http:\/\/ajupe.com.uy\/web\/?post_type=product&#038;p=1898"},"modified":"2011-09-22T20:25:33","modified_gmt":"2011-09-22T23:25:33","slug":"leopardo-al-sol","status":"publish","type":"product","link":"https:\/\/ajupe.com.uy\/web\/biblioteca\/leopardo-al-sol\/","title":{"rendered":"Leopardo al sol"},"content":{"rendered":"<p>El asesinato irreflexivo de Adriano Monsalve por parte de su primo hermano Nando Barrag\u00e1n, desencadena una guerra fratricida destinada a durar hasta el fin de los tiempos y marcada por la inexorable ley del desierto: la sangre se paga con sangre. Barraganes y Monsalves alimentar\u00e1n su sed de venganza con negocios ilegales, convirtiendo al dinero f\u00e1cil en rey de una nueva sociedad que habr\u00e1 perdido irremediablemente el camino.<\/p>\n","protected":false},"excerpt":{"rendered":"<p>El asesinato irreflexivo de Adriano Monsalve por parte de su primo hermano Nando Barrag\u00e1n, desencadena una guerra fratricida destinada a durar hasta el fin de los tiempos y marcada por la inexorable ley del desierto: la sangre se paga con sangre. Barragan<\/p>\n","protected":false},"featured_media":1899,"template":"","meta":[],"product_brand":[419],"product_cat":[29],"product_tag":[],"class_list":{"0":"post-1898","1":"product","2":"type-product","3":"status-publish","4":"has-post-thumbnail","6":"product_brand-laura-restrepo","7":"product_cat-novela","9":"first","10":"instock","11":"purchasable","12":"product-type-simple"},"featured_image_urls_v2":{"full":["https:\/\/ajupe.com.uy\/web\/wp-content\/uploads\/2016\/04\/p-1898-7292.jpg",185,279,false],"thumbnail":["https:\/\/ajupe.com.uy\/web\/wp-content\/uploads\/2016\/04\/p-1898-7292.jpg",150,150,true],"medium":["https:\/\/ajupe.com.uy\/web\/wp-content\/uploads\/2016\/04\/p-1898-7292.jpg",300,214,true],"medium_large":["https:\/\/ajupe.com.uy\/web\/wp-content\/uploads\/2016\/04\/p-1898-7292.jpg",185,279,false],"large":["https:\/\/ajupe.com.uy\/web\/wp-content\/uploads\/2016\/04\/p-1898-7292.jpg",185,279,false],"1536x1536":["https:\/\/ajupe.com.uy\/web\/wp-content\/uploads\/2016\/04\/p-1898-7292.jpg",185,279,false],"2048x2048":["https:\/\/ajupe.com.uy\/web\/wp-content\/uploads\/2016\/04\/p-1898-7292.jpg",185,279,false],"woocommerce_archive_thumbnail":["https:\/\/ajupe.com.uy\/web\/wp-content\/uploads\/2016\/04\/p-1898-7292.jpg",185,279,false],"woocommerce_thumbnail":["https:\/\/ajupe.com.uy\/web\/wp-content\/uploads\/2016\/04\/p-1898-7292.jpg",185,279,false],"woocommerce_single":["https:\/\/ajupe.com.uy\/web\/wp-content\/uploads\/2016\/04\/p-1898-7292.jpg",185,279,false],"woocommerce_gallery_thumbnail":["https:\/\/ajupe.com.uy\/web\/wp-content\/uploads\/2016\/04\/p-1898-7292-100x100.jpg",100,100,true]},"post_excerpt_stackable_v2":"<p>El asesinato irreflexivo de Adriano Monsalve por parte de su primo hermano Nando Barrag\u00e1n, desencadena una guerra fratricida destinada a durar hasta el fin de los tiempos y marcada por la inexorable ley del desierto: la sangre se paga con sangre. Barragan<\/p>\n","category_list_v2":"","author_info_v2":{"name":"","url":""},"comments_num_v2":"0 comentarios","_links":{"self":[{"href":"https:\/\/ajupe.com.uy\/web\/wp-json\/wp\/v2\/product\/1898","targetHints":{"allow":["GET"]}}],"collection":[{"href":"https:\/\/ajupe.com.uy\/web\/wp-json\/wp\/v2\/product"}],"about":[{"href":"https:\/\/ajupe.com.uy\/web\/wp-json\/wp\/v2\/types\/product"}],"wp:featuredmedia":[{"embeddable":true,"href":"https:\/\/ajupe.com.uy\/web\/wp-json\/wp\/v2\/media\/1899"}],"wp:attachment":[{"href":"https:\/\/ajupe.com.uy\/web\/wp-json\/wp\/v2\/media?parent=1898"}],"wp:term":[{"taxonomy":"product_brand","embeddable":true,"href":"https:\/\/ajupe.com.uy\/web\/wp-json\/wp\/v2\/product_brand?post=1898"},{"taxonomy":"product_cat","embeddable":true,"href":"https:\/\/ajupe.com.uy\/web\/wp-json\/wp\/v2\/product_cat?post=1898"},{"taxonomy":"product_tag","embeddable":true,"href":"https:\/\/ajupe.com.uy\/web\/wp-json\/wp\/v2\/product_tag?post=1898"}],"curies":[{"name":"wp","href":"https:\/\/api.w.org\/{rel}","templated":true}]}}