{"id":1912,"date":"2010-07-14T00:00:00","date_gmt":"2010-07-14T03:00:00","guid":{"rendered":"http:\/\/ajupe.com.uy\/web\/?post_type=product&#038;p=1912"},"modified":"2011-09-22T20:35:51","modified_gmt":"2011-09-22T23:35:51","slug":"comision-ejecutora","status":"publish","type":"product","link":"https:\/\/ajupe.com.uy\/web\/biblioteca\/comision-ejecutora\/","title":{"rendered":"Comisi\u00f3n ejecutora"},"content":{"rendered":"<p>Tim Rackley, un agente federal norteamericano, ve que su vida queda destrozada cuando asesinan a su hija. La pol\u00edcia cuenta con numerosas pruebas contra el asesino, un hombre con problemas mentales y antecedentes penales llamado Kindell. Sin embargo, \u00e9ste acaba libr\u00e1ndose de la condena por un tecnicismo legal y queda en libertad. Rackley est\u00e1 convencido de que Kindell no actu\u00f3 en solitario y en su desespero por encauzar su dolor, por entrar en la Comisi\u00f3n.<\/p>\n","protected":false},"excerpt":{"rendered":"<p>Tim Rackley, un agente federal norteamericano, ve que su vida queda destrozada cuando asesinan a su hija. La pol\u00edcia cuenta con numerosas pruebas contra el asesino, un hombre con problemas mentales y antecedentes penales llamado Kindell. Sin embargo, \u00e9ste<\/p>\n","protected":false},"featured_media":1913,"template":"","meta":[],"product_brand":[676],"product_cat":[30],"product_tag":[],"class_list":{"0":"post-1912","1":"product","2":"type-product","3":"status-publish","4":"has-post-thumbnail","6":"product_brand-gregg-andrew-hurwitz","7":"product_cat-suspenso","9":"first","10":"instock","11":"purchasable","12":"product-type-simple"},"featured_image_urls_v2":{"full":["https:\/\/ajupe.com.uy\/web\/wp-content\/uploads\/2016\/04\/p-1912-7301.jpg",292,442,false],"thumbnail":["https:\/\/ajupe.com.uy\/web\/wp-content\/uploads\/2016\/04\/p-1912-7301.jpg",150,150,true],"medium":["https:\/\/ajupe.com.uy\/web\/wp-content\/uploads\/2016\/04\/p-1912-7301.jpg",300,214,true],"medium_large":["https:\/\/ajupe.com.uy\/web\/wp-content\/uploads\/2016\/04\/p-1912-7301.jpg",292,442,false],"large":["https:\/\/ajupe.com.uy\/web\/wp-content\/uploads\/2016\/04\/p-1912-7301.jpg",292,442,false],"1536x1536":["https:\/\/ajupe.com.uy\/web\/wp-content\/uploads\/2016\/04\/p-1912-7301.jpg",292,442,false],"2048x2048":["https:\/\/ajupe.com.uy\/web\/wp-content\/uploads\/2016\/04\/p-1912-7301.jpg",292,442,false],"woocommerce_archive_thumbnail":["https:\/\/ajupe.com.uy\/web\/wp-content\/uploads\/2016\/04\/p-1912-7301-292x400.jpg",292,400,true],"woocommerce_thumbnail":["https:\/\/ajupe.com.uy\/web\/wp-content\/uploads\/2016\/04\/p-1912-7301-292x300.jpg",292,300,true],"woocommerce_single":["https:\/\/ajupe.com.uy\/web\/wp-content\/uploads\/2016\/04\/p-1912-7301.jpg",292,442,false],"woocommerce_gallery_thumbnail":["https:\/\/ajupe.com.uy\/web\/wp-content\/uploads\/2016\/04\/p-1912-7301-100x100.jpg",100,100,true]},"post_excerpt_stackable_v2":"<p>Tim Rackley, un agente federal norteamericano, ve que su vida queda destrozada cuando asesinan a su hija. La pol\u00edcia cuenta con numerosas pruebas contra el asesino, un hombre con problemas mentales y antecedentes penales llamado Kindell. Sin embargo, \u00e9ste<\/p>\n","category_list_v2":"","author_info_v2":{"name":"","url":""},"comments_num_v2":"0 comentarios","_links":{"self":[{"href":"https:\/\/ajupe.com.uy\/web\/wp-json\/wp\/v2\/product\/1912","targetHints":{"allow":["GET"]}}],"collection":[{"href":"https:\/\/ajupe.com.uy\/web\/wp-json\/wp\/v2\/product"}],"about":[{"href":"https:\/\/ajupe.com.uy\/web\/wp-json\/wp\/v2\/types\/product"}],"wp:featuredmedia":[{"embeddable":true,"href":"https:\/\/ajupe.com.uy\/web\/wp-json\/wp\/v2\/media\/1913"}],"wp:attachment":[{"href":"https:\/\/ajupe.com.uy\/web\/wp-json\/wp\/v2\/media?parent=1912"}],"wp:term":[{"taxonomy":"product_brand","embeddable":true,"href":"https:\/\/ajupe.com.uy\/web\/wp-json\/wp\/v2\/product_brand?post=1912"},{"taxonomy":"product_cat","embeddable":true,"href":"https:\/\/ajupe.com.uy\/web\/wp-json\/wp\/v2\/product_cat?post=1912"},{"taxonomy":"product_tag","embeddable":true,"href":"https:\/\/ajupe.com.uy\/web\/wp-json\/wp\/v2\/product_tag?post=1912"}],"curies":[{"name":"wp","href":"https:\/\/api.w.org\/{rel}","templated":true}]}}