{"id":1914,"date":"2010-07-14T00:00:00","date_gmt":"2010-07-14T03:00:00","guid":{"rendered":"http:\/\/ajupe.com.uy\/web\/?post_type=product&#038;p=1914"},"modified":"2011-09-22T20:41:10","modified_gmt":"2011-09-22T23:41:10","slug":"encontrando-a-los-desaparecidos","status":"publish","type":"product","link":"https:\/\/ajupe.com.uy\/web\/biblioteca\/encontrando-a-los-desaparecidos\/","title":{"rendered":"Encontrando A Los Desaparecidos"},"content":{"rendered":"<p>\u00bfQu\u00e9 audaz decisi\u00f3n adopt\u00f3 el Consejo del Ni\u00f1o en 1987 que ayud\u00f3 a localizar a la ni\u00f1a desaparecida Mariana Zaffroni? \u00bfPor qu\u00e9 Sara M\u00e9ndez dec\u00eda que el joven Gerardo V\u00e1zquez era su hijo Sim\u00f3n Riquelo? \u00bfCu\u00e1ndo se realiz\u00f3 la llamada ?operaci\u00f3n zanahoria?? La historia oficial establece que el ex presidente Batlle localiz\u00f3 a la nieta de Gelman. Documentos in\u00e9ditos prueban lo contrario. Conozca los entretelones. \u00bfCu\u00e1l fue la respuesta de Batlle cuando el senador Michelini le pidi\u00f3 que excavara en las unidades militares en busca de restos de los desaparecidos? \u00bfC\u00f3mo naci\u00f3 la Comisi\u00f3n para la Paz?<\/p>\n","protected":false},"excerpt":{"rendered":"<p>\u00bfQu\u00e9 audaz decisi\u00f3n adopt\u00f3 el Consejo del Ni\u00f1o en 1987 que ayud\u00f3 a localizar a la ni\u00f1a desaparecida Mariana Zaffroni? \u00bfPor qu\u00e9 Sara M\u00e9ndez dec\u00eda que el joven Gerardo V\u00e1zquez era su hijo Sim\u00f3n Riquelo? \u00bfCu\u00e1ndo se realiz\u00f3 la llamada ?operaci\u00f3n zanahoria?? L<\/p>\n","protected":false},"featured_media":1915,"template":"","meta":[],"product_brand":[289],"product_cat":[45],"product_tag":[],"class_list":{"0":"post-1914","1":"product","2":"type-product","3":"status-publish","4":"has-post-thumbnail","6":"product_brand-alvaro-alfonso","7":"product_cat-uruguayo","9":"first","10":"instock","11":"purchasable","12":"product-type-simple"},"featured_image_urls_v2":{"full":["https:\/\/ajupe.com.uy\/web\/wp-content\/uploads\/2016\/04\/p-1914-7303.jpg",280,280,false],"thumbnail":["https:\/\/ajupe.com.uy\/web\/wp-content\/uploads\/2016\/04\/p-1914-7303.jpg",150,150,true],"medium":["https:\/\/ajupe.com.uy\/web\/wp-content\/uploads\/2016\/04\/p-1914-7303.jpg",300,214,true],"medium_large":["https:\/\/ajupe.com.uy\/web\/wp-content\/uploads\/2016\/04\/p-1914-7303.jpg",280,280,false],"large":["https:\/\/ajupe.com.uy\/web\/wp-content\/uploads\/2016\/04\/p-1914-7303.jpg",280,280,false],"1536x1536":["https:\/\/ajupe.com.uy\/web\/wp-content\/uploads\/2016\/04\/p-1914-7303.jpg",280,280,false],"2048x2048":["https:\/\/ajupe.com.uy\/web\/wp-content\/uploads\/2016\/04\/p-1914-7303.jpg",280,280,false],"woocommerce_archive_thumbnail":["https:\/\/ajupe.com.uy\/web\/wp-content\/uploads\/2016\/04\/p-1914-7303.jpg",280,280,false],"woocommerce_thumbnail":["https:\/\/ajupe.com.uy\/web\/wp-content\/uploads\/2016\/04\/p-1914-7303.jpg",280,280,false],"woocommerce_single":["https:\/\/ajupe.com.uy\/web\/wp-content\/uploads\/2016\/04\/p-1914-7303.jpg",280,280,false],"woocommerce_gallery_thumbnail":["https:\/\/ajupe.com.uy\/web\/wp-content\/uploads\/2016\/04\/p-1914-7303-100x100.jpg",100,100,true]},"post_excerpt_stackable_v2":"<p>\u00bfQu\u00e9 audaz decisi\u00f3n adopt\u00f3 el Consejo del Ni\u00f1o en 1987 que ayud\u00f3 a localizar a la ni\u00f1a desaparecida Mariana Zaffroni? \u00bfPor qu\u00e9 Sara M\u00e9ndez dec\u00eda que el joven Gerardo V\u00e1zquez era su hijo Sim\u00f3n Riquelo? \u00bfCu\u00e1ndo se realiz\u00f3 la llamada ?operaci\u00f3n zanahoria?? L<\/p>\n","category_list_v2":"","author_info_v2":{"name":"","url":""},"comments_num_v2":"0 comentarios","_links":{"self":[{"href":"https:\/\/ajupe.com.uy\/web\/wp-json\/wp\/v2\/product\/1914","targetHints":{"allow":["GET"]}}],"collection":[{"href":"https:\/\/ajupe.com.uy\/web\/wp-json\/wp\/v2\/product"}],"about":[{"href":"https:\/\/ajupe.com.uy\/web\/wp-json\/wp\/v2\/types\/product"}],"wp:featuredmedia":[{"embeddable":true,"href":"https:\/\/ajupe.com.uy\/web\/wp-json\/wp\/v2\/media\/1915"}],"wp:attachment":[{"href":"https:\/\/ajupe.com.uy\/web\/wp-json\/wp\/v2\/media?parent=1914"}],"wp:term":[{"taxonomy":"product_brand","embeddable":true,"href":"https:\/\/ajupe.com.uy\/web\/wp-json\/wp\/v2\/product_brand?post=1914"},{"taxonomy":"product_cat","embeddable":true,"href":"https:\/\/ajupe.com.uy\/web\/wp-json\/wp\/v2\/product_cat?post=1914"},{"taxonomy":"product_tag","embeddable":true,"href":"https:\/\/ajupe.com.uy\/web\/wp-json\/wp\/v2\/product_tag?post=1914"}],"curies":[{"name":"wp","href":"https:\/\/api.w.org\/{rel}","templated":true}]}}