{"id":1920,"date":"2010-07-14T00:00:00","date_gmt":"2010-07-14T03:00:00","guid":{"rendered":"http:\/\/ajupe.com.uy\/web\/?post_type=product&#038;p=1920"},"modified":"2010-07-14T00:00:00","modified_gmt":"2010-07-14T03:00:00","slug":"cuentos-que-me-apasionaron-2","status":"publish","type":"product","link":"https:\/\/ajupe.com.uy\/web\/biblioteca\/cuentos-que-me-apasionaron-2\/","title":{"rendered":"Cuentos Que Me Apasionaron 2"},"content":{"rendered":"<p>En el pr\u00f3logo del anterior volumen de Cuentos que me apasionaron, Ernesto S\u00e1bato dec\u00eda: &quot;Quiero ser para ustedes como aquel bibliotecario, o como un viejo baqueano que; con emoci\u00f3n, nos fuera entregando el misterio de la vida&quot;.Y \u00e9se es, precisamente; el coraz\u00f3n de este libro. En cada uno de los textos elegidos en esta oportunidad, minuciosamente revisados, rele\u00eddos y vueltos a disfrutar por el m\u00e1s sabio de los escritores argentinos que hoy todav\u00eda lee y escribe con la pasi\u00f3n de anta\u00f1o, se encierra todo el misterio que habita en la literatura. Con esa alquimia de palabra, emoci\u00f3n y fantas\u00eda, cada \u00e9poca ha reflejado en sus ficciones los dolores y las maravillas del mundo. S\u00e1bato -lector infatigable- vuelve a guiarnos, generosamente, hacia el banquete literario para compartir sus pasiones. Perderse esta forma de felicidad, es imperdonable.<\/p>\n","protected":false},"excerpt":{"rendered":"<p>En el pr\u00f3logo del anterior volumen de Cuentos que me apasionaron, Ernesto S\u00e1bato dec\u00eda: &quot;Quiero ser para ustedes como aquel bibliotecario, o como un viejo baqueano que; con emoci\u00f3n, nos fuera entregando el misterio de la vida&quot;.Y \u00e9se es, precisam<\/p>\n","protected":false},"featured_media":1921,"template":"","meta":[],"product_brand":[186],"product_cat":[33],"product_tag":[],"class_list":{"0":"post-1920","1":"product","2":"type-product","3":"status-publish","4":"has-post-thumbnail","6":"product_brand-ernesto-sabato","7":"product_cat-cuentos","9":"first","10":"instock","11":"purchasable","12":"product-type-simple"},"featured_image_urls_v2":{"full":["https:\/\/ajupe.com.uy\/web\/wp-content\/uploads\/2016\/04\/p-1920-7310.jpg",249,400,false],"thumbnail":["https:\/\/ajupe.com.uy\/web\/wp-content\/uploads\/2016\/04\/p-1920-7310.jpg",93,150,false],"medium":["https:\/\/ajupe.com.uy\/web\/wp-content\/uploads\/2016\/04\/p-1920-7310.jpg",187,300,false],"medium_large":["https:\/\/ajupe.com.uy\/web\/wp-content\/uploads\/2016\/04\/p-1920-7310.jpg",249,400,false],"large":["https:\/\/ajupe.com.uy\/web\/wp-content\/uploads\/2016\/04\/p-1920-7310.jpg",249,400,false],"1536x1536":["https:\/\/ajupe.com.uy\/web\/wp-content\/uploads\/2016\/04\/p-1920-7310.jpg",249,400,false],"2048x2048":["https:\/\/ajupe.com.uy\/web\/wp-content\/uploads\/2016\/04\/p-1920-7310.jpg",249,400,false],"woocommerce_archive_thumbnail":["https:\/\/ajupe.com.uy\/web\/wp-content\/uploads\/2016\/04\/p-1920-7310.jpg",249,400,false],"woocommerce_thumbnail":["https:\/\/ajupe.com.uy\/web\/wp-content\/uploads\/2016\/04\/p-1920-7310-249x300.jpg",249,300,true],"woocommerce_single":["https:\/\/ajupe.com.uy\/web\/wp-content\/uploads\/2016\/04\/p-1920-7310.jpg",249,400,false],"woocommerce_gallery_thumbnail":["https:\/\/ajupe.com.uy\/web\/wp-content\/uploads\/2016\/04\/p-1920-7310-100x100.jpg",100,100,true]},"post_excerpt_stackable_v2":"<p>En el pr\u00f3logo del anterior volumen de Cuentos que me apasionaron, Ernesto S\u00e1bato dec\u00eda: &quot;Quiero ser para ustedes como aquel bibliotecario, o como un viejo baqueano que; con emoci\u00f3n, nos fuera entregando el misterio de la vida&quot;.Y \u00e9se es, precisam<\/p>\n","category_list_v2":"","author_info_v2":{"name":"","url":""},"comments_num_v2":"0 comentarios","_links":{"self":[{"href":"https:\/\/ajupe.com.uy\/web\/wp-json\/wp\/v2\/product\/1920","targetHints":{"allow":["GET"]}}],"collection":[{"href":"https:\/\/ajupe.com.uy\/web\/wp-json\/wp\/v2\/product"}],"about":[{"href":"https:\/\/ajupe.com.uy\/web\/wp-json\/wp\/v2\/types\/product"}],"wp:featuredmedia":[{"embeddable":true,"href":"https:\/\/ajupe.com.uy\/web\/wp-json\/wp\/v2\/media\/1921"}],"wp:attachment":[{"href":"https:\/\/ajupe.com.uy\/web\/wp-json\/wp\/v2\/media?parent=1920"}],"wp:term":[{"taxonomy":"product_brand","embeddable":true,"href":"https:\/\/ajupe.com.uy\/web\/wp-json\/wp\/v2\/product_brand?post=1920"},{"taxonomy":"product_cat","embeddable":true,"href":"https:\/\/ajupe.com.uy\/web\/wp-json\/wp\/v2\/product_cat?post=1920"},{"taxonomy":"product_tag","embeddable":true,"href":"https:\/\/ajupe.com.uy\/web\/wp-json\/wp\/v2\/product_tag?post=1920"}],"curies":[{"name":"wp","href":"https:\/\/api.w.org\/{rel}","templated":true}]}}