{"id":1922,"date":"2010-07-14T00:00:00","date_gmt":"2010-07-14T03:00:00","guid":{"rendered":"http:\/\/ajupe.com.uy\/web\/?post_type=product&#038;p=1922"},"modified":"2011-09-19T17:41:30","modified_gmt":"2011-09-19T20:41:30","slug":"cauces-de-maldad","status":"publish","type":"product","link":"https:\/\/ajupe.com.uy\/web\/biblioteca\/cauces-de-maldad\/","title":{"rendered":"Cauces de Maldad"},"content":{"rendered":"<p>Harry Bosch investiga la muerte de Terry McCaleb. Bosch investiga este vez la muerte del ex profiler del FBI TeryMcCaleb (protagonista de Deuda de sangre, libro que fue llevado al cine de la mano de Clint Eastwood). Sus indagaciones le inducen a sospechar que el tristemente famoso asesino en series conocido como el Poeta -al que se daba por muerto- podr\u00eda hallarse involucrado en la repentina defunci\u00f3n de McCaleb. Bosch decidir\u00e1 entonces pedir la ayuda de la agente del FBI Rachel Walling, encargada en su d\u00eda de la investigaci\u00f3n de los cr\u00edmenes cometidos por el Poeta.<\/p>\n","protected":false},"excerpt":{"rendered":"<p>Harry Bosch investiga la muerte de Terry McCaleb. Bosch investiga este vez la muerte del ex profiler del FBI TeryMcCaleb (protagonista de Deuda de sangre, libro que fue llevado al cine de la mano de Clint Eastwood). Sus indagaciones le inducen a sospechar<\/p>\n","protected":false},"featured_media":1923,"template":"","meta":[],"product_brand":[384],"product_cat":[30],"product_tag":[],"class_list":{"0":"post-1922","1":"product","2":"type-product","3":"status-publish","4":"has-post-thumbnail","6":"product_brand-michael-connelly","7":"product_cat-suspenso","9":"first","10":"instock","11":"purchasable","12":"product-type-simple"},"featured_image_urls_v2":{"full":["https:\/\/ajupe.com.uy\/web\/wp-content\/uploads\/2016\/04\/p-1922-7311.jpg",176,270,false],"thumbnail":["https:\/\/ajupe.com.uy\/web\/wp-content\/uploads\/2016\/04\/p-1922-7311.jpg",150,150,true],"medium":["https:\/\/ajupe.com.uy\/web\/wp-content\/uploads\/2016\/04\/p-1922-7311.jpg",300,214,true],"medium_large":["https:\/\/ajupe.com.uy\/web\/wp-content\/uploads\/2016\/04\/p-1922-7311.jpg",176,270,false],"large":["https:\/\/ajupe.com.uy\/web\/wp-content\/uploads\/2016\/04\/p-1922-7311.jpg",176,270,false],"1536x1536":["https:\/\/ajupe.com.uy\/web\/wp-content\/uploads\/2016\/04\/p-1922-7311.jpg",176,270,false],"2048x2048":["https:\/\/ajupe.com.uy\/web\/wp-content\/uploads\/2016\/04\/p-1922-7311.jpg",176,270,false],"woocommerce_archive_thumbnail":["https:\/\/ajupe.com.uy\/web\/wp-content\/uploads\/2016\/04\/p-1922-7311.jpg",176,270,false],"woocommerce_thumbnail":["https:\/\/ajupe.com.uy\/web\/wp-content\/uploads\/2016\/04\/p-1922-7311.jpg",176,270,false],"woocommerce_single":["https:\/\/ajupe.com.uy\/web\/wp-content\/uploads\/2016\/04\/p-1922-7311.jpg",176,270,false],"woocommerce_gallery_thumbnail":["https:\/\/ajupe.com.uy\/web\/wp-content\/uploads\/2016\/04\/p-1922-7311-100x100.jpg",100,100,true]},"post_excerpt_stackable_v2":"<p>Harry Bosch investiga la muerte de Terry McCaleb. Bosch investiga este vez la muerte del ex profiler del FBI TeryMcCaleb (protagonista de Deuda de sangre, libro que fue llevado al cine de la mano de Clint Eastwood). Sus indagaciones le inducen a sospechar<\/p>\n","category_list_v2":"","author_info_v2":{"name":"","url":""},"comments_num_v2":"0 comentarios","_links":{"self":[{"href":"https:\/\/ajupe.com.uy\/web\/wp-json\/wp\/v2\/product\/1922","targetHints":{"allow":["GET"]}}],"collection":[{"href":"https:\/\/ajupe.com.uy\/web\/wp-json\/wp\/v2\/product"}],"about":[{"href":"https:\/\/ajupe.com.uy\/web\/wp-json\/wp\/v2\/types\/product"}],"wp:featuredmedia":[{"embeddable":true,"href":"https:\/\/ajupe.com.uy\/web\/wp-json\/wp\/v2\/media\/1923"}],"wp:attachment":[{"href":"https:\/\/ajupe.com.uy\/web\/wp-json\/wp\/v2\/media?parent=1922"}],"wp:term":[{"taxonomy":"product_brand","embeddable":true,"href":"https:\/\/ajupe.com.uy\/web\/wp-json\/wp\/v2\/product_brand?post=1922"},{"taxonomy":"product_cat","embeddable":true,"href":"https:\/\/ajupe.com.uy\/web\/wp-json\/wp\/v2\/product_cat?post=1922"},{"taxonomy":"product_tag","embeddable":true,"href":"https:\/\/ajupe.com.uy\/web\/wp-json\/wp\/v2\/product_tag?post=1922"}],"curies":[{"name":"wp","href":"https:\/\/api.w.org\/{rel}","templated":true}]}}