{"id":1924,"date":"2010-07-14T00:00:00","date_gmt":"2010-07-14T03:00:00","guid":{"rendered":"http:\/\/ajupe.com.uy\/web\/?post_type=product&#038;p=1924"},"modified":"2011-09-22T20:48:03","modified_gmt":"2011-09-22T23:48:03","slug":"cuentos-que-me-apasionaron-1","status":"publish","type":"product","link":"https:\/\/ajupe.com.uy\/web\/biblioteca\/cuentos-que-me-apasionaron-1\/","title":{"rendered":"Cuentos Que Me Apasionaron 1"},"content":{"rendered":"<p>En este libro, S\u00e1bato vuelve a dirigirse a los m\u00e1s j\u00f3venes con la actitud generosa del maestro: ofrecer a los otros lo que m\u00e1s ama. Por eso organiz\u00f3 una selecci\u00f3n de cuentos y relatos para quienes acepten la dicha de compartir esa extra\u00f1a forma de felicidad que es la literatura.<\/p>\n","protected":false},"excerpt":{"rendered":"<p>En este libro, S\u00e1bato vuelve a dirigirse a los m\u00e1s j\u00f3venes con la actitud generosa del maestro: ofrecer a los otros lo que m\u00e1s ama. Por eso organiz\u00f3 una selecci\u00f3n de cuentos y relatos para quienes acepten la dicha de compartir esa extra\u00f1a forma de felicid<\/p>\n","protected":false},"featured_media":1925,"template":"","meta":[],"product_brand":[186],"product_cat":[33],"product_tag":[],"class_list":{"0":"post-1924","1":"product","2":"type-product","3":"status-publish","4":"has-post-thumbnail","6":"product_brand-ernesto-sabato","7":"product_cat-cuentos","9":"first","10":"instock","11":"purchasable","12":"product-type-simple"},"featured_image_urls_v2":{"full":["https:\/\/ajupe.com.uy\/web\/wp-content\/uploads\/2016\/04\/p-1924-7312.jpg",288,460,false],"thumbnail":["https:\/\/ajupe.com.uy\/web\/wp-content\/uploads\/2016\/04\/p-1924-7312.jpg",150,150,true],"medium":["https:\/\/ajupe.com.uy\/web\/wp-content\/uploads\/2016\/04\/p-1924-7312.jpg",300,214,true],"medium_large":["https:\/\/ajupe.com.uy\/web\/wp-content\/uploads\/2016\/04\/p-1924-7312.jpg",288,460,false],"large":["https:\/\/ajupe.com.uy\/web\/wp-content\/uploads\/2016\/04\/p-1924-7312.jpg",288,460,false],"1536x1536":["https:\/\/ajupe.com.uy\/web\/wp-content\/uploads\/2016\/04\/p-1924-7312.jpg",288,460,false],"2048x2048":["https:\/\/ajupe.com.uy\/web\/wp-content\/uploads\/2016\/04\/p-1924-7312.jpg",288,460,false],"woocommerce_archive_thumbnail":["https:\/\/ajupe.com.uy\/web\/wp-content\/uploads\/2016\/04\/p-1924-7312-288x450.jpg",288,450,true],"woocommerce_thumbnail":["https:\/\/ajupe.com.uy\/web\/wp-content\/uploads\/2016\/04\/p-1924-7312-288x300.jpg",288,300,true],"woocommerce_single":["https:\/\/ajupe.com.uy\/web\/wp-content\/uploads\/2016\/04\/p-1924-7312.jpg",288,460,false],"woocommerce_gallery_thumbnail":["https:\/\/ajupe.com.uy\/web\/wp-content\/uploads\/2016\/04\/p-1924-7312-100x100.jpg",100,100,true]},"post_excerpt_stackable_v2":"<p>En este libro, S\u00e1bato vuelve a dirigirse a los m\u00e1s j\u00f3venes con la actitud generosa del maestro: ofrecer a los otros lo que m\u00e1s ama. Por eso organiz\u00f3 una selecci\u00f3n de cuentos y relatos para quienes acepten la dicha de compartir esa extra\u00f1a forma de felicid<\/p>\n","category_list_v2":"","author_info_v2":{"name":"","url":""},"comments_num_v2":"0 comentarios","_links":{"self":[{"href":"https:\/\/ajupe.com.uy\/web\/wp-json\/wp\/v2\/product\/1924","targetHints":{"allow":["GET"]}}],"collection":[{"href":"https:\/\/ajupe.com.uy\/web\/wp-json\/wp\/v2\/product"}],"about":[{"href":"https:\/\/ajupe.com.uy\/web\/wp-json\/wp\/v2\/types\/product"}],"wp:featuredmedia":[{"embeddable":true,"href":"https:\/\/ajupe.com.uy\/web\/wp-json\/wp\/v2\/media\/1925"}],"wp:attachment":[{"href":"https:\/\/ajupe.com.uy\/web\/wp-json\/wp\/v2\/media?parent=1924"}],"wp:term":[{"taxonomy":"product_brand","embeddable":true,"href":"https:\/\/ajupe.com.uy\/web\/wp-json\/wp\/v2\/product_brand?post=1924"},{"taxonomy":"product_cat","embeddable":true,"href":"https:\/\/ajupe.com.uy\/web\/wp-json\/wp\/v2\/product_cat?post=1924"},{"taxonomy":"product_tag","embeddable":true,"href":"https:\/\/ajupe.com.uy\/web\/wp-json\/wp\/v2\/product_tag?post=1924"}],"curies":[{"name":"wp","href":"https:\/\/api.w.org\/{rel}","templated":true}]}}