{"id":1928,"date":"2010-07-14T00:00:00","date_gmt":"2010-07-14T03:00:00","guid":{"rendered":"http:\/\/ajupe.com.uy\/web\/?post_type=product&#038;p=1928"},"modified":"2011-09-22T20:49:13","modified_gmt":"2011-09-22T23:49:13","slug":"18-segundos","status":"publish","type":"product","link":"https:\/\/ajupe.com.uy\/web\/biblioteca\/18-segundos\/","title":{"rendered":"18 Segundos"},"content":{"rendered":"<p>Sherry posee un don extraordinario. Pero \u00bfpodr\u00e1 usarlo para encontrar al asesino antes de convertirse en su pr\u00f3xima v\u00edctima? Sherry Moore, una bella joven ciega, posee una extra\u00f1a facultad: puede \u00abver\u00bb los dieciocho \u00faltimos segundos de la mente de un muerto con s\u00f3lo tocar el cad\u00e1ver. El violador y asesino serial EarlSkyes nunca fue encarcelado por sus cr\u00edmenes sino por un accidente de tr\u00e1nsito. Treinta a\u00f1os despu\u00e9s, sale de prisi\u00f3n y regresa a Wildwood para lanzarse a una escalofriante cacer\u00eda de j\u00f3venes con el fin de someterlas a sus perversos juegos letales. En medio de un divorcio que ha convertido su vida privada en caos, la sargento Kelly O?Shaughnessy recibe la misi\u00f3n de dar con el responsable de las desapariciones. Todas las l\u00edneas de investigaci\u00f3n la conducen a un punto muerto, pero alguien le sugiere el nombre de Sherry Moore y decide aceptar la ayuda de la ps\u00edquica en un intento desesperado por detener el ba\u00f1o de sangre. Las dos mujeres unen fuerzas en la b\u00fasqueda del asesino, sin sospechar que ellas son el nuevo objetivo de Skyes, al acecho del mejor momento para golpear de nuevo. Detective de narc\u00f3ticos de la polic\u00eda de Washington, George D. Shuman ha logrado en esta novela una sorprendente renovaci\u00f3n del thriller. Brutalmente realista, atrapante de principio a fin, 18 Segundos introduce al lector en una vor\u00e1gine donde la inteligencia y el tiempo juegan una implacable pulseada contra el miedo y la violencia.<\/p>\n","protected":false},"excerpt":{"rendered":"<p>Sherry posee un don extraordinario. Pero \u00bfpodr\u00e1 usarlo para encontrar al asesino antes de convertirse en su pr\u00f3xima v\u00edctima? Sherry Moore, una bella joven ciega, posee una extra\u00f1a facultad: puede \u00abver\u00bb los dieciocho \u00faltimos segundos de la mente<\/p>\n","protected":false},"featured_media":1929,"template":"","meta":[],"product_brand":[665],"product_cat":[30],"product_tag":[],"class_list":{"0":"post-1928","1":"product","2":"type-product","3":"status-publish","4":"has-post-thumbnail","6":"product_brand-george-shuman","7":"product_cat-suspenso","9":"first","10":"instock","11":"purchasable","12":"product-type-simple"},"featured_image_urls_v2":{"full":["https:\/\/ajupe.com.uy\/web\/wp-content\/uploads\/2016\/04\/p-1928-7314.jpg",175,267,false],"thumbnail":["https:\/\/ajupe.com.uy\/web\/wp-content\/uploads\/2016\/04\/p-1928-7314.jpg",150,150,true],"medium":["https:\/\/ajupe.com.uy\/web\/wp-content\/uploads\/2016\/04\/p-1928-7314.jpg",300,214,true],"medium_large":["https:\/\/ajupe.com.uy\/web\/wp-content\/uploads\/2016\/04\/p-1928-7314.jpg",175,267,false],"large":["https:\/\/ajupe.com.uy\/web\/wp-content\/uploads\/2016\/04\/p-1928-7314.jpg",175,267,false],"1536x1536":["https:\/\/ajupe.com.uy\/web\/wp-content\/uploads\/2016\/04\/p-1928-7314.jpg",175,267,false],"2048x2048":["https:\/\/ajupe.com.uy\/web\/wp-content\/uploads\/2016\/04\/p-1928-7314.jpg",175,267,false],"woocommerce_archive_thumbnail":["https:\/\/ajupe.com.uy\/web\/wp-content\/uploads\/2016\/04\/p-1928-7314.jpg",175,267,false],"woocommerce_thumbnail":["https:\/\/ajupe.com.uy\/web\/wp-content\/uploads\/2016\/04\/p-1928-7314.jpg",175,267,false],"woocommerce_single":["https:\/\/ajupe.com.uy\/web\/wp-content\/uploads\/2016\/04\/p-1928-7314.jpg",175,267,false],"woocommerce_gallery_thumbnail":["https:\/\/ajupe.com.uy\/web\/wp-content\/uploads\/2016\/04\/p-1928-7314-100x100.jpg",100,100,true]},"post_excerpt_stackable_v2":"<p>Sherry posee un don extraordinario. Pero \u00bfpodr\u00e1 usarlo para encontrar al asesino antes de convertirse en su pr\u00f3xima v\u00edctima? Sherry Moore, una bella joven ciega, posee una extra\u00f1a facultad: puede \u00abver\u00bb los dieciocho \u00faltimos segundos de la mente<\/p>\n","category_list_v2":"","author_info_v2":{"name":"","url":""},"comments_num_v2":"0 comentarios","_links":{"self":[{"href":"https:\/\/ajupe.com.uy\/web\/wp-json\/wp\/v2\/product\/1928","targetHints":{"allow":["GET"]}}],"collection":[{"href":"https:\/\/ajupe.com.uy\/web\/wp-json\/wp\/v2\/product"}],"about":[{"href":"https:\/\/ajupe.com.uy\/web\/wp-json\/wp\/v2\/types\/product"}],"wp:featuredmedia":[{"embeddable":true,"href":"https:\/\/ajupe.com.uy\/web\/wp-json\/wp\/v2\/media\/1929"}],"wp:attachment":[{"href":"https:\/\/ajupe.com.uy\/web\/wp-json\/wp\/v2\/media?parent=1928"}],"wp:term":[{"taxonomy":"product_brand","embeddable":true,"href":"https:\/\/ajupe.com.uy\/web\/wp-json\/wp\/v2\/product_brand?post=1928"},{"taxonomy":"product_cat","embeddable":true,"href":"https:\/\/ajupe.com.uy\/web\/wp-json\/wp\/v2\/product_cat?post=1928"},{"taxonomy":"product_tag","embeddable":true,"href":"https:\/\/ajupe.com.uy\/web\/wp-json\/wp\/v2\/product_tag?post=1928"}],"curies":[{"name":"wp","href":"https:\/\/api.w.org\/{rel}","templated":true}]}}