{"id":1932,"date":"2010-07-14T00:00:00","date_gmt":"2010-07-14T03:00:00","guid":{"rendered":"http:\/\/ajupe.com.uy\/web\/?post_type=product&#038;p=1932"},"modified":"2010-07-14T00:00:00","modified_gmt":"2010-07-14T03:00:00","slug":"la-falsificacion","status":"publish","type":"product","link":"https:\/\/ajupe.com.uy\/web\/biblioteca\/la-falsificacion\/","title":{"rendered":"La Falsificaci\u00f3n"},"content":{"rendered":"<p>\u00bfPor qu\u00e9 una anciana es asesinada en su mansi\u00f3n de Inglaterra la madrugadadel 11 de septiembre de 2001?\u00bfPor qu\u00e9 un exitoso banquero de Nueva York no se sorprende al recibir por correo la oreja de una vieja dama?\u00bfPor qu\u00e9 un prestigioso abogado trabaja para un \u00fanico cliente sin cobrar honorarios?\u00bfPor qu\u00e9 una joven ejecutiva roba un Van Gogh si no es una ladrona?\u00bfPor qu\u00e9 una brillante licenciada trabaja como secretaria despu\u00e9s de heredar una fortuna?\u00bfPor qu\u00e9 una atleta cobra un mill\u00f3n de d\u00f3lares por cumplir una misi\u00f3n?\u00bfPor qu\u00e9 una arist\u00f3crata estar\u00eda dispuesta a matar si sabe que pasar\u00e1 el restode su vida en prisi\u00f3n?\u00bfPor qu\u00e9 un magnate japon\u00e9s del acero va a dar una fuerte suma de dinero a una mujer a la que no conoce?\u00bfPor qu\u00e9 un experto agente del FBI tiene que averiguar cu\u00e1l es la conexi\u00f3n entre estas ocho personas aparentemente sin relaci\u00f3n entre ellas? Las respuestas a todas estas preguntas las da esta absorbente novela: en ella, una conspiraci\u00f3n internacional, cuyo objetivo es uno de los lienzos m\u00e1s valiosos del mundo, introduce al lector en el mercado negro del arte, desde Nueva York hasta Londres, desde Bucarest hasta Tokio, tras las huellas de falsificadores y asesinos a sueldo, en un relato cuya lectura no da tregua.<\/p>\n","protected":false},"excerpt":{"rendered":"<p>\u00bfPor qu\u00e9 una anciana es asesinada en su mansi\u00f3n de Inglaterra la madrugadadel 11 de septiembre de 2001?\u00bfPor qu\u00e9 un exitoso banquero de Nueva York no se sorprende al recibir por correo la oreja de una vieja dama?\u00bfPor qu\u00e9 un prestigioso abogado trabaja para<\/p>\n","protected":false},"featured_media":1933,"template":"","meta":[],"product_brand":[275],"product_cat":[30],"product_tag":[],"class_list":{"0":"post-1932","1":"product","2":"type-product","3":"status-publish","4":"has-post-thumbnail","6":"product_brand-jeffrey-archer","7":"product_cat-suspenso","9":"first","10":"instock","11":"purchasable","12":"product-type-simple"},"featured_image_urls_v2":{"full":["https:\/\/ajupe.com.uy\/web\/wp-content\/uploads\/2016\/04\/p-1932-7323.jpg",144,220,false],"thumbnail":["https:\/\/ajupe.com.uy\/web\/wp-content\/uploads\/2016\/04\/p-1932-7323.jpg",150,150,true],"medium":["https:\/\/ajupe.com.uy\/web\/wp-content\/uploads\/2016\/04\/p-1932-7323.jpg",300,214,true],"medium_large":["https:\/\/ajupe.com.uy\/web\/wp-content\/uploads\/2016\/04\/p-1932-7323.jpg",144,220,false],"large":["https:\/\/ajupe.com.uy\/web\/wp-content\/uploads\/2016\/04\/p-1932-7323.jpg",144,220,false],"1536x1536":["https:\/\/ajupe.com.uy\/web\/wp-content\/uploads\/2016\/04\/p-1932-7323.jpg",144,220,false],"2048x2048":["https:\/\/ajupe.com.uy\/web\/wp-content\/uploads\/2016\/04\/p-1932-7323.jpg",144,220,false],"woocommerce_archive_thumbnail":["https:\/\/ajupe.com.uy\/web\/wp-content\/uploads\/2016\/04\/p-1932-7323.jpg",144,220,false],"woocommerce_thumbnail":["https:\/\/ajupe.com.uy\/web\/wp-content\/uploads\/2016\/04\/p-1932-7323.jpg",144,220,false],"woocommerce_single":["https:\/\/ajupe.com.uy\/web\/wp-content\/uploads\/2016\/04\/p-1932-7323.jpg",144,220,false],"woocommerce_gallery_thumbnail":["https:\/\/ajupe.com.uy\/web\/wp-content\/uploads\/2016\/04\/p-1932-7323-100x100.jpg",100,100,true]},"post_excerpt_stackable_v2":"<p>\u00bfPor qu\u00e9 una anciana es asesinada en su mansi\u00f3n de Inglaterra la madrugadadel 11 de septiembre de 2001?\u00bfPor qu\u00e9 un exitoso banquero de Nueva York no se sorprende al recibir por correo la oreja de una vieja dama?\u00bfPor qu\u00e9 un prestigioso abogado trabaja para<\/p>\n","category_list_v2":"","author_info_v2":{"name":"","url":""},"comments_num_v2":"0 comentarios","_links":{"self":[{"href":"https:\/\/ajupe.com.uy\/web\/wp-json\/wp\/v2\/product\/1932","targetHints":{"allow":["GET"]}}],"collection":[{"href":"https:\/\/ajupe.com.uy\/web\/wp-json\/wp\/v2\/product"}],"about":[{"href":"https:\/\/ajupe.com.uy\/web\/wp-json\/wp\/v2\/types\/product"}],"wp:featuredmedia":[{"embeddable":true,"href":"https:\/\/ajupe.com.uy\/web\/wp-json\/wp\/v2\/media\/1933"}],"wp:attachment":[{"href":"https:\/\/ajupe.com.uy\/web\/wp-json\/wp\/v2\/media?parent=1932"}],"wp:term":[{"taxonomy":"product_brand","embeddable":true,"href":"https:\/\/ajupe.com.uy\/web\/wp-json\/wp\/v2\/product_brand?post=1932"},{"taxonomy":"product_cat","embeddable":true,"href":"https:\/\/ajupe.com.uy\/web\/wp-json\/wp\/v2\/product_cat?post=1932"},{"taxonomy":"product_tag","embeddable":true,"href":"https:\/\/ajupe.com.uy\/web\/wp-json\/wp\/v2\/product_tag?post=1932"}],"curies":[{"name":"wp","href":"https:\/\/api.w.org\/{rel}","templated":true}]}}