{"id":1936,"date":"2010-07-14T00:00:00","date_gmt":"2010-07-14T03:00:00","guid":{"rendered":"http:\/\/ajupe.com.uy\/web\/?post_type=product&#038;p=1936"},"modified":"2011-09-22T18:20:16","modified_gmt":"2011-09-22T21:20:16","slug":"el-inocente","status":"publish","type":"product","link":"https:\/\/ajupe.com.uy\/web\/biblioteca\/el-inocente\/","title":{"rendered":"El Inocente"},"content":{"rendered":"<p>Bas\u00e1ndose en una historia real, John Grisham se adentra en la vida de un hombre condenado injustamente a la pena de muerte: Ronald Keith Williamson, acusado de asesinar a una mujer. Tras doce a\u00f1os de prisi\u00f3n, cinco d\u00edas antes de la fecha en que deb\u00eda ser justiciado, sus abogados lograron demostrar su inocencia.<\/p>\n","protected":false},"excerpt":{"rendered":"<p>Bas\u00e1ndose en una historia real, John Grisham se adentra en la vida de un hombre condenado injustamente a la pena de muerte: Ronald Keith Williamson, acusado de asesinar a una mujer. Tras doce a\u00f1os de prisi\u00f3n, cinco d\u00edas antes de la fecha en que deb\u00eda ser<\/p>\n","protected":false},"featured_media":1937,"template":"","meta":[],"product_brand":[77],"product_cat":[30],"product_tag":[],"class_list":{"0":"post-1936","1":"product","2":"type-product","3":"status-publish","4":"has-post-thumbnail","6":"product_brand-john-grisham","7":"product_cat-suspenso","9":"first","10":"instock","11":"purchasable","12":"product-type-simple"},"featured_image_urls_v2":{"full":["https:\/\/ajupe.com.uy\/web\/wp-content\/uploads\/2016\/04\/p-1936-7326.jpg",175,271,false],"thumbnail":["https:\/\/ajupe.com.uy\/web\/wp-content\/uploads\/2016\/04\/p-1936-7326.jpg",150,150,true],"medium":["https:\/\/ajupe.com.uy\/web\/wp-content\/uploads\/2016\/04\/p-1936-7326.jpg",300,214,true],"medium_large":["https:\/\/ajupe.com.uy\/web\/wp-content\/uploads\/2016\/04\/p-1936-7326.jpg",175,271,false],"large":["https:\/\/ajupe.com.uy\/web\/wp-content\/uploads\/2016\/04\/p-1936-7326.jpg",175,271,false],"1536x1536":["https:\/\/ajupe.com.uy\/web\/wp-content\/uploads\/2016\/04\/p-1936-7326.jpg",175,271,false],"2048x2048":["https:\/\/ajupe.com.uy\/web\/wp-content\/uploads\/2016\/04\/p-1936-7326.jpg",175,271,false],"woocommerce_archive_thumbnail":["https:\/\/ajupe.com.uy\/web\/wp-content\/uploads\/2016\/04\/p-1936-7326.jpg",175,271,false],"woocommerce_thumbnail":["https:\/\/ajupe.com.uy\/web\/wp-content\/uploads\/2016\/04\/p-1936-7326.jpg",175,271,false],"woocommerce_single":["https:\/\/ajupe.com.uy\/web\/wp-content\/uploads\/2016\/04\/p-1936-7326.jpg",175,271,false],"woocommerce_gallery_thumbnail":["https:\/\/ajupe.com.uy\/web\/wp-content\/uploads\/2016\/04\/p-1936-7326-100x100.jpg",100,100,true]},"post_excerpt_stackable_v2":"<p>Bas\u00e1ndose en una historia real, John Grisham se adentra en la vida de un hombre condenado injustamente a la pena de muerte: Ronald Keith Williamson, acusado de asesinar a una mujer. Tras doce a\u00f1os de prisi\u00f3n, cinco d\u00edas antes de la fecha en que deb\u00eda ser<\/p>\n","category_list_v2":"","author_info_v2":{"name":"","url":""},"comments_num_v2":"0 comentarios","_links":{"self":[{"href":"https:\/\/ajupe.com.uy\/web\/wp-json\/wp\/v2\/product\/1936","targetHints":{"allow":["GET"]}}],"collection":[{"href":"https:\/\/ajupe.com.uy\/web\/wp-json\/wp\/v2\/product"}],"about":[{"href":"https:\/\/ajupe.com.uy\/web\/wp-json\/wp\/v2\/types\/product"}],"wp:featuredmedia":[{"embeddable":true,"href":"https:\/\/ajupe.com.uy\/web\/wp-json\/wp\/v2\/media\/1937"}],"wp:attachment":[{"href":"https:\/\/ajupe.com.uy\/web\/wp-json\/wp\/v2\/media?parent=1936"}],"wp:term":[{"taxonomy":"product_brand","embeddable":true,"href":"https:\/\/ajupe.com.uy\/web\/wp-json\/wp\/v2\/product_brand?post=1936"},{"taxonomy":"product_cat","embeddable":true,"href":"https:\/\/ajupe.com.uy\/web\/wp-json\/wp\/v2\/product_cat?post=1936"},{"taxonomy":"product_tag","embeddable":true,"href":"https:\/\/ajupe.com.uy\/web\/wp-json\/wp\/v2\/product_tag?post=1936"}],"curies":[{"name":"wp","href":"https:\/\/api.w.org\/{rel}","templated":true}]}}