{"id":1946,"date":"2010-07-14T00:00:00","date_gmt":"2010-07-14T03:00:00","guid":{"rendered":"http:\/\/ajupe.com.uy\/web\/?post_type=product&#038;p=1946"},"modified":"2011-09-22T18:47:51","modified_gmt":"2011-09-22T21:47:51","slug":"cell","status":"publish","type":"product","link":"https:\/\/ajupe.com.uy\/web\/biblioteca\/cell\/","title":{"rendered":"CELL"},"content":{"rendered":"<p>D\u00eda 1 de octubre: Dios est\u00e1 en los cielos, la bolsa est\u00e1 a 10.140, la mayor\u00eda de los vuelos llegan a tiempo y Clayton Riddell, un artista de Maine, casi salta de alegr\u00eda por Boylston Street, en Boston&#8230;Acaba de firmar un contrato para ilustrar un c\u00f3mic que le permitir\u00e1 mantener a su familia con su arte en vez de tener que dar clases. Ya ha comprado un regalo peque\u00f1o (\u00a1pero caro!) a su sufrida mujer y tiene claro lo que va a regalar a su hijo Johnny. \u00bfPor qu\u00e9 no algo para s\u00ed mismo? Clay presiente que todo va a ir mejor a partir de entonces. Pero bruscamente se trantorna todo: se produce una devastaci\u00f3n masiva, causada por un fen\u00f3meno que m\u00e1s adelante llamar\u00e1n El Pulso, que se reproduce a trav\u00e9s del tel\u00e9fono m\u00f3vil. De todos los tel\u00e9fonos m\u00f3viles. Clay junto a unos cuantos supervivientes desesperados, se encuentra arrojado a una edad oscura, rodeados por el caos, la hecatombe y una masa humana degradada a su estado m\u00e1s primitivo&#8230;Parece que no hay forma de escapar a esta pesadilla. Sin embargo, una flecha indica a Clay el camino de su casa en Maine; mientras \u00e9l y sus compa\u00f1eros de viaje avanzan entre escenas espeluznantes hacia el norte, empiezan a ver los crudos signos que confirman la direcci\u00f3n: KASHWAK = NO-FO. Una promesa, quiz\u00e1s. O una amenaza&#8230;Hay miles de millones de tel\u00e9fonos m\u00f3viles en el mundo. \u00bfQui\u00e9n no tiene uno?..Esta novela fascinante, absorbente y cruel de Stephen King no solamente hace la pregunta \u00bfMe oyes ahora?, sino tambi\u00e9n responde, y de una forma muy, muy inquietante.<\/p>\n","protected":false},"excerpt":{"rendered":"<p>D\u00eda 1 de octubre: Dios est\u00e1 en los cielos, la bolsa est\u00e1 a 10.140, la mayor\u00eda de los vuelos llegan a tiempo y Clayton Riddell, un artista de Maine, casi salta de alegr\u00eda por Boylston Street, en Boston&#8230;Acaba de firmar un contrato para ilustrar un c\u00f3mic q<\/p>\n","protected":false},"featured_media":1947,"template":"","meta":[],"product_brand":[115],"product_cat":[30],"product_tag":[],"class_list":{"0":"post-1946","1":"product","2":"type-product","3":"status-publish","4":"has-post-thumbnail","6":"product_brand-stephen-king","7":"product_cat-suspenso","9":"first","10":"instock","11":"purchasable","12":"product-type-simple"},"featured_image_urls_v2":{"full":["https:\/\/ajupe.com.uy\/web\/wp-content\/uploads\/2016\/04\/p-1946-7331.jpg",329,500,false],"thumbnail":["https:\/\/ajupe.com.uy\/web\/wp-content\/uploads\/2016\/04\/p-1946-7331.jpg",150,150,true],"medium":["https:\/\/ajupe.com.uy\/web\/wp-content\/uploads\/2016\/04\/p-1946-7331.jpg",300,214,true],"medium_large":["https:\/\/ajupe.com.uy\/web\/wp-content\/uploads\/2016\/04\/p-1946-7331.jpg",329,500,false],"large":["https:\/\/ajupe.com.uy\/web\/wp-content\/uploads\/2016\/04\/p-1946-7331.jpg",329,500,false],"1536x1536":["https:\/\/ajupe.com.uy\/web\/wp-content\/uploads\/2016\/04\/p-1946-7331.jpg",329,500,false],"2048x2048":["https:\/\/ajupe.com.uy\/web\/wp-content\/uploads\/2016\/04\/p-1946-7331.jpg",329,500,false],"woocommerce_archive_thumbnail":["https:\/\/ajupe.com.uy\/web\/wp-content\/uploads\/2016\/04\/p-1946-7331-300x450.jpg",300,450,true],"woocommerce_thumbnail":["https:\/\/ajupe.com.uy\/web\/wp-content\/uploads\/2016\/04\/p-1946-7331-300x300.jpg",300,300,true],"woocommerce_single":["https:\/\/ajupe.com.uy\/web\/wp-content\/uploads\/2016\/04\/p-1946-7331-300x456.jpg",300,456,true],"woocommerce_gallery_thumbnail":["https:\/\/ajupe.com.uy\/web\/wp-content\/uploads\/2016\/04\/p-1946-7331-100x100.jpg",100,100,true]},"post_excerpt_stackable_v2":"<p>D\u00eda 1 de octubre: Dios est\u00e1 en los cielos, la bolsa est\u00e1 a 10.140, la mayor\u00eda de los vuelos llegan a tiempo y Clayton Riddell, un artista de Maine, casi salta de alegr\u00eda por Boylston Street, en Boston&#8230;Acaba de firmar un contrato para ilustrar un c\u00f3mic q<\/p>\n","category_list_v2":"","author_info_v2":{"name":"","url":""},"comments_num_v2":"0 comentarios","_links":{"self":[{"href":"https:\/\/ajupe.com.uy\/web\/wp-json\/wp\/v2\/product\/1946","targetHints":{"allow":["GET"]}}],"collection":[{"href":"https:\/\/ajupe.com.uy\/web\/wp-json\/wp\/v2\/product"}],"about":[{"href":"https:\/\/ajupe.com.uy\/web\/wp-json\/wp\/v2\/types\/product"}],"wp:featuredmedia":[{"embeddable":true,"href":"https:\/\/ajupe.com.uy\/web\/wp-json\/wp\/v2\/media\/1947"}],"wp:attachment":[{"href":"https:\/\/ajupe.com.uy\/web\/wp-json\/wp\/v2\/media?parent=1946"}],"wp:term":[{"taxonomy":"product_brand","embeddable":true,"href":"https:\/\/ajupe.com.uy\/web\/wp-json\/wp\/v2\/product_brand?post=1946"},{"taxonomy":"product_cat","embeddable":true,"href":"https:\/\/ajupe.com.uy\/web\/wp-json\/wp\/v2\/product_cat?post=1946"},{"taxonomy":"product_tag","embeddable":true,"href":"https:\/\/ajupe.com.uy\/web\/wp-json\/wp\/v2\/product_tag?post=1946"}],"curies":[{"name":"wp","href":"https:\/\/api.w.org\/{rel}","templated":true}]}}