{"id":1966,"date":"2010-07-14T00:00:00","date_gmt":"2010-07-14T03:00:00","guid":{"rendered":"http:\/\/ajupe.com.uy\/web\/?post_type=product&#038;p=1966"},"modified":"2011-09-05T21:16:21","modified_gmt":"2011-09-06T00:16:21","slug":"toda-la-noche","status":"publish","type":"product","link":"https:\/\/ajupe.com.uy\/web\/biblioteca\/toda-la-noche\/","title":{"rendered":"Toda la Noche"},"content":{"rendered":"<p>La t\u00edmida y estudiosa Irene Stenson y la salvaje y privilegiada Pamela Webb han sido amigas durante unas breves vacaciones. Su amistad acab\u00f3 la noche en que Irene regres\u00f3 a su casa y descubri\u00f3 los cad\u00e1veres de sus padres en el suelo de la cocina. Todo el mundo dio por sentado que se hab\u00edan suicidado. Irene abandon\u00f3 Dunsley , decidida a borrar de su memoria todo lo relacionado con su hogar en el norte de California. Pero de pronto se ve obligada a recordar.<\/p>\n","protected":false},"excerpt":{"rendered":"<p>La t\u00edmida y estudiosa Irene Stenson y la salvaje y privilegiada Pamela Webb han sido amigas durante unas breves vacaciones. Su amistad acab\u00f3 la noche en que Irene regres\u00f3 a su casa y descubri\u00f3 los cad\u00e1veres de sus padres en el suelo de la cocina. Todo el<\/p>\n","protected":false},"featured_media":1967,"template":"","meta":[],"product_brand":[358],"product_cat":[30],"product_tag":[],"class_list":{"0":"post-1966","1":"product","2":"type-product","3":"status-publish","4":"has-post-thumbnail","6":"product_brand-jayne-ann-krentz","7":"product_cat-suspenso","9":"first","10":"instock","11":"purchasable","12":"product-type-simple"},"featured_image_urls_v2":{"full":["https:\/\/ajupe.com.uy\/web\/wp-content\/uploads\/2016\/04\/p-1966-7350.jpg",170,270,false],"thumbnail":["https:\/\/ajupe.com.uy\/web\/wp-content\/uploads\/2016\/04\/p-1966-7350.jpg",150,150,true],"medium":["https:\/\/ajupe.com.uy\/web\/wp-content\/uploads\/2016\/04\/p-1966-7350.jpg",300,214,true],"medium_large":["https:\/\/ajupe.com.uy\/web\/wp-content\/uploads\/2016\/04\/p-1966-7350.jpg",170,270,false],"large":["https:\/\/ajupe.com.uy\/web\/wp-content\/uploads\/2016\/04\/p-1966-7350.jpg",170,270,false],"1536x1536":["https:\/\/ajupe.com.uy\/web\/wp-content\/uploads\/2016\/04\/p-1966-7350.jpg",170,270,false],"2048x2048":["https:\/\/ajupe.com.uy\/web\/wp-content\/uploads\/2016\/04\/p-1966-7350.jpg",170,270,false],"woocommerce_archive_thumbnail":["https:\/\/ajupe.com.uy\/web\/wp-content\/uploads\/2016\/04\/p-1966-7350.jpg",170,270,false],"woocommerce_thumbnail":["https:\/\/ajupe.com.uy\/web\/wp-content\/uploads\/2016\/04\/p-1966-7350.jpg",170,270,false],"woocommerce_single":["https:\/\/ajupe.com.uy\/web\/wp-content\/uploads\/2016\/04\/p-1966-7350.jpg",170,270,false],"woocommerce_gallery_thumbnail":["https:\/\/ajupe.com.uy\/web\/wp-content\/uploads\/2016\/04\/p-1966-7350-100x100.jpg",100,100,true]},"post_excerpt_stackable_v2":"<p>La t\u00edmida y estudiosa Irene Stenson y la salvaje y privilegiada Pamela Webb han sido amigas durante unas breves vacaciones. Su amistad acab\u00f3 la noche en que Irene regres\u00f3 a su casa y descubri\u00f3 los cad\u00e1veres de sus padres en el suelo de la cocina. Todo el<\/p>\n","category_list_v2":"","author_info_v2":{"name":"","url":""},"comments_num_v2":"0 comentarios","_links":{"self":[{"href":"https:\/\/ajupe.com.uy\/web\/wp-json\/wp\/v2\/product\/1966","targetHints":{"allow":["GET"]}}],"collection":[{"href":"https:\/\/ajupe.com.uy\/web\/wp-json\/wp\/v2\/product"}],"about":[{"href":"https:\/\/ajupe.com.uy\/web\/wp-json\/wp\/v2\/types\/product"}],"wp:featuredmedia":[{"embeddable":true,"href":"https:\/\/ajupe.com.uy\/web\/wp-json\/wp\/v2\/media\/1967"}],"wp:attachment":[{"href":"https:\/\/ajupe.com.uy\/web\/wp-json\/wp\/v2\/media?parent=1966"}],"wp:term":[{"taxonomy":"product_brand","embeddable":true,"href":"https:\/\/ajupe.com.uy\/web\/wp-json\/wp\/v2\/product_brand?post=1966"},{"taxonomy":"product_cat","embeddable":true,"href":"https:\/\/ajupe.com.uy\/web\/wp-json\/wp\/v2\/product_cat?post=1966"},{"taxonomy":"product_tag","embeddable":true,"href":"https:\/\/ajupe.com.uy\/web\/wp-json\/wp\/v2\/product_tag?post=1966"}],"curies":[{"name":"wp","href":"https:\/\/api.w.org\/{rel}","templated":true}]}}