{"id":1978,"date":"2010-07-14T00:00:00","date_gmt":"2010-07-14T03:00:00","guid":{"rendered":"http:\/\/ajupe.com.uy\/web\/?post_type=product&#038;p=1978"},"modified":"2011-09-22T18:23:55","modified_gmt":"2011-09-22T21:23:55","slug":"amor-perdurable","status":"publish","type":"product","link":"https:\/\/ajupe.com.uy\/web\/biblioteca\/amor-perdurable\/","title":{"rendered":"Amor perdurable"},"content":{"rendered":"<p>Un hombre contempla como otro se cae de un globo aerost\u00e1tico que poco antes hab\u00edan intentado detener. Si siente culpable por haber soltado las cuerdas para no ser arrastrado, como hicieron el resto de rescatadores, menos el h\u00e9roe que luego muri\u00f3, tratando de salvar al ni\u00f1o que iba en la barquilla. Un tipo raro que pasaba por all\u00ed, y rez\u00f3 por el difunto, JedParry, se enamora del protagonista e inicia una persecuci\u00f3n delirante del mismo&#8230; En realidad, es un enfermo mental erot\u00f3mano.<\/p>\n","protected":false},"excerpt":{"rendered":"<p>Un hombre contempla como otro se cae de un globo aerost\u00e1tico que poco antes hab\u00edan intentado detener. Si siente culpable por haber soltado las cuerdas para no ser arrastrado, como hicieron el resto de rescatadores, menos el h\u00e9roe que luego muri\u00f3, tratando<\/p>\n","protected":false},"featured_media":1979,"template":"","meta":[],"product_brand":[380],"product_cat":[29],"product_tag":[],"class_list":{"0":"post-1978","1":"product","2":"type-product","3":"status-publish","4":"has-post-thumbnail","6":"product_brand-ian-mcewan","7":"product_cat-novela","9":"first","10":"instock","11":"purchasable","12":"product-type-simple"},"featured_image_urls_v2":{"full":["https:\/\/ajupe.com.uy\/web\/wp-content\/uploads\/2016\/04\/p-1978-7360.jpg",199,302,false],"thumbnail":["https:\/\/ajupe.com.uy\/web\/wp-content\/uploads\/2016\/04\/p-1978-7360.jpg",150,150,true],"medium":["https:\/\/ajupe.com.uy\/web\/wp-content\/uploads\/2016\/04\/p-1978-7360.jpg",300,214,true],"medium_large":["https:\/\/ajupe.com.uy\/web\/wp-content\/uploads\/2016\/04\/p-1978-7360.jpg",199,302,false],"large":["https:\/\/ajupe.com.uy\/web\/wp-content\/uploads\/2016\/04\/p-1978-7360.jpg",199,302,false],"1536x1536":["https:\/\/ajupe.com.uy\/web\/wp-content\/uploads\/2016\/04\/p-1978-7360.jpg",199,302,false],"2048x2048":["https:\/\/ajupe.com.uy\/web\/wp-content\/uploads\/2016\/04\/p-1978-7360.jpg",199,302,false],"woocommerce_archive_thumbnail":["https:\/\/ajupe.com.uy\/web\/wp-content\/uploads\/2016\/04\/p-1978-7360.jpg",199,302,false],"woocommerce_thumbnail":["https:\/\/ajupe.com.uy\/web\/wp-content\/uploads\/2016\/04\/p-1978-7360-199x300.jpg",199,300,true],"woocommerce_single":["https:\/\/ajupe.com.uy\/web\/wp-content\/uploads\/2016\/04\/p-1978-7360.jpg",199,302,false],"woocommerce_gallery_thumbnail":["https:\/\/ajupe.com.uy\/web\/wp-content\/uploads\/2016\/04\/p-1978-7360-100x100.jpg",100,100,true]},"post_excerpt_stackable_v2":"<p>Un hombre contempla como otro se cae de un globo aerost\u00e1tico que poco antes hab\u00edan intentado detener. Si siente culpable por haber soltado las cuerdas para no ser arrastrado, como hicieron el resto de rescatadores, menos el h\u00e9roe que luego muri\u00f3, tratando<\/p>\n","category_list_v2":"","author_info_v2":{"name":"","url":""},"comments_num_v2":"0 comentarios","_links":{"self":[{"href":"https:\/\/ajupe.com.uy\/web\/wp-json\/wp\/v2\/product\/1978","targetHints":{"allow":["GET"]}}],"collection":[{"href":"https:\/\/ajupe.com.uy\/web\/wp-json\/wp\/v2\/product"}],"about":[{"href":"https:\/\/ajupe.com.uy\/web\/wp-json\/wp\/v2\/types\/product"}],"wp:featuredmedia":[{"embeddable":true,"href":"https:\/\/ajupe.com.uy\/web\/wp-json\/wp\/v2\/media\/1979"}],"wp:attachment":[{"href":"https:\/\/ajupe.com.uy\/web\/wp-json\/wp\/v2\/media?parent=1978"}],"wp:term":[{"taxonomy":"product_brand","embeddable":true,"href":"https:\/\/ajupe.com.uy\/web\/wp-json\/wp\/v2\/product_brand?post=1978"},{"taxonomy":"product_cat","embeddable":true,"href":"https:\/\/ajupe.com.uy\/web\/wp-json\/wp\/v2\/product_cat?post=1978"},{"taxonomy":"product_tag","embeddable":true,"href":"https:\/\/ajupe.com.uy\/web\/wp-json\/wp\/v2\/product_tag?post=1978"}],"curies":[{"name":"wp","href":"https:\/\/api.w.org\/{rel}","templated":true}]}}