{"id":1994,"date":"2010-07-14T00:00:00","date_gmt":"2010-07-14T03:00:00","guid":{"rendered":"http:\/\/ajupe.com.uy\/web\/?post_type=product&#038;p=1994"},"modified":"2011-09-22T18:14:53","modified_gmt":"2011-09-22T21:14:53","slug":"la-bruja-de-portobello","status":"publish","type":"product","link":"https:\/\/ajupe.com.uy\/web\/biblioteca\/la-bruja-de-portobello\/","title":{"rendered":"La Bruja De Portobello"},"content":{"rendered":"<p>\u00abQuise explorar el lado femenino de la divinidad, quise sumergirme en el coraz\u00f3n de la Gran Madre. Sent\u00ed la necesidad de responder a la pregunta de por qu\u00e9 la sociedad hab\u00eda tratado de bloquear el lado femenino de Dios. \u00bfPero por qu\u00e9 explorar el lado femenino de Dios? La gente a veces me pregunta si creo en brujas, a lo cual siempre contesto: \u00abS\u00ed\u00bb. Lamentablemente la palabra \u00abbruja\u00bb todav\u00eda tiene muchas connotaciones malas. Para m\u00ed, una bruja es una mujer que es capaz de dejar que su intuici\u00f3n dirija sus acciones, alguien que se comunica con su ambiente, que no tiene miedo de afrontar desaf\u00edos. Quise hablar del prejuicio que la brujas modernas afrontan en la sociedad moderna\u00bb.<\/p>\n","protected":false},"excerpt":{"rendered":"<p>\u00abQuise explorar el lado femenino de la divinidad, quise sumergirme en el coraz\u00f3n de la Gran Madre. Sent\u00ed la necesidad de responder a la pregunta de por qu\u00e9 la sociedad hab\u00eda tratado de bloquear el lado femenino de Dios. \u00bfPero por qu\u00e9 explorar el lado feme<\/p>\n","protected":false},"featured_media":1995,"template":"","meta":[],"product_brand":[110],"product_cat":[29],"product_tag":[],"class_list":{"0":"post-1994","1":"product","2":"type-product","3":"status-publish","4":"has-post-thumbnail","6":"product_brand-paulo-coelho","7":"product_cat-novela","9":"first","10":"instock","11":"purchasable","12":"product-type-simple"},"featured_image_urls_v2":{"full":["https:\/\/ajupe.com.uy\/web\/wp-content\/uploads\/2016\/04\/p-1994-7368.jpg",436,648,false],"thumbnail":["https:\/\/ajupe.com.uy\/web\/wp-content\/uploads\/2016\/04\/p-1994-7368.jpg",150,150,true],"medium":["https:\/\/ajupe.com.uy\/web\/wp-content\/uploads\/2016\/04\/p-1994-7368.jpg",300,214,true],"medium_large":["https:\/\/ajupe.com.uy\/web\/wp-content\/uploads\/2016\/04\/p-1994-7368.jpg",436,648,false],"large":["https:\/\/ajupe.com.uy\/web\/wp-content\/uploads\/2016\/04\/p-1994-7368.jpg",436,648,false],"1536x1536":["https:\/\/ajupe.com.uy\/web\/wp-content\/uploads\/2016\/04\/p-1994-7368.jpg",436,648,false],"2048x2048":["https:\/\/ajupe.com.uy\/web\/wp-content\/uploads\/2016\/04\/p-1994-7368.jpg",436,648,false],"woocommerce_archive_thumbnail":["https:\/\/ajupe.com.uy\/web\/wp-content\/uploads\/2016\/04\/p-1994-7368-300x450.jpg",300,450,true],"woocommerce_thumbnail":["https:\/\/ajupe.com.uy\/web\/wp-content\/uploads\/2016\/04\/p-1994-7368-300x300.jpg",300,300,true],"woocommerce_single":["https:\/\/ajupe.com.uy\/web\/wp-content\/uploads\/2016\/04\/p-1994-7368-300x446.jpg",300,446,true],"woocommerce_gallery_thumbnail":["https:\/\/ajupe.com.uy\/web\/wp-content\/uploads\/2016\/04\/p-1994-7368-100x100.jpg",100,100,true]},"post_excerpt_stackable_v2":"<p>\u00abQuise explorar el lado femenino de la divinidad, quise sumergirme en el coraz\u00f3n de la Gran Madre. Sent\u00ed la necesidad de responder a la pregunta de por qu\u00e9 la sociedad hab\u00eda tratado de bloquear el lado femenino de Dios. \u00bfPero por qu\u00e9 explorar el lado feme<\/p>\n","category_list_v2":"","author_info_v2":{"name":"","url":""},"comments_num_v2":"0 comentarios","_links":{"self":[{"href":"https:\/\/ajupe.com.uy\/web\/wp-json\/wp\/v2\/product\/1994","targetHints":{"allow":["GET"]}}],"collection":[{"href":"https:\/\/ajupe.com.uy\/web\/wp-json\/wp\/v2\/product"}],"about":[{"href":"https:\/\/ajupe.com.uy\/web\/wp-json\/wp\/v2\/types\/product"}],"wp:featuredmedia":[{"embeddable":true,"href":"https:\/\/ajupe.com.uy\/web\/wp-json\/wp\/v2\/media\/1995"}],"wp:attachment":[{"href":"https:\/\/ajupe.com.uy\/web\/wp-json\/wp\/v2\/media?parent=1994"}],"wp:term":[{"taxonomy":"product_brand","embeddable":true,"href":"https:\/\/ajupe.com.uy\/web\/wp-json\/wp\/v2\/product_brand?post=1994"},{"taxonomy":"product_cat","embeddable":true,"href":"https:\/\/ajupe.com.uy\/web\/wp-json\/wp\/v2\/product_cat?post=1994"},{"taxonomy":"product_tag","embeddable":true,"href":"https:\/\/ajupe.com.uy\/web\/wp-json\/wp\/v2\/product_tag?post=1994"}],"curies":[{"name":"wp","href":"https:\/\/api.w.org\/{rel}","templated":true}]}}