{"id":2008,"date":"2010-07-14T00:00:00","date_gmt":"2010-07-14T03:00:00","guid":{"rendered":"http:\/\/ajupe.com.uy\/web\/?post_type=product&#038;p=2008"},"modified":"2011-09-22T18:08:34","modified_gmt":"2011-09-22T21:08:34","slug":"los-griegos","status":"publish","type":"product","link":"https:\/\/ajupe.com.uy\/web\/biblioteca\/los-griegos\/","title":{"rendered":"Los griegos"},"content":{"rendered":"<p>La serie informalmente titulada Historia Universal Asimov re\u00fane las obras dedicadas por el gran novelista y divulgador cient\u00edfico a la evoluci\u00f3n pol\u00edtica, cultural y material de la humanidad. Los Griegos examina el amplio periodo que se extiende desde los tiempos mic\u00e9nicos hasta la configuraci\u00f3n de la actual Grecia, ya en el siglo XX, subrayando los aspectos m\u00e1s destacados de una cultura que estableci\u00f3 los cimientos art\u00edsticos, filos\u00f3ficos y pol\u00edticos sobre los que se asienta la actual civilizaci\u00f3n occidental.<\/p>\n","protected":false},"excerpt":{"rendered":"<p>La serie informalmente titulada Historia Universal Asimov re\u00fane las obras dedicadas por el gran novelista y divulgador cient\u00edfico a la evoluci\u00f3n pol\u00edtica, cultural y material de la humanidad. Los Griegos examina el amplio periodo que se extiende desde los<\/p>\n","protected":false},"featured_media":2009,"template":"","meta":[],"product_brand":[103],"product_cat":[31],"product_tag":[],"class_list":{"0":"post-2008","1":"product","2":"type-product","3":"status-publish","4":"has-post-thumbnail","6":"product_brand-isaac-asimov","7":"product_cat-historico","9":"first","10":"instock","11":"purchasable","12":"product-type-simple"},"featured_image_urls_v2":{"full":["https:\/\/ajupe.com.uy\/web\/wp-content\/uploads\/2016\/04\/p-2008-7377.jpg",227,350,false],"thumbnail":["https:\/\/ajupe.com.uy\/web\/wp-content\/uploads\/2016\/04\/p-2008-7377.jpg",150,150,true],"medium":["https:\/\/ajupe.com.uy\/web\/wp-content\/uploads\/2016\/04\/p-2008-7377.jpg",300,214,true],"medium_large":["https:\/\/ajupe.com.uy\/web\/wp-content\/uploads\/2016\/04\/p-2008-7377.jpg",227,350,false],"large":["https:\/\/ajupe.com.uy\/web\/wp-content\/uploads\/2016\/04\/p-2008-7377.jpg",227,350,false],"1536x1536":["https:\/\/ajupe.com.uy\/web\/wp-content\/uploads\/2016\/04\/p-2008-7377.jpg",227,350,false],"2048x2048":["https:\/\/ajupe.com.uy\/web\/wp-content\/uploads\/2016\/04\/p-2008-7377.jpg",227,350,false],"woocommerce_archive_thumbnail":["https:\/\/ajupe.com.uy\/web\/wp-content\/uploads\/2016\/04\/p-2008-7377-227x300.jpg",227,300,true],"woocommerce_thumbnail":["https:\/\/ajupe.com.uy\/web\/wp-content\/uploads\/2016\/04\/p-2008-7377-227x300.jpg",227,300,true],"woocommerce_single":["https:\/\/ajupe.com.uy\/web\/wp-content\/uploads\/2016\/04\/p-2008-7377.jpg",227,350,false],"woocommerce_gallery_thumbnail":["https:\/\/ajupe.com.uy\/web\/wp-content\/uploads\/2016\/04\/p-2008-7377-100x100.jpg",100,100,true]},"post_excerpt_stackable_v2":"<p>La serie informalmente titulada Historia Universal Asimov re\u00fane las obras dedicadas por el gran novelista y divulgador cient\u00edfico a la evoluci\u00f3n pol\u00edtica, cultural y material de la humanidad. Los Griegos examina el amplio periodo que se extiende desde los<\/p>\n","category_list_v2":"","author_info_v2":{"name":"","url":""},"comments_num_v2":"0 comentarios","_links":{"self":[{"href":"https:\/\/ajupe.com.uy\/web\/wp-json\/wp\/v2\/product\/2008","targetHints":{"allow":["GET"]}}],"collection":[{"href":"https:\/\/ajupe.com.uy\/web\/wp-json\/wp\/v2\/product"}],"about":[{"href":"https:\/\/ajupe.com.uy\/web\/wp-json\/wp\/v2\/types\/product"}],"wp:featuredmedia":[{"embeddable":true,"href":"https:\/\/ajupe.com.uy\/web\/wp-json\/wp\/v2\/media\/2009"}],"wp:attachment":[{"href":"https:\/\/ajupe.com.uy\/web\/wp-json\/wp\/v2\/media?parent=2008"}],"wp:term":[{"taxonomy":"product_brand","embeddable":true,"href":"https:\/\/ajupe.com.uy\/web\/wp-json\/wp\/v2\/product_brand?post=2008"},{"taxonomy":"product_cat","embeddable":true,"href":"https:\/\/ajupe.com.uy\/web\/wp-json\/wp\/v2\/product_cat?post=2008"},{"taxonomy":"product_tag","embeddable":true,"href":"https:\/\/ajupe.com.uy\/web\/wp-json\/wp\/v2\/product_tag?post=2008"}],"curies":[{"name":"wp","href":"https:\/\/api.w.org\/{rel}","templated":true}]}}