{"id":2010,"date":"2010-07-14T00:00:00","date_gmt":"2010-07-14T03:00:00","guid":{"rendered":"http:\/\/ajupe.com.uy\/web\/?post_type=product&#038;p=2010"},"modified":"2011-10-31T19:33:16","modified_gmt":"2011-10-31T22:33:16","slug":"sobre-heroes-y-tumbas-2","status":"publish","type":"product","link":"https:\/\/ajupe.com.uy\/web\/biblioteca\/sobre-heroes-y-tumbas-2\/","title":{"rendered":"Sobre h\u00e9roes y tumbas"},"content":{"rendered":"<p>Una novela donde Ernesto S\u00e1bato plantea toda su carga ideol\u00f3gica. Centrada en el personaje de Mart\u00edn, un hombre en busca de s\u00ed mismo, el escritor argentino expone su particular visi\u00f3n sobre la soledad, tema clave en su narrativa. Cercana a ciertas obras del existencialismo franc\u00e9s despert\u00f3 la admiraci\u00f3n de Camus.<\/p>\n","protected":false},"excerpt":{"rendered":"<p>Una novela donde Ernesto S\u00e1bato plantea toda su carga ideol\u00f3gica. Centrada en el personaje de Mart\u00edn, un hombre en busca de s\u00ed mismo, el escritor argentino expone su particular visi\u00f3n sobre la soledad, tema clave en su narrativa. Cercana a ciertas obras d<\/p>\n","protected":false},"featured_media":2011,"template":"","meta":[],"product_brand":[186],"product_cat":[33],"product_tag":[],"class_list":{"0":"post-2010","1":"product","2":"type-product","3":"status-publish","4":"has-post-thumbnail","6":"product_brand-ernesto-sabato","7":"product_cat-cuentos","9":"first","10":"instock","11":"purchasable","12":"product-type-simple"},"featured_image_urls_v2":{"full":["https:\/\/ajupe.com.uy\/web\/wp-content\/uploads\/2016\/04\/p-2010-7379.jpg",356,538,false],"thumbnail":["https:\/\/ajupe.com.uy\/web\/wp-content\/uploads\/2016\/04\/p-2010-7379.jpg",150,150,true],"medium":["https:\/\/ajupe.com.uy\/web\/wp-content\/uploads\/2016\/04\/p-2010-7379.jpg",300,214,true],"medium_large":["https:\/\/ajupe.com.uy\/web\/wp-content\/uploads\/2016\/04\/p-2010-7379.jpg",356,538,false],"large":["https:\/\/ajupe.com.uy\/web\/wp-content\/uploads\/2016\/04\/p-2010-7379.jpg",356,538,false],"1536x1536":["https:\/\/ajupe.com.uy\/web\/wp-content\/uploads\/2016\/04\/p-2010-7379.jpg",356,538,false],"2048x2048":["https:\/\/ajupe.com.uy\/web\/wp-content\/uploads\/2016\/04\/p-2010-7379.jpg",356,538,false],"woocommerce_archive_thumbnail":["https:\/\/ajupe.com.uy\/web\/wp-content\/uploads\/2016\/04\/p-2010-7379-300x450.jpg",300,450,true],"woocommerce_thumbnail":["https:\/\/ajupe.com.uy\/web\/wp-content\/uploads\/2016\/04\/p-2010-7379-300x300.jpg",300,300,true],"woocommerce_single":["https:\/\/ajupe.com.uy\/web\/wp-content\/uploads\/2016\/04\/p-2010-7379-300x453.jpg",300,453,true],"woocommerce_gallery_thumbnail":["https:\/\/ajupe.com.uy\/web\/wp-content\/uploads\/2016\/04\/p-2010-7379-100x100.jpg",100,100,true]},"post_excerpt_stackable_v2":"<p>Una novela donde Ernesto S\u00e1bato plantea toda su carga ideol\u00f3gica. Centrada en el personaje de Mart\u00edn, un hombre en busca de s\u00ed mismo, el escritor argentino expone su particular visi\u00f3n sobre la soledad, tema clave en su narrativa. Cercana a ciertas obras d<\/p>\n","category_list_v2":"","author_info_v2":{"name":"","url":""},"comments_num_v2":"0 comentarios","_links":{"self":[{"href":"https:\/\/ajupe.com.uy\/web\/wp-json\/wp\/v2\/product\/2010","targetHints":{"allow":["GET"]}}],"collection":[{"href":"https:\/\/ajupe.com.uy\/web\/wp-json\/wp\/v2\/product"}],"about":[{"href":"https:\/\/ajupe.com.uy\/web\/wp-json\/wp\/v2\/types\/product"}],"wp:featuredmedia":[{"embeddable":true,"href":"https:\/\/ajupe.com.uy\/web\/wp-json\/wp\/v2\/media\/2011"}],"wp:attachment":[{"href":"https:\/\/ajupe.com.uy\/web\/wp-json\/wp\/v2\/media?parent=2010"}],"wp:term":[{"taxonomy":"product_brand","embeddable":true,"href":"https:\/\/ajupe.com.uy\/web\/wp-json\/wp\/v2\/product_brand?post=2010"},{"taxonomy":"product_cat","embeddable":true,"href":"https:\/\/ajupe.com.uy\/web\/wp-json\/wp\/v2\/product_cat?post=2010"},{"taxonomy":"product_tag","embeddable":true,"href":"https:\/\/ajupe.com.uy\/web\/wp-json\/wp\/v2\/product_tag?post=2010"}],"curies":[{"name":"wp","href":"https:\/\/api.w.org\/{rel}","templated":true}]}}