{"id":2014,"date":"2010-07-14T00:00:00","date_gmt":"2010-07-14T03:00:00","guid":{"rendered":"http:\/\/ajupe.com.uy\/web\/?post_type=product&#038;p=2014"},"modified":"2011-09-22T17:59:20","modified_gmt":"2011-09-22T20:59:20","slug":"cronicas-sabrosas-del-viejo-montevideo","status":"publish","type":"product","link":"https:\/\/ajupe.com.uy\/web\/biblioteca\/cronicas-sabrosas-del-viejo-montevideo\/","title":{"rendered":"Cr\u00f3nicas sabrosas del viejo Montevideo"},"content":{"rendered":"<p>En 1911 Rossi se convirti\u00f3 en el segundo Intendente de Canelones, al suceder a Eduardo Lenzi, y fue el primero en ser electo por voto popular. Fue reelecto en 1914, dejando el cargo el 3 de enero de 1917 al culminar su segundo mandato; fue sucedido por Tom\u00e1s Berreta.Integr\u00f3 durante a\u00f1os la redacci\u00f3n del diario La Ma\u00f1ana y muchos de los trabajos aparecidos en el mismo fueron el origen de libros que editar\u00eda con posterioridad. Algunas de sus obras narran hechos del pasado del Uruguay, en las que hace confluir adem\u00e1s de la investigaci\u00f3n hist\u00f3rica su vocaci\u00f3n period\u00edstica. Tal es el caso de \u00abEpisodios Hist\u00f3ricos\u00bb, publicada en Montevideo en 1923, en la que recoge entrevistas a varios protagonistas sobrevivientes de la Defensa de Paysand\u00fa. Asimismo, se pueden encontrar obras en las que el autor utiliza la narrativa para rescatar hechos hist\u00f3ricos del anecdotario popular. Dentro de este estilo se pueden encontrar los cuatro vol\u00famenes que conforman \u00abRecuerdos y cr\u00f3nicas de anta\u00f1o\u00bb, as\u00ed como \u00abLa an\u00e9cdota del d\u00eda\u00bb y \u00abHombres y an\u00e9cdotas\u00bb.<\/p>\n","protected":false},"excerpt":{"rendered":"<p>En 1911 Rossi se convirti\u00f3 en el segundo Intendente de Canelones, al suceder a Eduardo Lenzi, y fue el primero en ser electo por voto popular. Fue reelecto en 1914, dejando el cargo el 3 de enero de 1917 al culminar su segundo mandato; fue sucedido por To<\/p>\n","protected":false},"featured_media":2015,"template":"","meta":[],"product_brand":[877],"product_cat":[45],"product_tag":[],"class_list":{"0":"post-2014","1":"product","2":"type-product","3":"status-publish","4":"has-post-thumbnail","6":"product_brand-rosalind-miles","7":"product_cat-uruguayo","9":"first","10":"instock","11":"purchasable","12":"product-type-simple"},"featured_image_urls_v2":{"full":["https:\/\/ajupe.com.uy\/web\/wp-content\/uploads\/2016\/04\/p-2014-7381.jpg",208,258,false],"thumbnail":["https:\/\/ajupe.com.uy\/web\/wp-content\/uploads\/2016\/04\/p-2014-7381.jpg",150,150,true],"medium":["https:\/\/ajupe.com.uy\/web\/wp-content\/uploads\/2016\/04\/p-2014-7381.jpg",300,214,true],"medium_large":["https:\/\/ajupe.com.uy\/web\/wp-content\/uploads\/2016\/04\/p-2014-7381.jpg",208,258,false],"large":["https:\/\/ajupe.com.uy\/web\/wp-content\/uploads\/2016\/04\/p-2014-7381.jpg",208,258,false],"1536x1536":["https:\/\/ajupe.com.uy\/web\/wp-content\/uploads\/2016\/04\/p-2014-7381.jpg",208,258,false],"2048x2048":["https:\/\/ajupe.com.uy\/web\/wp-content\/uploads\/2016\/04\/p-2014-7381.jpg",208,258,false],"woocommerce_archive_thumbnail":["https:\/\/ajupe.com.uy\/web\/wp-content\/uploads\/2016\/04\/p-2014-7381.jpg",208,258,false],"woocommerce_thumbnail":["https:\/\/ajupe.com.uy\/web\/wp-content\/uploads\/2016\/04\/p-2014-7381.jpg",208,258,false],"woocommerce_single":["https:\/\/ajupe.com.uy\/web\/wp-content\/uploads\/2016\/04\/p-2014-7381.jpg",208,258,false],"woocommerce_gallery_thumbnail":["https:\/\/ajupe.com.uy\/web\/wp-content\/uploads\/2016\/04\/p-2014-7381-100x100.jpg",100,100,true]},"post_excerpt_stackable_v2":"<p>En 1911 Rossi se convirti\u00f3 en el segundo Intendente de Canelones, al suceder a Eduardo Lenzi, y fue el primero en ser electo por voto popular. Fue reelecto en 1914, dejando el cargo el 3 de enero de 1917 al culminar su segundo mandato; fue sucedido por To<\/p>\n","category_list_v2":"","author_info_v2":{"name":"","url":""},"comments_num_v2":"0 comentarios","_links":{"self":[{"href":"https:\/\/ajupe.com.uy\/web\/wp-json\/wp\/v2\/product\/2014","targetHints":{"allow":["GET"]}}],"collection":[{"href":"https:\/\/ajupe.com.uy\/web\/wp-json\/wp\/v2\/product"}],"about":[{"href":"https:\/\/ajupe.com.uy\/web\/wp-json\/wp\/v2\/types\/product"}],"wp:featuredmedia":[{"embeddable":true,"href":"https:\/\/ajupe.com.uy\/web\/wp-json\/wp\/v2\/media\/2015"}],"wp:attachment":[{"href":"https:\/\/ajupe.com.uy\/web\/wp-json\/wp\/v2\/media?parent=2014"}],"wp:term":[{"taxonomy":"product_brand","embeddable":true,"href":"https:\/\/ajupe.com.uy\/web\/wp-json\/wp\/v2\/product_brand?post=2014"},{"taxonomy":"product_cat","embeddable":true,"href":"https:\/\/ajupe.com.uy\/web\/wp-json\/wp\/v2\/product_cat?post=2014"},{"taxonomy":"product_tag","embeddable":true,"href":"https:\/\/ajupe.com.uy\/web\/wp-json\/wp\/v2\/product_tag?post=2014"}],"curies":[{"name":"wp","href":"https:\/\/api.w.org\/{rel}","templated":true}]}}