{"id":2016,"date":"2010-07-14T00:00:00","date_gmt":"2010-07-14T03:00:00","guid":{"rendered":"http:\/\/ajupe.com.uy\/web\/?post_type=product&#038;p=2016"},"modified":"2011-09-22T18:00:14","modified_gmt":"2011-09-22T21:00:14","slug":"bernabe-bernabe","status":"publish","type":"product","link":"https:\/\/ajupe.com.uy\/web\/biblioteca\/bernabe-bernabe\/","title":{"rendered":"Bernab\u00e9 Bernab\u00e9"},"content":{"rendered":"<p>En esta versi\u00f3n definitiva \u2013 considerablemente ampliada con respecto a su primera edici\u00f3n &#8211; \u00a1Bernab\u00e9, Bernab\u00e9! De Tom\u00e1s de Mattos nos introduce en los a\u00f1os 1831 \u2013 1832 de nuestra historia nacional de la mano de la narradora Josefina P\u00e9guy O\u00b4Dojherty, quien relata los hechos desde su singular mirada, inquieta y poco convencional.Josefina nos revela datos incuestionables desde el punto de vista hist\u00f3rico que habilitan nuevas valoraciones sobre acontecimientos y personas poco conocidos o silenciados por la historia oficial, y el sentir y pensar de una sociedad \u2013 el desprecio por las minor\u00edas -, las limitaciones y desbordes del poder, la justificaci\u00f3n \u201cracional\u201d de las mayores atrocidadesEl lenguaje conciso y fluido, el sutil y complejo entramado de historia y ficci\u00f3n, las referencias b\u00edblicas y cl\u00e1sicas que apuntan a la universalidad permanente de los hechos, el dilema \u00e9tico, configuran una novela apasionante que incita al lector a replantearse su historia personal y colectiva.<\/p>\n","protected":false},"excerpt":{"rendered":"<p>En esta versi\u00f3n definitiva \u2013 considerablemente ampliada con respecto a su primera edici\u00f3n &#8211; \u00a1Bernab\u00e9, Bernab\u00e9! De Tom\u00e1s de Mattos nos introduce en los a\u00f1os 1831 \u2013 1832 de nuestra historia nacional de la mano de la narradora Josefina P\u00e9guy O\u00b4Dojherty, quie<\/p>\n","protected":false},"featured_media":2017,"template":"","meta":[],"product_brand":[191],"product_cat":[29,45],"product_tag":[],"class_list":{"0":"post-2016","1":"product","2":"type-product","3":"status-publish","4":"has-post-thumbnail","6":"product_brand-tomas-de-mattos","7":"product_cat-novela","8":"product_cat-uruguayo","10":"first","11":"instock","12":"purchasable","13":"product-type-simple"},"featured_image_urls_v2":{"full":["https:\/\/ajupe.com.uy\/web\/wp-content\/uploads\/2016\/04\/p-2016-7384.jpg",200,330,false],"thumbnail":["https:\/\/ajupe.com.uy\/web\/wp-content\/uploads\/2016\/04\/p-2016-7384.jpg",150,150,true],"medium":["https:\/\/ajupe.com.uy\/web\/wp-content\/uploads\/2016\/04\/p-2016-7384.jpg",300,214,true],"medium_large":["https:\/\/ajupe.com.uy\/web\/wp-content\/uploads\/2016\/04\/p-2016-7384.jpg",200,330,false],"large":["https:\/\/ajupe.com.uy\/web\/wp-content\/uploads\/2016\/04\/p-2016-7384.jpg",200,330,false],"1536x1536":["https:\/\/ajupe.com.uy\/web\/wp-content\/uploads\/2016\/04\/p-2016-7384.jpg",200,330,false],"2048x2048":["https:\/\/ajupe.com.uy\/web\/wp-content\/uploads\/2016\/04\/p-2016-7384.jpg",200,330,false],"woocommerce_archive_thumbnail":["https:\/\/ajupe.com.uy\/web\/wp-content\/uploads\/2016\/04\/p-2016-7384.jpg",200,330,false],"woocommerce_thumbnail":["https:\/\/ajupe.com.uy\/web\/wp-content\/uploads\/2016\/04\/p-2016-7384-200x300.jpg",200,300,true],"woocommerce_single":["https:\/\/ajupe.com.uy\/web\/wp-content\/uploads\/2016\/04\/p-2016-7384.jpg",200,330,false],"woocommerce_gallery_thumbnail":["https:\/\/ajupe.com.uy\/web\/wp-content\/uploads\/2016\/04\/p-2016-7384-100x100.jpg",100,100,true]},"post_excerpt_stackable_v2":"<p>En esta versi\u00f3n definitiva \u2013 considerablemente ampliada con respecto a su primera edici\u00f3n &#8211; \u00a1Bernab\u00e9, Bernab\u00e9! De Tom\u00e1s de Mattos nos introduce en los a\u00f1os 1831 \u2013 1832 de nuestra historia nacional de la mano de la narradora Josefina P\u00e9guy O\u00b4Dojherty, quie<\/p>\n","category_list_v2":"","author_info_v2":{"name":"","url":""},"comments_num_v2":"0 comentarios","_links":{"self":[{"href":"https:\/\/ajupe.com.uy\/web\/wp-json\/wp\/v2\/product\/2016","targetHints":{"allow":["GET"]}}],"collection":[{"href":"https:\/\/ajupe.com.uy\/web\/wp-json\/wp\/v2\/product"}],"about":[{"href":"https:\/\/ajupe.com.uy\/web\/wp-json\/wp\/v2\/types\/product"}],"wp:featuredmedia":[{"embeddable":true,"href":"https:\/\/ajupe.com.uy\/web\/wp-json\/wp\/v2\/media\/2017"}],"wp:attachment":[{"href":"https:\/\/ajupe.com.uy\/web\/wp-json\/wp\/v2\/media?parent=2016"}],"wp:term":[{"taxonomy":"product_brand","embeddable":true,"href":"https:\/\/ajupe.com.uy\/web\/wp-json\/wp\/v2\/product_brand?post=2016"},{"taxonomy":"product_cat","embeddable":true,"href":"https:\/\/ajupe.com.uy\/web\/wp-json\/wp\/v2\/product_cat?post=2016"},{"taxonomy":"product_tag","embeddable":true,"href":"https:\/\/ajupe.com.uy\/web\/wp-json\/wp\/v2\/product_tag?post=2016"}],"curies":[{"name":"wp","href":"https:\/\/api.w.org\/{rel}","templated":true}]}}