{"id":2020,"date":"2010-07-14T00:00:00","date_gmt":"2010-07-14T03:00:00","guid":{"rendered":"http:\/\/ajupe.com.uy\/web\/?post_type=product&#038;p=2020"},"modified":"2011-09-20T20:00:22","modified_gmt":"2011-09-20T23:00:22","slug":"el-imperio-romano","status":"publish","type":"product","link":"https:\/\/ajupe.com.uy\/web\/biblioteca\/el-imperio-romano\/","title":{"rendered":"El imperio romano"},"content":{"rendered":"<p>La serie informalmente titulada HISTORIA UNIVERSAL ASIMOV re\u00fane las obras dedicadas por el gran novelista y divulgador cient\u00edfico a la evoluci\u00f3n pol\u00edtica, cultural y material de la especie humana. EL IMPERIO ROMANO expone las grandes l\u00edneas de desarrollo hist\u00f3rico desde la proclamaci\u00f3n de Augusto como emperador hasta la ca\u00edda del Imperio Romano de Occidente y la instauraci\u00f3n de los reinos germ\u00e1nicos<\/p>\n","protected":false},"excerpt":{"rendered":"<p>La serie informalmente titulada HISTORIA UNIVERSAL ASIMOV re\u00fane las obras dedicadas por el gran novelista y divulgador cient\u00edfico a la evoluci\u00f3n pol\u00edtica, cultural y material de la especie humana. EL IMPERIO ROMANO expone las grandes l\u00edneas de desarrollo<\/p>\n","protected":false},"featured_media":2021,"template":"","meta":[],"product_brand":[103],"product_cat":[31],"product_tag":[],"class_list":{"0":"post-2020","1":"product","2":"type-product","3":"status-publish","4":"has-post-thumbnail","6":"product_brand-isaac-asimov","7":"product_cat-historico","9":"first","10":"instock","11":"purchasable","12":"product-type-simple"},"featured_image_urls_v2":{"full":["https:\/\/ajupe.com.uy\/web\/wp-content\/uploads\/2016\/04\/p-2020-7388.jpg",280,280,false],"thumbnail":["https:\/\/ajupe.com.uy\/web\/wp-content\/uploads\/2016\/04\/p-2020-7388.jpg",150,150,true],"medium":["https:\/\/ajupe.com.uy\/web\/wp-content\/uploads\/2016\/04\/p-2020-7388.jpg",300,214,true],"medium_large":["https:\/\/ajupe.com.uy\/web\/wp-content\/uploads\/2016\/04\/p-2020-7388.jpg",280,280,false],"large":["https:\/\/ajupe.com.uy\/web\/wp-content\/uploads\/2016\/04\/p-2020-7388.jpg",280,280,false],"1536x1536":["https:\/\/ajupe.com.uy\/web\/wp-content\/uploads\/2016\/04\/p-2020-7388.jpg",280,280,false],"2048x2048":["https:\/\/ajupe.com.uy\/web\/wp-content\/uploads\/2016\/04\/p-2020-7388.jpg",280,280,false],"woocommerce_archive_thumbnail":["https:\/\/ajupe.com.uy\/web\/wp-content\/uploads\/2016\/04\/p-2020-7388.jpg",280,280,false],"woocommerce_thumbnail":["https:\/\/ajupe.com.uy\/web\/wp-content\/uploads\/2016\/04\/p-2020-7388.jpg",280,280,false],"woocommerce_single":["https:\/\/ajupe.com.uy\/web\/wp-content\/uploads\/2016\/04\/p-2020-7388.jpg",280,280,false],"woocommerce_gallery_thumbnail":["https:\/\/ajupe.com.uy\/web\/wp-content\/uploads\/2016\/04\/p-2020-7388-100x100.jpg",100,100,true]},"post_excerpt_stackable_v2":"<p>La serie informalmente titulada HISTORIA UNIVERSAL ASIMOV re\u00fane las obras dedicadas por el gran novelista y divulgador cient\u00edfico a la evoluci\u00f3n pol\u00edtica, cultural y material de la especie humana. EL IMPERIO ROMANO expone las grandes l\u00edneas de desarrollo<\/p>\n","category_list_v2":"","author_info_v2":{"name":"","url":""},"comments_num_v2":"0 comentarios","_links":{"self":[{"href":"https:\/\/ajupe.com.uy\/web\/wp-json\/wp\/v2\/product\/2020","targetHints":{"allow":["GET"]}}],"collection":[{"href":"https:\/\/ajupe.com.uy\/web\/wp-json\/wp\/v2\/product"}],"about":[{"href":"https:\/\/ajupe.com.uy\/web\/wp-json\/wp\/v2\/types\/product"}],"wp:featuredmedia":[{"embeddable":true,"href":"https:\/\/ajupe.com.uy\/web\/wp-json\/wp\/v2\/media\/2021"}],"wp:attachment":[{"href":"https:\/\/ajupe.com.uy\/web\/wp-json\/wp\/v2\/media?parent=2020"}],"wp:term":[{"taxonomy":"product_brand","embeddable":true,"href":"https:\/\/ajupe.com.uy\/web\/wp-json\/wp\/v2\/product_brand?post=2020"},{"taxonomy":"product_cat","embeddable":true,"href":"https:\/\/ajupe.com.uy\/web\/wp-json\/wp\/v2\/product_cat?post=2020"},{"taxonomy":"product_tag","embeddable":true,"href":"https:\/\/ajupe.com.uy\/web\/wp-json\/wp\/v2\/product_tag?post=2020"}],"curies":[{"name":"wp","href":"https:\/\/api.w.org\/{rel}","templated":true}]}}