{"id":2024,"date":"2010-07-14T00:00:00","date_gmt":"2010-07-14T03:00:00","guid":{"rendered":"http:\/\/ajupe.com.uy\/web\/?post_type=product&#038;p=2024"},"modified":"2011-09-20T19:59:10","modified_gmt":"2011-09-20T22:59:10","slug":"la-formacion-de-america-del-norte","status":"publish","type":"product","link":"https:\/\/ajupe.com.uy\/web\/biblioteca\/la-formacion-de-america-del-norte\/","title":{"rendered":"La formaci\u00f3n de Am\u00e9rica del Norte"},"content":{"rendered":"<p>La serie informalmente titulada HISTORIA UNIVERSAL ASIMOV re\u00fane las obras dedicadas por el gran novelista y divulgador cient\u00edfico a la evoluci\u00f3n pol\u00edtica, cultural y material de la humanidad. LA FORMACI\u00d3N DE AM\u00c9RICA DEL NORTE -\u00abDesde los tiempos primitivos hasta 1763\u00bb-, primero de los cuatro vol\u00famenes dedicados espec\u00edficamente a este territorio (H 4176, H 4177, H 4178 y H 4179), estudia las distintas culturas precolombinas que lo ocuparon, los diversos descubrimientos llevados a cabo en este nuevo mundo por los exploradores europeos y, por \u00faltimo, la colonizaci\u00f3n del mismo hasta las v\u00edsperas de la guerra de independencia estadounidense.<\/p>\n","protected":false},"excerpt":{"rendered":"<p>La serie informalmente titulada HISTORIA UNIVERSAL ASIMOV re\u00fane las obras dedicadas por el gran novelista y divulgador cient\u00edfico a la evoluci\u00f3n pol\u00edtica, cultural y material de la humanidad. LA FORMACI\u00d3N DE AM\u00c9RICA DEL NORTE -\u00abDesde los tiempos primitivo<\/p>\n","protected":false},"featured_media":2025,"template":"","meta":[],"product_brand":[103],"product_cat":[31],"product_tag":[],"class_list":{"0":"post-2024","1":"product","2":"type-product","3":"status-publish","4":"has-post-thumbnail","6":"product_brand-isaac-asimov","7":"product_cat-historico","9":"first","10":"instock","11":"purchasable","12":"product-type-simple"},"featured_image_urls_v2":{"full":["https:\/\/ajupe.com.uy\/web\/wp-content\/uploads\/2016\/04\/p-2024-7390.jpg",200,319,false],"thumbnail":["https:\/\/ajupe.com.uy\/web\/wp-content\/uploads\/2016\/04\/p-2024-7390.jpg",150,150,true],"medium":["https:\/\/ajupe.com.uy\/web\/wp-content\/uploads\/2016\/04\/p-2024-7390.jpg",300,214,true],"medium_large":["https:\/\/ajupe.com.uy\/web\/wp-content\/uploads\/2016\/04\/p-2024-7390.jpg",200,319,false],"large":["https:\/\/ajupe.com.uy\/web\/wp-content\/uploads\/2016\/04\/p-2024-7390.jpg",200,319,false],"1536x1536":["https:\/\/ajupe.com.uy\/web\/wp-content\/uploads\/2016\/04\/p-2024-7390.jpg",200,319,false],"2048x2048":["https:\/\/ajupe.com.uy\/web\/wp-content\/uploads\/2016\/04\/p-2024-7390.jpg",200,319,false],"woocommerce_archive_thumbnail":["https:\/\/ajupe.com.uy\/web\/wp-content\/uploads\/2016\/04\/p-2024-7390.jpg",200,319,false],"woocommerce_thumbnail":["https:\/\/ajupe.com.uy\/web\/wp-content\/uploads\/2016\/04\/p-2024-7390-200x300.jpg",200,300,true],"woocommerce_single":["https:\/\/ajupe.com.uy\/web\/wp-content\/uploads\/2016\/04\/p-2024-7390.jpg",200,319,false],"woocommerce_gallery_thumbnail":["https:\/\/ajupe.com.uy\/web\/wp-content\/uploads\/2016\/04\/p-2024-7390-100x100.jpg",100,100,true]},"post_excerpt_stackable_v2":"<p>La serie informalmente titulada HISTORIA UNIVERSAL ASIMOV re\u00fane las obras dedicadas por el gran novelista y divulgador cient\u00edfico a la evoluci\u00f3n pol\u00edtica, cultural y material de la humanidad. LA FORMACI\u00d3N DE AM\u00c9RICA DEL NORTE -\u00abDesde los tiempos primitivo<\/p>\n","category_list_v2":"","author_info_v2":{"name":"","url":""},"comments_num_v2":"0 comentarios","_links":{"self":[{"href":"https:\/\/ajupe.com.uy\/web\/wp-json\/wp\/v2\/product\/2024","targetHints":{"allow":["GET"]}}],"collection":[{"href":"https:\/\/ajupe.com.uy\/web\/wp-json\/wp\/v2\/product"}],"about":[{"href":"https:\/\/ajupe.com.uy\/web\/wp-json\/wp\/v2\/types\/product"}],"wp:featuredmedia":[{"embeddable":true,"href":"https:\/\/ajupe.com.uy\/web\/wp-json\/wp\/v2\/media\/2025"}],"wp:attachment":[{"href":"https:\/\/ajupe.com.uy\/web\/wp-json\/wp\/v2\/media?parent=2024"}],"wp:term":[{"taxonomy":"product_brand","embeddable":true,"href":"https:\/\/ajupe.com.uy\/web\/wp-json\/wp\/v2\/product_brand?post=2024"},{"taxonomy":"product_cat","embeddable":true,"href":"https:\/\/ajupe.com.uy\/web\/wp-json\/wp\/v2\/product_cat?post=2024"},{"taxonomy":"product_tag","embeddable":true,"href":"https:\/\/ajupe.com.uy\/web\/wp-json\/wp\/v2\/product_tag?post=2024"}],"curies":[{"name":"wp","href":"https:\/\/api.w.org\/{rel}","templated":true}]}}