{"id":2036,"date":"2010-07-14T00:00:00","date_gmt":"2010-07-14T03:00:00","guid":{"rendered":"http:\/\/ajupe.com.uy\/web\/?post_type=product&#038;p=2036"},"modified":"2011-09-20T19:47:51","modified_gmt":"2011-09-20T22:47:51","slug":"la-hermana","status":"publish","type":"product","link":"https:\/\/ajupe.com.uy\/web\/biblioteca\/la-hermana\/","title":{"rendered":"La hermana"},"content":{"rendered":"<p>Escrita en 1946 a continuaci\u00f3n de El \u00faltimo encuentro, esta novela es otro claro exponente de la especial sensibilidad y talento del gran autor h\u00fangaro para abordar las preocupaciones primordiales del ser humano, aquellas que trascienden los momentos hist\u00f3ricos y las fronteras geogr\u00e1ficas. La pasi\u00f3n, el dolor, la enfermedad, el \u00e9xtasis del arte y el misterio de la muerte son algunos de esos temas intemporales que S\u00e1ndorM\u00e1rai trata magistralmente en estas p\u00e1ginas, la \u00faltima obra que public\u00f3 en su pa\u00eds antes de exiliarse. En la cumbre de su fama como pianista, Z. se dirige en tren a Florencia invitado por el gobierno italiano para dar un concierto. Poco antes de cruzar la frontera, se siente indispuesto y, tras su actuaci\u00f3n, debe ser ingresado en un hospital florentino aquejado de una rara enfermedad v\u00edrica. All\u00ed, mientras se debate entre la vida y la muerte, tendr\u00e1 lugar un di\u00e1logo intenso y decisivo con el m\u00e9dico que lo atiende, una indagaci\u00f3n sin concesiones sobre el precario equilibrio entre el poder curativo de la ciencia y el esp\u00edritu de lucha del paciente. Una noche, presa del delirio causado por la morfina, Z. escucha una voz femenina que le susurra: \u00abno quiero que mueras\u00bb. Las palabras act\u00faan como un revulsivo que lo llevar\u00e1 a replantearse aspectos fundamentales de su vida. Pocas veces una novela ha tratado con tanta elegancia y lucidez la profunda relaci\u00f3n entre m\u00e9dico y enfermo. Ante el ineludible encuentro con el dolor y la enfermedad, a Z. s\u00f3lo le queda bucear en los l\u00edmites de su ser y de sus fantasmas personales.<\/p>\n","protected":false},"excerpt":{"rendered":"<p>Escrita en 1946 a continuaci\u00f3n de El \u00faltimo encuentro, esta novela es otro claro exponente de la especial sensibilidad y talento del gran autor h\u00fangaro para abordar las preocupaciones primordiales del ser humano, aquellas que trascienden los momentos hist<\/p>\n","protected":false},"featured_media":2037,"template":"","meta":[],"product_brand":[397],"product_cat":[29],"product_tag":[],"class_list":{"0":"post-2036","1":"product","2":"type-product","3":"status-publish","4":"has-post-thumbnail","6":"product_brand-sandor-marai","7":"product_cat-novela","9":"first","10":"instock","11":"purchasable","12":"product-type-simple"},"featured_image_urls_v2":{"full":["https:\/\/ajupe.com.uy\/web\/wp-content\/uploads\/2016\/04\/p-2036-7402.jpg",220,348,false],"thumbnail":["https:\/\/ajupe.com.uy\/web\/wp-content\/uploads\/2016\/04\/p-2036-7402.jpg",150,150,true],"medium":["https:\/\/ajupe.com.uy\/web\/wp-content\/uploads\/2016\/04\/p-2036-7402.jpg",300,214,true],"medium_large":["https:\/\/ajupe.com.uy\/web\/wp-content\/uploads\/2016\/04\/p-2036-7402.jpg",220,348,false],"large":["https:\/\/ajupe.com.uy\/web\/wp-content\/uploads\/2016\/04\/p-2036-7402.jpg",220,348,false],"1536x1536":["https:\/\/ajupe.com.uy\/web\/wp-content\/uploads\/2016\/04\/p-2036-7402.jpg",220,348,false],"2048x2048":["https:\/\/ajupe.com.uy\/web\/wp-content\/uploads\/2016\/04\/p-2036-7402.jpg",220,348,false],"woocommerce_archive_thumbnail":["https:\/\/ajupe.com.uy\/web\/wp-content\/uploads\/2016\/04\/p-2036-7402-220x300.jpg",220,300,true],"woocommerce_thumbnail":["https:\/\/ajupe.com.uy\/web\/wp-content\/uploads\/2016\/04\/p-2036-7402-220x300.jpg",220,300,true],"woocommerce_single":["https:\/\/ajupe.com.uy\/web\/wp-content\/uploads\/2016\/04\/p-2036-7402.jpg",220,348,false],"woocommerce_gallery_thumbnail":["https:\/\/ajupe.com.uy\/web\/wp-content\/uploads\/2016\/04\/p-2036-7402-100x100.jpg",100,100,true]},"post_excerpt_stackable_v2":"<p>Escrita en 1946 a continuaci\u00f3n de El \u00faltimo encuentro, esta novela es otro claro exponente de la especial sensibilidad y talento del gran autor h\u00fangaro para abordar las preocupaciones primordiales del ser humano, aquellas que trascienden los momentos hist<\/p>\n","category_list_v2":"","author_info_v2":{"name":"","url":""},"comments_num_v2":"0 comentarios","_links":{"self":[{"href":"https:\/\/ajupe.com.uy\/web\/wp-json\/wp\/v2\/product\/2036","targetHints":{"allow":["GET"]}}],"collection":[{"href":"https:\/\/ajupe.com.uy\/web\/wp-json\/wp\/v2\/product"}],"about":[{"href":"https:\/\/ajupe.com.uy\/web\/wp-json\/wp\/v2\/types\/product"}],"wp:featuredmedia":[{"embeddable":true,"href":"https:\/\/ajupe.com.uy\/web\/wp-json\/wp\/v2\/media\/2037"}],"wp:attachment":[{"href":"https:\/\/ajupe.com.uy\/web\/wp-json\/wp\/v2\/media?parent=2036"}],"wp:term":[{"taxonomy":"product_brand","embeddable":true,"href":"https:\/\/ajupe.com.uy\/web\/wp-json\/wp\/v2\/product_brand?post=2036"},{"taxonomy":"product_cat","embeddable":true,"href":"https:\/\/ajupe.com.uy\/web\/wp-json\/wp\/v2\/product_cat?post=2036"},{"taxonomy":"product_tag","embeddable":true,"href":"https:\/\/ajupe.com.uy\/web\/wp-json\/wp\/v2\/product_tag?post=2036"}],"curies":[{"name":"wp","href":"https:\/\/api.w.org\/{rel}","templated":true}]}}