{"id":2046,"date":"2010-07-14T00:00:00","date_gmt":"2010-07-14T03:00:00","guid":{"rendered":"http:\/\/ajupe.com.uy\/web\/?post_type=product&#038;p=2046"},"modified":"2011-09-06T19:08:08","modified_gmt":"2011-09-06T22:08:08","slug":"lo-que-quiero-para-mi-vida","status":"publish","type":"product","link":"https:\/\/ajupe.com.uy\/web\/biblioteca\/lo-que-quiero-para-mi-vida\/","title":{"rendered":"Lo que quiero para mi vida"},"content":{"rendered":"<p>Este libro es un nuevo episodio de un periplo que comenz\u00f3 el autor en el a\u00f1o 2002, per\u00edodo en el cual produjo obras de gran contenido como El lado profundo de la vida, Toma un caf\u00e9 contigo mismo, Entre t\u00fa y yo y Un sue\u00f1o posible Lo que quiero para mi vida es un desaf\u00edo apasionante acerca de la importancia de aprender a tomar decisiones correctas en el momento justo. Est\u00e1 dividido en tres secciones y diez cap\u00edtulos, la primera secci\u00f3n se denomina, La importancia de la actitud, la que nosotros tomamos respecto a la vida. Nos castigarnos in\u00fatilmente con decisiones que pudimos haber tomado de forma correcta en el pasado. Tenemos que tener en cuenta cu\u00e1l fue el marco de referencia en el momento que tomamos la decisi\u00f3n.<\/p>\n","protected":false},"excerpt":{"rendered":"<p>Este libro es un nuevo episodio de un periplo que comenz\u00f3 el autor en el a\u00f1o 2002, per\u00edodo en el cual produjo obras de gran contenido como El lado profundo de la vida, Toma un caf\u00e9 contigo mismo, Entre t\u00fa y yo y Un sue\u00f1o posible Lo que quiero para mi vida<\/p>\n","protected":false},"featured_media":2047,"template":"","meta":[],"product_brand":[353],"product_cat":[32],"product_tag":[],"class_list":{"0":"post-2046","1":"product","2":"type-product","3":"status-publish","4":"has-post-thumbnail","6":"product_brand-walter-dresel","7":"product_cat-autoayuda","9":"first","10":"instock","11":"purchasable","12":"product-type-simple"},"featured_image_urls_v2":{"full":["https:\/\/ajupe.com.uy\/web\/wp-content\/uploads\/2016\/04\/p-2046-7410.jpg",450,450,false],"thumbnail":["https:\/\/ajupe.com.uy\/web\/wp-content\/uploads\/2016\/04\/p-2046-7410.jpg",150,150,true],"medium":["https:\/\/ajupe.com.uy\/web\/wp-content\/uploads\/2016\/04\/p-2046-7410.jpg",300,214,true],"medium_large":["https:\/\/ajupe.com.uy\/web\/wp-content\/uploads\/2016\/04\/p-2046-7410.jpg",450,450,false],"large":["https:\/\/ajupe.com.uy\/web\/wp-content\/uploads\/2016\/04\/p-2046-7410.jpg",450,450,false],"1536x1536":["https:\/\/ajupe.com.uy\/web\/wp-content\/uploads\/2016\/04\/p-2046-7410.jpg",450,450,false],"2048x2048":["https:\/\/ajupe.com.uy\/web\/wp-content\/uploads\/2016\/04\/p-2046-7410.jpg",450,450,false],"woocommerce_archive_thumbnail":["https:\/\/ajupe.com.uy\/web\/wp-content\/uploads\/2016\/04\/p-2046-7410-300x450.jpg",300,450,true],"woocommerce_thumbnail":["https:\/\/ajupe.com.uy\/web\/wp-content\/uploads\/2016\/04\/p-2046-7410-300x300.jpg",300,300,true],"woocommerce_single":["https:\/\/ajupe.com.uy\/web\/wp-content\/uploads\/2016\/04\/p-2046-7410-300x300.jpg",300,300,true],"woocommerce_gallery_thumbnail":["https:\/\/ajupe.com.uy\/web\/wp-content\/uploads\/2016\/04\/p-2046-7410-100x100.jpg",100,100,true]},"post_excerpt_stackable_v2":"<p>Este libro es un nuevo episodio de un periplo que comenz\u00f3 el autor en el a\u00f1o 2002, per\u00edodo en el cual produjo obras de gran contenido como El lado profundo de la vida, Toma un caf\u00e9 contigo mismo, Entre t\u00fa y yo y Un sue\u00f1o posible Lo que quiero para mi vida<\/p>\n","category_list_v2":"","author_info_v2":{"name":"","url":""},"comments_num_v2":"0 comentarios","_links":{"self":[{"href":"https:\/\/ajupe.com.uy\/web\/wp-json\/wp\/v2\/product\/2046","targetHints":{"allow":["GET"]}}],"collection":[{"href":"https:\/\/ajupe.com.uy\/web\/wp-json\/wp\/v2\/product"}],"about":[{"href":"https:\/\/ajupe.com.uy\/web\/wp-json\/wp\/v2\/types\/product"}],"wp:featuredmedia":[{"embeddable":true,"href":"https:\/\/ajupe.com.uy\/web\/wp-json\/wp\/v2\/media\/2047"}],"wp:attachment":[{"href":"https:\/\/ajupe.com.uy\/web\/wp-json\/wp\/v2\/media?parent=2046"}],"wp:term":[{"taxonomy":"product_brand","embeddable":true,"href":"https:\/\/ajupe.com.uy\/web\/wp-json\/wp\/v2\/product_brand?post=2046"},{"taxonomy":"product_cat","embeddable":true,"href":"https:\/\/ajupe.com.uy\/web\/wp-json\/wp\/v2\/product_cat?post=2046"},{"taxonomy":"product_tag","embeddable":true,"href":"https:\/\/ajupe.com.uy\/web\/wp-json\/wp\/v2\/product_tag?post=2046"}],"curies":[{"name":"wp","href":"https:\/\/api.w.org\/{rel}","templated":true}]}}