{"id":2052,"date":"2010-07-14T00:00:00","date_gmt":"2010-07-14T03:00:00","guid":{"rendered":"http:\/\/ajupe.com.uy\/web\/?post_type=product&#038;p=2052"},"modified":"2011-09-20T19:35:30","modified_gmt":"2011-09-20T22:35:30","slug":"imposible","status":"publish","type":"product","link":"https:\/\/ajupe.com.uy\/web\/biblioteca\/imposible\/","title":{"rendered":"Imposible"},"content":{"rendered":"<p>Sasha de Suvery era una mujer feliz: llevaba veinticinco a\u00f1os casada con Arthur y disfrutaba de su amor con la plenitud del primer d\u00eda. Manten\u00eda una excelente relaci\u00f3n con sus dos hijos y, en el plano profesional, se hab\u00eda convertido en una de las principales marchantes de arte de Europa y Estados Unidos. La inesperada muerte de Arthur hundi\u00f3 a Sasha en una terrible depresi\u00f3n. El trabajo iba a convertirse en su \u00fanico consuelo, y en \u00e9l se refugi\u00f3 para superar la tristeza. Cuando pensaba que todo estaba perdido y que jam\u00e1s volver\u00eda a alcanzar la felicidad, Liam, un artista bohemio y exc\u00e9ntrico, hizo latir de nuevo su dolorido coraz\u00f3n.<\/p>\n","protected":false},"excerpt":{"rendered":"<p>Sasha de Suvery era una mujer feliz: llevaba veinticinco a\u00f1os casada con Arthur y disfrutaba de su amor con la plenitud del primer d\u00eda. Manten\u00eda una excelente relaci\u00f3n con sus dos hijos y, en el plano profesional, se hab\u00eda convertido en una de las princip<\/p>\n","protected":false},"featured_media":2053,"template":"","meta":[],"product_brand":[193],"product_cat":[38,29],"product_tag":[],"class_list":{"0":"post-2052","1":"product","2":"type-product","3":"status-publish","4":"has-post-thumbnail","6":"product_brand-danielle-steel","7":"product_cat-amor","8":"product_cat-novela","10":"first","11":"instock","12":"purchasable","13":"product-type-simple"},"featured_image_urls_v2":{"full":["https:\/\/ajupe.com.uy\/web\/wp-content\/uploads\/2016\/04\/p-2052-7413.jpg",187,280,false],"thumbnail":["https:\/\/ajupe.com.uy\/web\/wp-content\/uploads\/2016\/04\/p-2052-7413.jpg",150,150,true],"medium":["https:\/\/ajupe.com.uy\/web\/wp-content\/uploads\/2016\/04\/p-2052-7413.jpg",300,214,true],"medium_large":["https:\/\/ajupe.com.uy\/web\/wp-content\/uploads\/2016\/04\/p-2052-7413.jpg",187,280,false],"large":["https:\/\/ajupe.com.uy\/web\/wp-content\/uploads\/2016\/04\/p-2052-7413.jpg",187,280,false],"1536x1536":["https:\/\/ajupe.com.uy\/web\/wp-content\/uploads\/2016\/04\/p-2052-7413.jpg",187,280,false],"2048x2048":["https:\/\/ajupe.com.uy\/web\/wp-content\/uploads\/2016\/04\/p-2052-7413.jpg",187,280,false],"woocommerce_archive_thumbnail":["https:\/\/ajupe.com.uy\/web\/wp-content\/uploads\/2016\/04\/p-2052-7413.jpg",187,280,false],"woocommerce_thumbnail":["https:\/\/ajupe.com.uy\/web\/wp-content\/uploads\/2016\/04\/p-2052-7413.jpg",187,280,false],"woocommerce_single":["https:\/\/ajupe.com.uy\/web\/wp-content\/uploads\/2016\/04\/p-2052-7413.jpg",187,280,false],"woocommerce_gallery_thumbnail":["https:\/\/ajupe.com.uy\/web\/wp-content\/uploads\/2016\/04\/p-2052-7413-100x100.jpg",100,100,true]},"post_excerpt_stackable_v2":"<p>Sasha de Suvery era una mujer feliz: llevaba veinticinco a\u00f1os casada con Arthur y disfrutaba de su amor con la plenitud del primer d\u00eda. Manten\u00eda una excelente relaci\u00f3n con sus dos hijos y, en el plano profesional, se hab\u00eda convertido en una de las princip<\/p>\n","category_list_v2":"","author_info_v2":{"name":"","url":""},"comments_num_v2":"0 comentarios","_links":{"self":[{"href":"https:\/\/ajupe.com.uy\/web\/wp-json\/wp\/v2\/product\/2052","targetHints":{"allow":["GET"]}}],"collection":[{"href":"https:\/\/ajupe.com.uy\/web\/wp-json\/wp\/v2\/product"}],"about":[{"href":"https:\/\/ajupe.com.uy\/web\/wp-json\/wp\/v2\/types\/product"}],"wp:featuredmedia":[{"embeddable":true,"href":"https:\/\/ajupe.com.uy\/web\/wp-json\/wp\/v2\/media\/2053"}],"wp:attachment":[{"href":"https:\/\/ajupe.com.uy\/web\/wp-json\/wp\/v2\/media?parent=2052"}],"wp:term":[{"taxonomy":"product_brand","embeddable":true,"href":"https:\/\/ajupe.com.uy\/web\/wp-json\/wp\/v2\/product_brand?post=2052"},{"taxonomy":"product_cat","embeddable":true,"href":"https:\/\/ajupe.com.uy\/web\/wp-json\/wp\/v2\/product_cat?post=2052"},{"taxonomy":"product_tag","embeddable":true,"href":"https:\/\/ajupe.com.uy\/web\/wp-json\/wp\/v2\/product_tag?post=2052"}],"curies":[{"name":"wp","href":"https:\/\/api.w.org\/{rel}","templated":true}]}}