{"id":2058,"date":"2010-07-14T00:00:00","date_gmt":"2010-07-14T03:00:00","guid":{"rendered":"http:\/\/ajupe.com.uy\/web\/?post_type=product&#038;p=2058"},"modified":"2010-07-14T00:00:00","modified_gmt":"2010-07-14T03:00:00","slug":"dos-ninas-vestidas-de-azul","status":"publish","type":"product","link":"https:\/\/ajupe.com.uy\/web\/biblioteca\/dos-ninas-vestidas-de-azul\/","title":{"rendered":"Dos ni\u00f1as vestidas de azul"},"content":{"rendered":"<p>Kathy y Kelly son las hijas gemelas de un feliz matrimonio. La tarde de su tercer cumplea\u00f1os sus padres dan una gran fiesta para celebrarlo y esa noche salen a cenar, dejando a las ni\u00f1as al cuidado de una joven canguro. Nada les hac\u00eda presagiar que ese mismo d\u00eda se desencadenar\u00eda la mayor tragedia que pod\u00eda sucederles: el secuestro de las peque\u00f1as. Angustiada, la familia consigue pagar el rescate que les exigen los secuestradores. No obstante, solo les devuelven a Kelly, ya que una de las participantes en el rapto decide quedarse con la hermana. Lo que nadie sospecha es que Kathy y Kelly comparten algo m\u00e1s que un f\u00edsico id\u00e9ntico: pueden comunicarse por telepat\u00eda en un lenguaje que solo ellas comparten\u2026<\/p>\n","protected":false},"excerpt":{"rendered":"<p>Kathy y Kelly son las hijas gemelas de un feliz matrimonio. La tarde de su tercer cumplea\u00f1os sus padres dan una gran fiesta para celebrarlo y esa noche salen a cenar, dejando a las ni\u00f1as al cuidado de una joven canguro. Nada les hac\u00eda presagiar que ese mi<\/p>\n","protected":false},"featured_media":2059,"template":"","meta":[],"product_brand":[52],"product_cat":[29],"product_tag":[],"class_list":{"0":"post-2058","1":"product","2":"type-product","3":"status-publish","4":"has-post-thumbnail","6":"product_brand-mary-higgins-clark","7":"product_cat-novela","9":"first","10":"instock","11":"purchasable","12":"product-type-simple"},"featured_image_urls_v2":{"full":["https:\/\/ajupe.com.uy\/web\/wp-content\/uploads\/2016\/04\/p-2058-7417.jpg",245,372,false],"thumbnail":["https:\/\/ajupe.com.uy\/web\/wp-content\/uploads\/2016\/04\/p-2058-7417.jpg",150,150,true],"medium":["https:\/\/ajupe.com.uy\/web\/wp-content\/uploads\/2016\/04\/p-2058-7417.jpg",300,214,true],"medium_large":["https:\/\/ajupe.com.uy\/web\/wp-content\/uploads\/2016\/04\/p-2058-7417.jpg",245,372,false],"large":["https:\/\/ajupe.com.uy\/web\/wp-content\/uploads\/2016\/04\/p-2058-7417.jpg",245,372,false],"1536x1536":["https:\/\/ajupe.com.uy\/web\/wp-content\/uploads\/2016\/04\/p-2058-7417.jpg",245,372,false],"2048x2048":["https:\/\/ajupe.com.uy\/web\/wp-content\/uploads\/2016\/04\/p-2058-7417.jpg",245,372,false],"woocommerce_archive_thumbnail":["https:\/\/ajupe.com.uy\/web\/wp-content\/uploads\/2016\/04\/p-2058-7417-245x300.jpg",245,300,true],"woocommerce_thumbnail":["https:\/\/ajupe.com.uy\/web\/wp-content\/uploads\/2016\/04\/p-2058-7417-245x300.jpg",245,300,true],"woocommerce_single":["https:\/\/ajupe.com.uy\/web\/wp-content\/uploads\/2016\/04\/p-2058-7417.jpg",245,372,false],"woocommerce_gallery_thumbnail":["https:\/\/ajupe.com.uy\/web\/wp-content\/uploads\/2016\/04\/p-2058-7417-100x100.jpg",100,100,true]},"post_excerpt_stackable_v2":"<p>Kathy y Kelly son las hijas gemelas de un feliz matrimonio. La tarde de su tercer cumplea\u00f1os sus padres dan una gran fiesta para celebrarlo y esa noche salen a cenar, dejando a las ni\u00f1as al cuidado de una joven canguro. Nada les hac\u00eda presagiar que ese mi<\/p>\n","category_list_v2":"","author_info_v2":{"name":"","url":""},"comments_num_v2":"0 comentarios","_links":{"self":[{"href":"https:\/\/ajupe.com.uy\/web\/wp-json\/wp\/v2\/product\/2058","targetHints":{"allow":["GET"]}}],"collection":[{"href":"https:\/\/ajupe.com.uy\/web\/wp-json\/wp\/v2\/product"}],"about":[{"href":"https:\/\/ajupe.com.uy\/web\/wp-json\/wp\/v2\/types\/product"}],"wp:featuredmedia":[{"embeddable":true,"href":"https:\/\/ajupe.com.uy\/web\/wp-json\/wp\/v2\/media\/2059"}],"wp:attachment":[{"href":"https:\/\/ajupe.com.uy\/web\/wp-json\/wp\/v2\/media?parent=2058"}],"wp:term":[{"taxonomy":"product_brand","embeddable":true,"href":"https:\/\/ajupe.com.uy\/web\/wp-json\/wp\/v2\/product_brand?post=2058"},{"taxonomy":"product_cat","embeddable":true,"href":"https:\/\/ajupe.com.uy\/web\/wp-json\/wp\/v2\/product_cat?post=2058"},{"taxonomy":"product_tag","embeddable":true,"href":"https:\/\/ajupe.com.uy\/web\/wp-json\/wp\/v2\/product_tag?post=2058"}],"curies":[{"name":"wp","href":"https:\/\/api.w.org\/{rel}","templated":true}]}}