{"id":2064,"date":"2010-07-14T00:00:00","date_gmt":"2010-07-14T03:00:00","guid":{"rendered":"http:\/\/ajupe.com.uy\/web\/?post_type=product&#038;p=2064"},"modified":"2010-07-14T00:00:00","modified_gmt":"2010-07-14T03:00:00","slug":"la-clave-gaudi","status":"publish","type":"product","link":"https:\/\/ajupe.com.uy\/web\/biblioteca\/la-clave-gaudi\/","title":{"rendered":"La Clave Gaud\u00ed"},"content":{"rendered":"<p>Esta apasionante novela nos traslada desde la Barcelona de comienzos del siglo XX hasta la actualidad. Mar\u00eda, pariente de un Gran Maestre de una fraternidad cristiana, y su novio matem\u00e1tico, Miguel, tienen hasta el 30 de diciembre de 2007 para encontrar una reliquia cuyo poder podr\u00eda redimir a la humanidad de un terrible mal que se avecina. Con la ayuda de un librero y una japonesa experta en la obra de Gaud\u00ed, descubren que en los edificios m\u00e1s emblem\u00e1ticos del arquitecto catal\u00e1n est\u00e1 la soluci\u00f3n al enigma. La clave tal vez se encuentre en las estrellas\u2026<\/p>\n","protected":false},"excerpt":{"rendered":"<p>Esta apasionante novela nos traslada desde la Barcelona de comienzos del siglo XX hasta la actualidad. Mar\u00eda, pariente de un Gran Maestre de una fraternidad cristiana, y su novio matem\u00e1tico, Miguel, tienen hasta el 30 de diciembre de 2007 para encontrar u<\/p>\n","protected":false},"featured_media":2065,"template":"","meta":[],"product_brand":[954],"product_cat":[29],"product_tag":[],"class_list":{"0":"post-2064","1":"product","2":"type-product","3":"status-publish","4":"has-post-thumbnail","6":"product_brand-gloria-goldreich","7":"product_cat-novela","9":"first","10":"instock","11":"purchasable","12":"product-type-simple"},"featured_image_urls_v2":{"full":["https:\/\/ajupe.com.uy\/web\/wp-content\/uploads\/2016\/04\/p-2064-7423.jpg",190,300,false],"thumbnail":["https:\/\/ajupe.com.uy\/web\/wp-content\/uploads\/2016\/04\/p-2064-7423.jpg",150,150,true],"medium":["https:\/\/ajupe.com.uy\/web\/wp-content\/uploads\/2016\/04\/p-2064-7423.jpg",300,214,true],"medium_large":["https:\/\/ajupe.com.uy\/web\/wp-content\/uploads\/2016\/04\/p-2064-7423.jpg",190,300,false],"large":["https:\/\/ajupe.com.uy\/web\/wp-content\/uploads\/2016\/04\/p-2064-7423.jpg",190,300,false],"1536x1536":["https:\/\/ajupe.com.uy\/web\/wp-content\/uploads\/2016\/04\/p-2064-7423.jpg",190,300,false],"2048x2048":["https:\/\/ajupe.com.uy\/web\/wp-content\/uploads\/2016\/04\/p-2064-7423.jpg",190,300,false],"woocommerce_archive_thumbnail":["https:\/\/ajupe.com.uy\/web\/wp-content\/uploads\/2016\/04\/p-2064-7423.jpg",190,300,false],"woocommerce_thumbnail":["https:\/\/ajupe.com.uy\/web\/wp-content\/uploads\/2016\/04\/p-2064-7423.jpg",190,300,false],"woocommerce_single":["https:\/\/ajupe.com.uy\/web\/wp-content\/uploads\/2016\/04\/p-2064-7423.jpg",190,300,false],"woocommerce_gallery_thumbnail":["https:\/\/ajupe.com.uy\/web\/wp-content\/uploads\/2016\/04\/p-2064-7423-100x100.jpg",100,100,true]},"post_excerpt_stackable_v2":"<p>Esta apasionante novela nos traslada desde la Barcelona de comienzos del siglo XX hasta la actualidad. Mar\u00eda, pariente de un Gran Maestre de una fraternidad cristiana, y su novio matem\u00e1tico, Miguel, tienen hasta el 30 de diciembre de 2007 para encontrar u<\/p>\n","category_list_v2":"","author_info_v2":{"name":"","url":""},"comments_num_v2":"0 comentarios","_links":{"self":[{"href":"https:\/\/ajupe.com.uy\/web\/wp-json\/wp\/v2\/product\/2064","targetHints":{"allow":["GET"]}}],"collection":[{"href":"https:\/\/ajupe.com.uy\/web\/wp-json\/wp\/v2\/product"}],"about":[{"href":"https:\/\/ajupe.com.uy\/web\/wp-json\/wp\/v2\/types\/product"}],"wp:featuredmedia":[{"embeddable":true,"href":"https:\/\/ajupe.com.uy\/web\/wp-json\/wp\/v2\/media\/2065"}],"wp:attachment":[{"href":"https:\/\/ajupe.com.uy\/web\/wp-json\/wp\/v2\/media?parent=2064"}],"wp:term":[{"taxonomy":"product_brand","embeddable":true,"href":"https:\/\/ajupe.com.uy\/web\/wp-json\/wp\/v2\/product_brand?post=2064"},{"taxonomy":"product_cat","embeddable":true,"href":"https:\/\/ajupe.com.uy\/web\/wp-json\/wp\/v2\/product_cat?post=2064"},{"taxonomy":"product_tag","embeddable":true,"href":"https:\/\/ajupe.com.uy\/web\/wp-json\/wp\/v2\/product_tag?post=2064"}],"curies":[{"name":"wp","href":"https:\/\/api.w.org\/{rel}","templated":true}]}}