{"id":2072,"date":"2010-07-14T00:00:00","date_gmt":"2010-07-14T03:00:00","guid":{"rendered":"http:\/\/ajupe.com.uy\/web\/?post_type=product&#038;p=2072"},"modified":"2011-09-05T18:12:15","modified_gmt":"2011-09-05T21:12:15","slug":"cuentos-completos","status":"publish","type":"product","link":"https:\/\/ajupe.com.uy\/web\/biblioteca\/cuentos-completos\/","title":{"rendered":"Cuentos completos"},"content":{"rendered":"<p>\u201cDelgado Apara\u00edn ha admitido que se siente tan distante de la narrativa urbana como de la nativista. Algo ha heredado sin embargo de una y otra. De los narradores ciudadanos asumi\u00f3 el rigor del lenguaje, la valoraci\u00f3n de la palabra, la indagaci\u00f3n psicol\u00f3gica, todo aplicado con soltura, ahorr\u00e1ndole al lector el sobrepeso de un esmero excesivo. De los nativistas, en cambio, repesc\u00f3 las inercias del campo y sobre todo de los pueblos del Interior; pero los vaci\u00f3 de su monoton\u00eda cong\u00e9nita, de sus parapetos de cursiler\u00eda, de la hipocres\u00eda de ciertos mitos\u201d (Del pr\u00f3logo de Mario Benedetti, 1999)<\/p>\n","protected":false},"excerpt":{"rendered":"<p>\u201cDelgado Apara\u00edn ha admitido que se siente tan distante de la narrativa urbana como de la nativista. Algo ha heredado sin embargo de una y otra. De los narradores ciudadanos asumi\u00f3 el rigor del lenguaje, la valoraci\u00f3n de la palabra, la indagaci\u00f3n psicol\u00f3g<\/p>\n","protected":false},"featured_media":2073,"template":"","meta":[],"product_brand":[194],"product_cat":[33],"product_tag":[],"class_list":{"0":"post-2072","1":"product","2":"type-product","3":"status-publish","4":"has-post-thumbnail","6":"product_brand-mario-delgado-aparain","7":"product_cat-cuentos","9":"first","10":"instock","11":"purchasable","12":"product-type-simple"},"featured_image_urls_v2":{"full":["https:\/\/ajupe.com.uy\/web\/wp-content\/uploads\/2016\/04\/p-2072-7427.jpg",200,319,false],"thumbnail":["https:\/\/ajupe.com.uy\/web\/wp-content\/uploads\/2016\/04\/p-2072-7427.jpg",150,150,true],"medium":["https:\/\/ajupe.com.uy\/web\/wp-content\/uploads\/2016\/04\/p-2072-7427.jpg",300,214,true],"medium_large":["https:\/\/ajupe.com.uy\/web\/wp-content\/uploads\/2016\/04\/p-2072-7427.jpg",200,319,false],"large":["https:\/\/ajupe.com.uy\/web\/wp-content\/uploads\/2016\/04\/p-2072-7427.jpg",200,319,false],"1536x1536":["https:\/\/ajupe.com.uy\/web\/wp-content\/uploads\/2016\/04\/p-2072-7427.jpg",200,319,false],"2048x2048":["https:\/\/ajupe.com.uy\/web\/wp-content\/uploads\/2016\/04\/p-2072-7427.jpg",200,319,false],"woocommerce_archive_thumbnail":["https:\/\/ajupe.com.uy\/web\/wp-content\/uploads\/2016\/04\/p-2072-7427.jpg",200,319,false],"woocommerce_thumbnail":["https:\/\/ajupe.com.uy\/web\/wp-content\/uploads\/2016\/04\/p-2072-7427-200x300.jpg",200,300,true],"woocommerce_single":["https:\/\/ajupe.com.uy\/web\/wp-content\/uploads\/2016\/04\/p-2072-7427.jpg",200,319,false],"woocommerce_gallery_thumbnail":["https:\/\/ajupe.com.uy\/web\/wp-content\/uploads\/2016\/04\/p-2072-7427-100x100.jpg",100,100,true]},"post_excerpt_stackable_v2":"<p>\u201cDelgado Apara\u00edn ha admitido que se siente tan distante de la narrativa urbana como de la nativista. Algo ha heredado sin embargo de una y otra. De los narradores ciudadanos asumi\u00f3 el rigor del lenguaje, la valoraci\u00f3n de la palabra, la indagaci\u00f3n psicol\u00f3g<\/p>\n","category_list_v2":"","author_info_v2":{"name":"","url":""},"comments_num_v2":"0 comentarios","_links":{"self":[{"href":"https:\/\/ajupe.com.uy\/web\/wp-json\/wp\/v2\/product\/2072","targetHints":{"allow":["GET"]}}],"collection":[{"href":"https:\/\/ajupe.com.uy\/web\/wp-json\/wp\/v2\/product"}],"about":[{"href":"https:\/\/ajupe.com.uy\/web\/wp-json\/wp\/v2\/types\/product"}],"wp:featuredmedia":[{"embeddable":true,"href":"https:\/\/ajupe.com.uy\/web\/wp-json\/wp\/v2\/media\/2073"}],"wp:attachment":[{"href":"https:\/\/ajupe.com.uy\/web\/wp-json\/wp\/v2\/media?parent=2072"}],"wp:term":[{"taxonomy":"product_brand","embeddable":true,"href":"https:\/\/ajupe.com.uy\/web\/wp-json\/wp\/v2\/product_brand?post=2072"},{"taxonomy":"product_cat","embeddable":true,"href":"https:\/\/ajupe.com.uy\/web\/wp-json\/wp\/v2\/product_cat?post=2072"},{"taxonomy":"product_tag","embeddable":true,"href":"https:\/\/ajupe.com.uy\/web\/wp-json\/wp\/v2\/product_tag?post=2072"}],"curies":[{"name":"wp","href":"https:\/\/api.w.org\/{rel}","templated":true}]}}