{"id":2074,"date":"2010-07-14T00:00:00","date_gmt":"2010-07-14T03:00:00","guid":{"rendered":"http:\/\/ajupe.com.uy\/web\/?post_type=product&#038;p=2074"},"modified":"2011-09-19T19:27:46","modified_gmt":"2011-09-19T22:27:46","slug":"cena-con-ana-karenina","status":"publish","type":"product","link":"https:\/\/ajupe.com.uy\/web\/biblioteca\/cena-con-ana-karenina\/","title":{"rendered":"Cena con Ana Karenina"},"content":{"rendered":"<p>Trish, Cynthia, Jen, Elizabeth, Donna y Rina son seis mujeres entre los treinta y los cuarenta a\u00f1os, de diferentes niveles socioecon\u00f3micos, con situaciones de vida muy diversas, que tienen en com\u00fan una gran pasi\u00f3n por la literatura. Peri\u00f3dicamente se re\u00fanen para cenar y hablar de un libro que han elegido. Cynthia es la admirada directora de marketing de unos elegantes grandes almacenes, esposa de un director de cine y madre de gemelas cuya vida es, aparentemente, perfecta. Todos se sorprenden cuando en la reuni\u00f3n mantenida en su casa para hablar acerca de Anna Karenina, anuncia que va a divorciarse y les pide que no le hagan preguntas. A partir de ese momento las mujeres se lanzan a hacer todo tipo de conjeturas, a la vez que reflexionan sobre su propia vida y sus relaciones. Las otras mujeres del grupo son Trish, una psiquiatra de \u00e9xito especializada en trastornos alimentarios, Donna, una atractiva nutricionista soltera que tiene dos amantes y que parece gozar de la vida a tope; Rina es una madre soltera que se siente muy sola desde que sus padres fallecieron en un accidente de tr\u00e1fico; finalmente completan el grupo Jen y Elizabeth, dos hermanas totalmente distintas. La primera es dise\u00f1adora gr\u00e1fica y la segunda madre de un ni\u00f1o autista, una mujer amargada, que aporta duros comentarios realistas en los debates sobre los libros le\u00eddos.<\/p>\n","protected":false},"excerpt":{"rendered":"<p>Trish, Cynthia, Jen, Elizabeth, Donna y Rina son seis mujeres entre los treinta y los cuarenta a\u00f1os, de diferentes niveles socioecon\u00f3micos, con situaciones de vida muy diversas, que tienen en com\u00fan una gran pasi\u00f3n por la literatura. Peri\u00f3dicamente se re\u00fan<\/p>\n","protected":false},"featured_media":2075,"template":"","meta":[],"product_brand":[954],"product_cat":[29],"product_tag":[],"class_list":{"0":"post-2074","1":"product","2":"type-product","3":"status-publish","4":"has-post-thumbnail","6":"product_brand-gloria-goldreich","7":"product_cat-novela","9":"first","10":"instock","11":"purchasable","12":"product-type-simple"},"featured_image_urls_v2":{"full":["https:\/\/ajupe.com.uy\/web\/wp-content\/uploads\/2016\/04\/p-2074-7428.jpg",175,268,false],"thumbnail":["https:\/\/ajupe.com.uy\/web\/wp-content\/uploads\/2016\/04\/p-2074-7428.jpg",150,150,true],"medium":["https:\/\/ajupe.com.uy\/web\/wp-content\/uploads\/2016\/04\/p-2074-7428.jpg",300,214,true],"medium_large":["https:\/\/ajupe.com.uy\/web\/wp-content\/uploads\/2016\/04\/p-2074-7428.jpg",175,268,false],"large":["https:\/\/ajupe.com.uy\/web\/wp-content\/uploads\/2016\/04\/p-2074-7428.jpg",175,268,false],"1536x1536":["https:\/\/ajupe.com.uy\/web\/wp-content\/uploads\/2016\/04\/p-2074-7428.jpg",175,268,false],"2048x2048":["https:\/\/ajupe.com.uy\/web\/wp-content\/uploads\/2016\/04\/p-2074-7428.jpg",175,268,false],"woocommerce_archive_thumbnail":["https:\/\/ajupe.com.uy\/web\/wp-content\/uploads\/2016\/04\/p-2074-7428.jpg",175,268,false],"woocommerce_thumbnail":["https:\/\/ajupe.com.uy\/web\/wp-content\/uploads\/2016\/04\/p-2074-7428.jpg",175,268,false],"woocommerce_single":["https:\/\/ajupe.com.uy\/web\/wp-content\/uploads\/2016\/04\/p-2074-7428.jpg",175,268,false],"woocommerce_gallery_thumbnail":["https:\/\/ajupe.com.uy\/web\/wp-content\/uploads\/2016\/04\/p-2074-7428-100x100.jpg",100,100,true]},"post_excerpt_stackable_v2":"<p>Trish, Cynthia, Jen, Elizabeth, Donna y Rina son seis mujeres entre los treinta y los cuarenta a\u00f1os, de diferentes niveles socioecon\u00f3micos, con situaciones de vida muy diversas, que tienen en com\u00fan una gran pasi\u00f3n por la literatura. Peri\u00f3dicamente se re\u00fan<\/p>\n","category_list_v2":"","author_info_v2":{"name":"","url":""},"comments_num_v2":"0 comentarios","_links":{"self":[{"href":"https:\/\/ajupe.com.uy\/web\/wp-json\/wp\/v2\/product\/2074","targetHints":{"allow":["GET"]}}],"collection":[{"href":"https:\/\/ajupe.com.uy\/web\/wp-json\/wp\/v2\/product"}],"about":[{"href":"https:\/\/ajupe.com.uy\/web\/wp-json\/wp\/v2\/types\/product"}],"wp:featuredmedia":[{"embeddable":true,"href":"https:\/\/ajupe.com.uy\/web\/wp-json\/wp\/v2\/media\/2075"}],"wp:attachment":[{"href":"https:\/\/ajupe.com.uy\/web\/wp-json\/wp\/v2\/media?parent=2074"}],"wp:term":[{"taxonomy":"product_brand","embeddable":true,"href":"https:\/\/ajupe.com.uy\/web\/wp-json\/wp\/v2\/product_brand?post=2074"},{"taxonomy":"product_cat","embeddable":true,"href":"https:\/\/ajupe.com.uy\/web\/wp-json\/wp\/v2\/product_cat?post=2074"},{"taxonomy":"product_tag","embeddable":true,"href":"https:\/\/ajupe.com.uy\/web\/wp-json\/wp\/v2\/product_tag?post=2074"}],"curies":[{"name":"wp","href":"https:\/\/api.w.org\/{rel}","templated":true}]}}