{"id":2078,"date":"2010-07-14T00:00:00","date_gmt":"2010-07-14T03:00:00","guid":{"rendered":"http:\/\/ajupe.com.uy\/web\/?post_type=product&#038;p=2078"},"modified":"2011-09-19T19:26:50","modified_gmt":"2011-09-19T22:26:50","slug":"meditacion","status":"publish","type":"product","link":"https:\/\/ajupe.com.uy\/web\/biblioteca\/meditacion\/","title":{"rendered":"Meditaci\u00f3n"},"content":{"rendered":"<p>La meditaci\u00f3n es una t\u00e9cnica que puede emplearse para experimentar la paz interior y que nos permite replantearnos nuestra visi\u00f3n sobre lo que nos rodea, incluso sobre nosotros mismos. Practicarla nos ayuda a confiar en nuestra capacidad para utilizar nuestras energ\u00edas para purificar el cuerpo y la mente, y nos ayuda a descubrir y desarrollar nuestra espiritualidad. Para ayudarnos en la pr\u00e1ctica de la meditaci\u00f3n, el doctor Brian Weiss ha escrito este libro. Meditaci\u00f3n incluye las t\u00e9cnicas que el doctor Weiss utiliza con sus pacientes para ayudarles a vencer el insomnio, la ansiedad, las fobias, problemas de peso y enfermedades. La meditaci\u00f3n tambi\u00e9n puede reducir la tensi\u00f3n arterial, reforzar el sistema inmunol\u00f3gico y reducir el estr\u00e9s. Este libro constituye el primer paso para conseguir que el viaje de la vida sea m\u00e1s relajado y lleno de paz.<\/p>\n","protected":false},"excerpt":{"rendered":"<p>La meditaci\u00f3n es una t\u00e9cnica que puede emplearse para experimentar la paz interior y que nos permite replantearnos nuestra visi\u00f3n sobre lo que nos rodea, incluso sobre nosotros mismos. Practicarla nos ayuda a confiar en nuestra capacidad para utilizar nue<\/p>\n","protected":false},"featured_media":2079,"template":"","meta":[],"product_brand":[458],"product_cat":[32],"product_tag":[],"class_list":{"0":"post-2078","1":"product","2":"type-product","3":"status-publish","4":"has-post-thumbnail","6":"product_brand-brian-weiss","7":"product_cat-autoayuda","9":"first","10":"instock","11":"purchasable","12":"product-type-simple"},"featured_image_urls_v2":{"full":["https:\/\/ajupe.com.uy\/web\/wp-content\/uploads\/2016\/04\/p-2078-7430.jpg",288,406,false],"thumbnail":["https:\/\/ajupe.com.uy\/web\/wp-content\/uploads\/2016\/04\/p-2078-7430.jpg",150,150,true],"medium":["https:\/\/ajupe.com.uy\/web\/wp-content\/uploads\/2016\/04\/p-2078-7430.jpg",300,214,true],"medium_large":["https:\/\/ajupe.com.uy\/web\/wp-content\/uploads\/2016\/04\/p-2078-7430.jpg",288,406,false],"large":["https:\/\/ajupe.com.uy\/web\/wp-content\/uploads\/2016\/04\/p-2078-7430.jpg",288,406,false],"1536x1536":["https:\/\/ajupe.com.uy\/web\/wp-content\/uploads\/2016\/04\/p-2078-7430.jpg",288,406,false],"2048x2048":["https:\/\/ajupe.com.uy\/web\/wp-content\/uploads\/2016\/04\/p-2078-7430.jpg",288,406,false],"woocommerce_archive_thumbnail":["https:\/\/ajupe.com.uy\/web\/wp-content\/uploads\/2016\/04\/p-2078-7430-288x400.jpg",288,400,true],"woocommerce_thumbnail":["https:\/\/ajupe.com.uy\/web\/wp-content\/uploads\/2016\/04\/p-2078-7430-288x300.jpg",288,300,true],"woocommerce_single":["https:\/\/ajupe.com.uy\/web\/wp-content\/uploads\/2016\/04\/p-2078-7430.jpg",288,406,false],"woocommerce_gallery_thumbnail":["https:\/\/ajupe.com.uy\/web\/wp-content\/uploads\/2016\/04\/p-2078-7430-100x100.jpg",100,100,true]},"post_excerpt_stackable_v2":"<p>La meditaci\u00f3n es una t\u00e9cnica que puede emplearse para experimentar la paz interior y que nos permite replantearnos nuestra visi\u00f3n sobre lo que nos rodea, incluso sobre nosotros mismos. Practicarla nos ayuda a confiar en nuestra capacidad para utilizar nue<\/p>\n","category_list_v2":"","author_info_v2":{"name":"","url":""},"comments_num_v2":"0 comentarios","_links":{"self":[{"href":"https:\/\/ajupe.com.uy\/web\/wp-json\/wp\/v2\/product\/2078","targetHints":{"allow":["GET"]}}],"collection":[{"href":"https:\/\/ajupe.com.uy\/web\/wp-json\/wp\/v2\/product"}],"about":[{"href":"https:\/\/ajupe.com.uy\/web\/wp-json\/wp\/v2\/types\/product"}],"wp:featuredmedia":[{"embeddable":true,"href":"https:\/\/ajupe.com.uy\/web\/wp-json\/wp\/v2\/media\/2079"}],"wp:attachment":[{"href":"https:\/\/ajupe.com.uy\/web\/wp-json\/wp\/v2\/media?parent=2078"}],"wp:term":[{"taxonomy":"product_brand","embeddable":true,"href":"https:\/\/ajupe.com.uy\/web\/wp-json\/wp\/v2\/product_brand?post=2078"},{"taxonomy":"product_cat","embeddable":true,"href":"https:\/\/ajupe.com.uy\/web\/wp-json\/wp\/v2\/product_cat?post=2078"},{"taxonomy":"product_tag","embeddable":true,"href":"https:\/\/ajupe.com.uy\/web\/wp-json\/wp\/v2\/product_tag?post=2078"}],"curies":[{"name":"wp","href":"https:\/\/api.w.org\/{rel}","templated":true}]}}