{"id":2080,"date":"2010-07-14T00:00:00","date_gmt":"2010-07-14T03:00:00","guid":{"rendered":"http:\/\/ajupe.com.uy\/web\/?post_type=product&#038;p=2080"},"modified":"2011-09-16T19:14:06","modified_gmt":"2011-09-16T22:14:06","slug":"el-pistolero","status":"publish","type":"product","link":"https:\/\/ajupe.com.uy\/web\/biblioteca\/el-pistolero\/","title":{"rendered":"El pistolero"},"content":{"rendered":"<p>El hombre de negro hu\u00eda a trav\u00e9s del desierto y el pistolero iba en pos de \u00e9l.\u00bb Estas palabras las escribi\u00f3 Stephen King en 1970, cinco a\u00f1os antes de la publicaci\u00f3n de su primera novela, y con ellas abri\u00f3 la puerta a un nuevo mundo que muchos lectores todav\u00eda no conocen bien. De esta forma se inici\u00f3 una fantas\u00eda \u00e9pica en siete tomos, siete tomos, La Torre Oscura, que ya se ha convertido en un cl\u00e1sico del g\u00e9nero. Stephen King tard\u00f3 treinta y tres a\u00f1os en terminar el ciclo. Ahora, por primera vez en castellano, ofrecemos la versi\u00f3n revisada de este primer volumen con una nueva introducci\u00f3n y un pr\u00f3logo del autor. En un mundo extra\u00f1amente parecido al nuestro RolandDeschain de Gilead persigue a su enemigo, el hombre de negro. Roland, solitario, quiz\u00e1 maldito, anda sin descanso a trav\u00e9s de un paisaje triste y abandonado. Conoce a Jake, un chico de Nueva York pero de otro tiempo, y ambos unen sus destinos. Ante ellos est\u00e1n las monta\u00f1as. Y mucho m\u00e1s all\u00e1, la Torre Oscura<\/p>\n","protected":false},"excerpt":{"rendered":"<p>El hombre de negro hu\u00eda a trav\u00e9s del desierto y el pistolero iba en pos de \u00e9l.\u00bb Estas palabras las escribi\u00f3 Stephen King en 1970, cinco a\u00f1os antes de la publicaci\u00f3n de su primera novela, y con ellas abri\u00f3 la puerta a un nuevo mundo que muchos lectores tod<\/p>\n","protected":false},"featured_media":2081,"template":"","meta":[],"product_brand":[115],"product_cat":[30],"product_tag":[],"class_list":{"0":"post-2080","1":"product","2":"type-product","3":"status-publish","4":"has-post-thumbnail","6":"product_brand-stephen-king","7":"product_cat-suspenso","9":"first","10":"instock","11":"purchasable","12":"product-type-simple"},"featured_image_urls_v2":{"full":["https:\/\/ajupe.com.uy\/web\/wp-content\/uploads\/2016\/04\/p-2080-7431.jpg",455,701,false],"thumbnail":["https:\/\/ajupe.com.uy\/web\/wp-content\/uploads\/2016\/04\/p-2080-7431.jpg",150,150,true],"medium":["https:\/\/ajupe.com.uy\/web\/wp-content\/uploads\/2016\/04\/p-2080-7431.jpg",300,214,true],"medium_large":["https:\/\/ajupe.com.uy\/web\/wp-content\/uploads\/2016\/04\/p-2080-7431.jpg",455,701,false],"large":["https:\/\/ajupe.com.uy\/web\/wp-content\/uploads\/2016\/04\/p-2080-7431.jpg",455,701,false],"1536x1536":["https:\/\/ajupe.com.uy\/web\/wp-content\/uploads\/2016\/04\/p-2080-7431.jpg",455,701,false],"2048x2048":["https:\/\/ajupe.com.uy\/web\/wp-content\/uploads\/2016\/04\/p-2080-7431.jpg",455,701,false],"woocommerce_archive_thumbnail":["https:\/\/ajupe.com.uy\/web\/wp-content\/uploads\/2016\/04\/p-2080-7431-300x450.jpg",300,450,true],"woocommerce_thumbnail":["https:\/\/ajupe.com.uy\/web\/wp-content\/uploads\/2016\/04\/p-2080-7431-300x300.jpg",300,300,true],"woocommerce_single":["https:\/\/ajupe.com.uy\/web\/wp-content\/uploads\/2016\/04\/p-2080-7431-300x462.jpg",300,462,true],"woocommerce_gallery_thumbnail":["https:\/\/ajupe.com.uy\/web\/wp-content\/uploads\/2016\/04\/p-2080-7431-100x100.jpg",100,100,true]},"post_excerpt_stackable_v2":"<p>El hombre de negro hu\u00eda a trav\u00e9s del desierto y el pistolero iba en pos de \u00e9l.\u00bb Estas palabras las escribi\u00f3 Stephen King en 1970, cinco a\u00f1os antes de la publicaci\u00f3n de su primera novela, y con ellas abri\u00f3 la puerta a un nuevo mundo que muchos lectores tod<\/p>\n","category_list_v2":"","author_info_v2":{"name":"","url":""},"comments_num_v2":"0 comentarios","_links":{"self":[{"href":"https:\/\/ajupe.com.uy\/web\/wp-json\/wp\/v2\/product\/2080","targetHints":{"allow":["GET"]}}],"collection":[{"href":"https:\/\/ajupe.com.uy\/web\/wp-json\/wp\/v2\/product"}],"about":[{"href":"https:\/\/ajupe.com.uy\/web\/wp-json\/wp\/v2\/types\/product"}],"wp:featuredmedia":[{"embeddable":true,"href":"https:\/\/ajupe.com.uy\/web\/wp-json\/wp\/v2\/media\/2081"}],"wp:attachment":[{"href":"https:\/\/ajupe.com.uy\/web\/wp-json\/wp\/v2\/media?parent=2080"}],"wp:term":[{"taxonomy":"product_brand","embeddable":true,"href":"https:\/\/ajupe.com.uy\/web\/wp-json\/wp\/v2\/product_brand?post=2080"},{"taxonomy":"product_cat","embeddable":true,"href":"https:\/\/ajupe.com.uy\/web\/wp-json\/wp\/v2\/product_cat?post=2080"},{"taxonomy":"product_tag","embeddable":true,"href":"https:\/\/ajupe.com.uy\/web\/wp-json\/wp\/v2\/product_tag?post=2080"}],"curies":[{"name":"wp","href":"https:\/\/api.w.org\/{rel}","templated":true}]}}