{"id":2082,"date":"2010-07-14T00:00:00","date_gmt":"2010-07-14T03:00:00","guid":{"rendered":"http:\/\/ajupe.com.uy\/web\/?post_type=product&#038;p=2082"},"modified":"2013-11-22T17:02:38","modified_gmt":"2013-11-22T20:02:38","slug":"mentes-en-blanco","status":"publish","type":"product","link":"https:\/\/ajupe.com.uy\/web\/biblioteca\/mentes-en-blanco\/","title":{"rendered":"Mentes en Blanco"},"content":{"rendered":"<p>Timothy descubre, a sus cuarenta y siete a\u00f1os, que el para\u00edso puede convertirse en infierno en unas horas. Su floreciente empresa se hunde por momentos, la ruina y la c\u00e1rcel amenazan en el horizonte&#8230; y su esposa Catherine desaparece v\u00edctima de un cruel destino. Descubre tambi\u00e9n que un hombre desesperado es capaz de recurrir a todo, incluso a las teor\u00edas m\u00e1s absurdas, con tal de recuperar a la persona amada. Su mente l\u00f3gica y fr\u00eda, acostumbrada a sobrevivir en la jungla de los negocios, apenas puede entender la magnitud de la apuesta que acaba de hacer, algo que desaf\u00eda a la raz\u00f3n. Ahora tiene de nuevo a Catherine a su lado, como nunca imagin\u00f3 que la tendr\u00eda&#8230; \u00bfo se trata tan s\u00f3lo de un terrible y sofisticado enga\u00f1o? Un potente thriller psicol\u00f3gico que lleva al lector de sorpresa en sorpresa, juega con los deseos oscuros e inconfesables de los hombres y demuestra que el peor de los enemigos puede ser uno mismo.<\/p>\n","protected":false},"excerpt":{"rendered":"<p>Timothy descubre, a sus cuarenta y siete a\u00f1os, que el para\u00edso puede convertirse en infierno en unas horas. Su floreciente empresa se hunde por momentos, la ruina y la c\u00e1rcel amenazan en el horizonte&#8230; y su esposa Catherine desaparece v\u00edctima de un cruel<\/p>\n","protected":false},"featured_media":2083,"template":"","meta":[],"product_brand":[811],"product_cat":[30],"product_tag":[],"class_list":{"0":"post-2082","1":"product","2":"type-product","3":"status-publish","4":"has-post-thumbnail","6":"product_brand-mercedes-salisachs","7":"product_cat-suspenso","9":"first","10":"instock","11":"purchasable","12":"product-type-simple"},"featured_image_urls_v2":{"full":["https:\/\/ajupe.com.uy\/web\/wp-content\/uploads\/2016\/04\/p-2082-7432.jpg",220,327,false],"thumbnail":["https:\/\/ajupe.com.uy\/web\/wp-content\/uploads\/2016\/04\/p-2082-7432.jpg",150,150,true],"medium":["https:\/\/ajupe.com.uy\/web\/wp-content\/uploads\/2016\/04\/p-2082-7432.jpg",300,214,true],"medium_large":["https:\/\/ajupe.com.uy\/web\/wp-content\/uploads\/2016\/04\/p-2082-7432.jpg",220,327,false],"large":["https:\/\/ajupe.com.uy\/web\/wp-content\/uploads\/2016\/04\/p-2082-7432.jpg",220,327,false],"1536x1536":["https:\/\/ajupe.com.uy\/web\/wp-content\/uploads\/2016\/04\/p-2082-7432.jpg",220,327,false],"2048x2048":["https:\/\/ajupe.com.uy\/web\/wp-content\/uploads\/2016\/04\/p-2082-7432.jpg",220,327,false],"woocommerce_archive_thumbnail":["https:\/\/ajupe.com.uy\/web\/wp-content\/uploads\/2016\/04\/p-2082-7432-220x300.jpg",220,300,true],"woocommerce_thumbnail":["https:\/\/ajupe.com.uy\/web\/wp-content\/uploads\/2016\/04\/p-2082-7432-220x300.jpg",220,300,true],"woocommerce_single":["https:\/\/ajupe.com.uy\/web\/wp-content\/uploads\/2016\/04\/p-2082-7432.jpg",220,327,false],"woocommerce_gallery_thumbnail":["https:\/\/ajupe.com.uy\/web\/wp-content\/uploads\/2016\/04\/p-2082-7432-100x100.jpg",100,100,true]},"post_excerpt_stackable_v2":"<p>Timothy descubre, a sus cuarenta y siete a\u00f1os, que el para\u00edso puede convertirse en infierno en unas horas. Su floreciente empresa se hunde por momentos, la ruina y la c\u00e1rcel amenazan en el horizonte&#8230; y su esposa Catherine desaparece v\u00edctima de un cruel<\/p>\n","category_list_v2":"","author_info_v2":{"name":"","url":""},"comments_num_v2":"0 comentarios","_links":{"self":[{"href":"https:\/\/ajupe.com.uy\/web\/wp-json\/wp\/v2\/product\/2082","targetHints":{"allow":["GET"]}}],"collection":[{"href":"https:\/\/ajupe.com.uy\/web\/wp-json\/wp\/v2\/product"}],"about":[{"href":"https:\/\/ajupe.com.uy\/web\/wp-json\/wp\/v2\/types\/product"}],"wp:featuredmedia":[{"embeddable":true,"href":"https:\/\/ajupe.com.uy\/web\/wp-json\/wp\/v2\/media\/2083"}],"wp:attachment":[{"href":"https:\/\/ajupe.com.uy\/web\/wp-json\/wp\/v2\/media?parent=2082"}],"wp:term":[{"taxonomy":"product_brand","embeddable":true,"href":"https:\/\/ajupe.com.uy\/web\/wp-json\/wp\/v2\/product_brand?post=2082"},{"taxonomy":"product_cat","embeddable":true,"href":"https:\/\/ajupe.com.uy\/web\/wp-json\/wp\/v2\/product_cat?post=2082"},{"taxonomy":"product_tag","embeddable":true,"href":"https:\/\/ajupe.com.uy\/web\/wp-json\/wp\/v2\/product_tag?post=2082"}],"curies":[{"name":"wp","href":"https:\/\/api.w.org\/{rel}","templated":true}]}}