{"id":2088,"date":"2010-07-14T00:00:00","date_gmt":"2010-07-14T03:00:00","guid":{"rendered":"http:\/\/ajupe.com.uy\/web\/?post_type=product&#038;p=2088"},"modified":"2010-07-14T00:00:00","modified_gmt":"2010-07-14T03:00:00","slug":"maridos","status":"publish","type":"product","link":"https:\/\/ajupe.com.uy\/web\/biblioteca\/maridos\/","title":{"rendered":"Maridos"},"content":{"rendered":"<p>\u201cMaridos\u201d es la pareja literaria de \u201cMujeres de ojos grandes\u201d, obra que ha seducido a quienes est\u00e1n en la b\u00fasqueda de lo sorprendente como un modo de vida cotidiana. Con \u201cMaridos\u201d, AngelesMastretta vuelve a dar una prueba de lo que pueden conseguir, como pareja, la alegr\u00eda infalible de su cabeza y el mundo iluminado de su escritura.Despu\u00e9s de a\u00f1os sin verse, y mientras juegan una partida de ajedrez, Julia Corzas desgrana relatos ante su tercer marido, que se abandona a la calidez de su voz y sue\u00f1a con que alguna vez ella escriba la historia de amor que han vivido.De su imaginaci\u00f3n nacen maridos infieles que no se cansan de traicionar, eternas enamoradas que siempre perdonan, viudas que a\u00fan fantasean con ser felices, amigas que se asombran ante las vueltas de la vida, novios que van y vienen sin despedirse del todo y esposos que a\u00fan logran sorprender. Todos se dan cita en \u201cMaridos\u201d, en la que Mastretta aborda, nuevamente sus temas preferidos: el amor y el dif\u00edcil arte de la convivencia.<\/p>\n","protected":false},"excerpt":{"rendered":"<p>\u201cMaridos\u201d es la pareja literaria de \u201cMujeres de ojos grandes\u201d, obra que ha seducido a quienes est\u00e1n en la b\u00fasqueda de lo sorprendente como un modo de vida cotidiana. Con \u201cMaridos\u201d, AngelesMastretta vuelve a dar una prueba de lo que pueden conseguir, como <\/p>\n","protected":false},"featured_media":2089,"template":"","meta":[],"product_brand":[179],"product_cat":[29],"product_tag":[],"class_list":{"0":"post-2088","1":"product","2":"type-product","3":"status-publish","4":"has-post-thumbnail","6":"product_brand-ngeles-mastretta","7":"product_cat-novela","9":"first","10":"instock","11":"purchasable","12":"product-type-simple"},"featured_image_urls_v2":{"full":["https:\/\/ajupe.com.uy\/web\/wp-content\/uploads\/2016\/04\/p-2088-7435.jpg",423,718,false],"thumbnail":["https:\/\/ajupe.com.uy\/web\/wp-content\/uploads\/2016\/04\/p-2088-7435.jpg",150,150,true],"medium":["https:\/\/ajupe.com.uy\/web\/wp-content\/uploads\/2016\/04\/p-2088-7435.jpg",300,214,true],"medium_large":["https:\/\/ajupe.com.uy\/web\/wp-content\/uploads\/2016\/04\/p-2088-7435.jpg",423,718,false],"large":["https:\/\/ajupe.com.uy\/web\/wp-content\/uploads\/2016\/04\/p-2088-7435.jpg",423,718,false],"1536x1536":["https:\/\/ajupe.com.uy\/web\/wp-content\/uploads\/2016\/04\/p-2088-7435.jpg",423,718,false],"2048x2048":["https:\/\/ajupe.com.uy\/web\/wp-content\/uploads\/2016\/04\/p-2088-7435.jpg",423,718,false],"woocommerce_archive_thumbnail":["https:\/\/ajupe.com.uy\/web\/wp-content\/uploads\/2016\/04\/p-2088-7435-300x450.jpg",300,450,true],"woocommerce_thumbnail":["https:\/\/ajupe.com.uy\/web\/wp-content\/uploads\/2016\/04\/p-2088-7435-300x300.jpg",300,300,true],"woocommerce_single":["https:\/\/ajupe.com.uy\/web\/wp-content\/uploads\/2016\/04\/p-2088-7435-300x509.jpg",300,509,true],"woocommerce_gallery_thumbnail":["https:\/\/ajupe.com.uy\/web\/wp-content\/uploads\/2016\/04\/p-2088-7435-100x100.jpg",100,100,true]},"post_excerpt_stackable_v2":"<p>\u201cMaridos\u201d es la pareja literaria de \u201cMujeres de ojos grandes\u201d, obra que ha seducido a quienes est\u00e1n en la b\u00fasqueda de lo sorprendente como un modo de vida cotidiana. Con \u201cMaridos\u201d, AngelesMastretta vuelve a dar una prueba de lo que pueden conseguir, como <\/p>\n","category_list_v2":"","author_info_v2":{"name":"","url":""},"comments_num_v2":"0 comentarios","_links":{"self":[{"href":"https:\/\/ajupe.com.uy\/web\/wp-json\/wp\/v2\/product\/2088","targetHints":{"allow":["GET"]}}],"collection":[{"href":"https:\/\/ajupe.com.uy\/web\/wp-json\/wp\/v2\/product"}],"about":[{"href":"https:\/\/ajupe.com.uy\/web\/wp-json\/wp\/v2\/types\/product"}],"wp:featuredmedia":[{"embeddable":true,"href":"https:\/\/ajupe.com.uy\/web\/wp-json\/wp\/v2\/media\/2089"}],"wp:attachment":[{"href":"https:\/\/ajupe.com.uy\/web\/wp-json\/wp\/v2\/media?parent=2088"}],"wp:term":[{"taxonomy":"product_brand","embeddable":true,"href":"https:\/\/ajupe.com.uy\/web\/wp-json\/wp\/v2\/product_brand?post=2088"},{"taxonomy":"product_cat","embeddable":true,"href":"https:\/\/ajupe.com.uy\/web\/wp-json\/wp\/v2\/product_cat?post=2088"},{"taxonomy":"product_tag","embeddable":true,"href":"https:\/\/ajupe.com.uy\/web\/wp-json\/wp\/v2\/product_tag?post=2088"}],"curies":[{"name":"wp","href":"https:\/\/api.w.org\/{rel}","templated":true}]}}